{"id":9926,"date":"2024-03-06T09:32:50","date_gmt":"2024-03-06T08:32:50","guid":{"rendered":"https:\/\/fundacjaprzyjdz.pl\/sklep\/?post_type=product&#038;p=9926"},"modified":"2025-05-27T10:19:27","modified_gmt":"2025-05-27T08:19:27","slug":"obrazek-drewniany-klacz-krakowska","status":"publish","type":"product","link":"https:\/\/fundacjaprzyjdz.pl\/sklep\/produkt\/obrazek-drewniany-klacz-krakowska\/","title":{"rendered":"Obrazek drewniany Klacz Krakowska"},"content":{"rendered":"<p>Replika obrazu artystki krakowskiej przedstawia modn\u0105 klacz w wianku. Produkt do zawieszenia lub postawienia na do\u0142\u0105czonej sztaludze.<\/p>\n<p>Pi\u0119knie udekorowane doro\u017cki zaprz\u0119\u017cone w konie to jeden z symboli krakowskiego Rynku. Przewo\u017c\u0105 turyst\u00f3w, dodaj\u0105c uroku Staremu Miastu.<\/p>\n<p>Wymiary:<\/p>\n<ul>\n<li>wymiary: 12 x 9 cm<\/li>\n<li>grubo\u015b\u0107 materia\u0142u: 4 mm<\/li>\n<\/ul>\n","protected":false},"excerpt":{"rendered":"<p>Replika obrazu artystki krakowskiej przedstawia modn\u0105 klacz w wianku. Produkt do zawieszenia lub postawienia na do\u0142\u0105czonej sztaludze. Pi\u0119knie udekorowane doro\u017cki<\/p>\n","protected":false},"featured_media":9917,"comment_status":"open","ping_status":"closed","template":"","meta":[],"product_brand":[],"product_cat":[206,198],"product_tag":[],"class_list":{"0":"post-9926","1":"product","2":"type-product","3":"status-publish","4":"has-post-thumbnail","6":"product_cat-obrazki-krakowskie","7":"product_cat-pamiatki-z-krakowa","9":"first","10":"instock","11":"shipping-taxable","12":"purchasable","13":"product-type-simple"},"yoast_head":"<!-- This site is optimized with the Yoast SEO Premium plugin v19.0.1 (Yoast SEO v27.2) - https:\/\/yoast.com\/product\/yoast-seo-premium-wordpress\/ -->\n<title>Obrazek drewniany Klacz Krakowska - Sklep Fundacji Przyjd\u017a<\/title>\n<meta name=\"description\" content=\"Obraz\u00a0 przedstawia ukrzy\u017cowanego Jezusa w koronie cierniowej. Produkt do zawieszenia lub postawienia.\" \/>\n<meta name=\"robots\" content=\"index, follow, max-snippet:-1, max-image-preview:large, max-video-preview:-1\" \/>\n<link rel=\"canonical\" href=\"https:\/\/fundacjaprzyjdz.pl\/sklep\/produkt\/obrazek-drewniany-klacz-krakowska\/\" \/>\n<meta property=\"og:locale\" content=\"pl_PL\" \/>\n<meta property=\"og:type\" content=\"article\" \/>\n<meta property=\"og:title\" content=\"Obrazek drewniany Klacz Krakowska\" \/>\n<meta property=\"og:description\" content=\"Obraz\u00a0 przedstawia ukrzy\u017cowanego Jezusa w koronie cierniowej. Produkt do zawieszenia lub postawienia.\" \/>\n<meta property=\"og:url\" content=\"https:\/\/fundacjaprzyjdz.pl\/sklep\/produkt\/obrazek-drewniany-klacz-krakowska\/\" \/>\n<meta property=\"og:site_name\" content=\"Sklep Fundacji Przyjd\u017a\" \/>\n<meta property=\"article:publisher\" content=\"https:\/\/www.facebook.com\/fundacjaprzyjdz\/\" \/>\n<meta property=\"article:modified_time\" content=\"2025-05-27T08:19:27+00:00\" \/>\n<meta property=\"og:image\" content=\"https:\/\/fundacjaprzyjdz.pl\/sklep\/wp-content\/uploads\/2024\/03\/klacz01.jpg\" \/>\n\t<meta property=\"og:image:width\" content=\"800\" \/>\n\t<meta property=\"og:image:height\" content=\"800\" \/>\n\t<meta property=\"og:image:type\" content=\"image\/jpeg\" \/>\n<meta name=\"twitter:card\" content=\"summary_large_image\" \/>\n<meta name=\"twitter:label1\" content=\"Cena\" \/>\n\t<meta name=\"twitter:data1\" content=\"15,00&nbsp;&#122;&#322;\" \/>\n\t<meta name=\"twitter:label2\" content=\"Availability\" \/>\n\t<meta name=\"twitter:data2\" content=\"In stock\" \/>\n<script type=\"application\/ld+json\" class=\"yoast-schema-graph\">{\"@context\":\"https:\/\/schema.org\",\"@graph\":[{\"@type\":\"WebPage\",\"@id\":\"https:\/\/fundacjaprzyjdz.pl\/sklep\/produkt\/obrazek-drewniany-klacz-krakowska\/\",\"url\":\"https:\/\/fundacjaprzyjdz.pl\/sklep\/produkt\/obrazek-drewniany-klacz-krakowska\/\",\"name\":\"Obrazek drewniany Klacz Krakowska - Sklep Fundacji Przyjd\u017a\",\"isPartOf\":{\"@id\":\"https:\/\/fundacjaprzyjdz.pl\/sklep\/#website\"},\"primaryImageOfPage\":{\"@id\":\"https:\/\/fundacjaprzyjdz.pl\/sklep\/produkt\/obrazek-drewniany-klacz-krakowska\/#primaryimage\"},\"image\":{\"@id\":\"https:\/\/fundacjaprzyjdz.pl\/sklep\/produkt\/obrazek-drewniany-klacz-krakowska\/#primaryimage\"},\"thumbnailUrl\":\"https:\/\/fundacjaprzyjdz.pl\/sklep\/wp-content\/uploads\/2024\/03\/klacz01.jpg\",\"datePublished\":\"2024-03-06T08:32:50+00:00\",\"dateModified\":\"2025-05-27T08:19:27+00:00\",\"description\":\"Obraz\u00a0 przedstawia ukrzy\u017cowanego Jezusa w koronie cierniowej. Produkt do zawieszenia lub postawienia.\",\"breadcrumb\":{\"@id\":\"https:\/\/fundacjaprzyjdz.pl\/sklep\/produkt\/obrazek-drewniany-klacz-krakowska\/#breadcrumb\"},\"inLanguage\":\"pl-PL\",\"potentialAction\":[{\"@type\":\"ReadAction\",\"target\":[\"https:\/\/fundacjaprzyjdz.pl\/sklep\/produkt\/obrazek-drewniany-klacz-krakowska\/\"]}]},{\"@type\":\"ImageObject\",\"inLanguage\":\"pl-PL\",\"@id\":\"https:\/\/fundacjaprzyjdz.pl\/sklep\/produkt\/obrazek-drewniany-klacz-krakowska\/#primaryimage\",\"url\":\"https:\/\/fundacjaprzyjdz.pl\/sklep\/wp-content\/uploads\/2024\/03\/klacz01.jpg\",\"contentUrl\":\"https:\/\/fundacjaprzyjdz.pl\/sklep\/wp-content\/uploads\/2024\/03\/klacz01.jpg\",\"width\":800,\"height\":800,\"caption\":\"klacz01\"},{\"@type\":\"BreadcrumbList\",\"@id\":\"https:\/\/fundacjaprzyjdz.pl\/sklep\/produkt\/obrazek-drewniany-klacz-krakowska\/#breadcrumb\",\"itemListElement\":[{\"@type\":\"ListItem\",\"position\":1,\"name\":\"Strona g\u0142\u00f3wna\",\"item\":\"https:\/\/fundacjaprzyjdz.pl\/sklep\/\"},{\"@type\":\"ListItem\",\"position\":2,\"name\":\"Wszystkie produkty\",\"item\":\"https:\/\/fundacjaprzyjdz.pl\/sklep\/wszystkie-produkty\/\"},{\"@type\":\"ListItem\",\"position\":3,\"name\":\"Obrazek drewniany Klacz Krakowska\"}]},{\"@type\":\"WebSite\",\"@id\":\"https:\/\/fundacjaprzyjdz.pl\/sklep\/#website\",\"url\":\"https:\/\/fundacjaprzyjdz.pl\/sklep\/\",\"name\":\"Sklep Fundacji Przyjd\u017a\",\"description\":\"Ozdoby z drewna i nie tylko\",\"publisher\":{\"@id\":\"https:\/\/fundacjaprzyjdz.pl\/sklep\/#organization\"},\"potentialAction\":[{\"@type\":\"SearchAction\",\"target\":{\"@type\":\"EntryPoint\",\"urlTemplate\":\"https:\/\/fundacjaprzyjdz.pl\/sklep\/?s={search_term_string}\"},\"query-input\":{\"@type\":\"PropertyValueSpecification\",\"valueRequired\":true,\"valueName\":\"search_term_string\"}}],\"inLanguage\":\"pl-PL\"},{\"@type\":\"Organization\",\"@id\":\"https:\/\/fundacjaprzyjdz.pl\/sklep\/#organization\",\"name\":\"Sklep Fundacji \\\"Przyjd\u017a\\\"\",\"url\":\"https:\/\/fundacjaprzyjdz.pl\/sklep\/\",\"logo\":{\"@type\":\"ImageObject\",\"inLanguage\":\"pl-PL\",\"@id\":\"https:\/\/fundacjaprzyjdz.pl\/sklep\/#\/schema\/logo\/image\/\",\"url\":\"https:\/\/fundacjaprzyjdz.pl\/sklep\/wp-content\/uploads\/2021\/12\/FavIco.jpg\",\"contentUrl\":\"https:\/\/fundacjaprzyjdz.pl\/sklep\/wp-content\/uploads\/2021\/12\/FavIco.jpg\",\"width\":512,\"height\":512,\"caption\":\"Sklep Fundacji \\\"Przyjd\u017a\\\"\"},\"image\":{\"@id\":\"https:\/\/fundacjaprzyjdz.pl\/sklep\/#\/schema\/logo\/image\/\"},\"sameAs\":[\"https:\/\/www.facebook.com\/fundacjaprzyjdz\/\",\"https:\/\/www.instagram.com\/fundacja.przyjdz\/\"]}]}<\/script>\n<meta property=\"product:price:amount\" content=\"15.00\" \/>\n<meta property=\"product:price:currency\" content=\"PLN\" \/>\n<meta property=\"og:availability\" content=\"instock\" \/>\n<meta property=\"product:availability\" content=\"instock\" \/>\n<meta property=\"product:condition\" content=\"new\" \/>\n<!-- \/ Yoast SEO Premium plugin. -->","yoast_head_json":{"title":"Obrazek drewniany Klacz Krakowska - Sklep Fundacji Przyjd\u017a","description":"Obraz\u00a0 przedstawia ukrzy\u017cowanego Jezusa w koronie cierniowej. Produkt do zawieszenia lub postawienia.","robots":{"index":"index","follow":"follow","max-snippet":"max-snippet:-1","max-image-preview":"max-image-preview:large","max-video-preview":"max-video-preview:-1"},"canonical":"https:\/\/fundacjaprzyjdz.pl\/sklep\/produkt\/obrazek-drewniany-klacz-krakowska\/","og_locale":"pl_PL","og_type":"article","og_title":"Obrazek drewniany Klacz Krakowska","og_description":"Obraz\u00a0 przedstawia ukrzy\u017cowanego Jezusa w koronie cierniowej. Produkt do zawieszenia lub postawienia.","og_url":"https:\/\/fundacjaprzyjdz.pl\/sklep\/produkt\/obrazek-drewniany-klacz-krakowska\/","og_site_name":"Sklep Fundacji Przyjd\u017a","article_publisher":"https:\/\/www.facebook.com\/fundacjaprzyjdz\/","article_modified_time":"2025-05-27T08:19:27+00:00","og_image":[{"width":800,"height":800,"url":"https:\/\/fundacjaprzyjdz.pl\/sklep\/wp-content\/uploads\/2024\/03\/klacz01.jpg","type":"image\/jpeg"}],"twitter_card":"summary_large_image","twitter_misc":{"Cena":"15,00&nbsp;&#122;&#322;","Availability":"In stock"},"schema":{"@context":"https:\/\/schema.org","@graph":[{"@type":"WebPage","@id":"https:\/\/fundacjaprzyjdz.pl\/sklep\/produkt\/obrazek-drewniany-klacz-krakowska\/","url":"https:\/\/fundacjaprzyjdz.pl\/sklep\/produkt\/obrazek-drewniany-klacz-krakowska\/","name":"Obrazek drewniany Klacz Krakowska - Sklep Fundacji Przyjd\u017a","isPartOf":{"@id":"https:\/\/fundacjaprzyjdz.pl\/sklep\/#website"},"primaryImageOfPage":{"@id":"https:\/\/fundacjaprzyjdz.pl\/sklep\/produkt\/obrazek-drewniany-klacz-krakowska\/#primaryimage"},"image":{"@id":"https:\/\/fundacjaprzyjdz.pl\/sklep\/produkt\/obrazek-drewniany-klacz-krakowska\/#primaryimage"},"thumbnailUrl":"https:\/\/fundacjaprzyjdz.pl\/sklep\/wp-content\/uploads\/2024\/03\/klacz01.jpg","datePublished":"2024-03-06T08:32:50+00:00","dateModified":"2025-05-27T08:19:27+00:00","description":"Obraz\u00a0 przedstawia ukrzy\u017cowanego Jezusa w koronie cierniowej. Produkt do zawieszenia lub postawienia.","breadcrumb":{"@id":"https:\/\/fundacjaprzyjdz.pl\/sklep\/produkt\/obrazek-drewniany-klacz-krakowska\/#breadcrumb"},"inLanguage":"pl-PL","potentialAction":[{"@type":"ReadAction","target":["https:\/\/fundacjaprzyjdz.pl\/sklep\/produkt\/obrazek-drewniany-klacz-krakowska\/"]}]},{"@type":"ImageObject","inLanguage":"pl-PL","@id":"https:\/\/fundacjaprzyjdz.pl\/sklep\/produkt\/obrazek-drewniany-klacz-krakowska\/#primaryimage","url":"https:\/\/fundacjaprzyjdz.pl\/sklep\/wp-content\/uploads\/2024\/03\/klacz01.jpg","contentUrl":"https:\/\/fundacjaprzyjdz.pl\/sklep\/wp-content\/uploads\/2024\/03\/klacz01.jpg","width":800,"height":800,"caption":"klacz01"},{"@type":"BreadcrumbList","@id":"https:\/\/fundacjaprzyjdz.pl\/sklep\/produkt\/obrazek-drewniany-klacz-krakowska\/#breadcrumb","itemListElement":[{"@type":"ListItem","position":1,"name":"Strona g\u0142\u00f3wna","item":"https:\/\/fundacjaprzyjdz.pl\/sklep\/"},{"@type":"ListItem","position":2,"name":"Wszystkie produkty","item":"https:\/\/fundacjaprzyjdz.pl\/sklep\/wszystkie-produkty\/"},{"@type":"ListItem","position":3,"name":"Obrazek drewniany Klacz Krakowska"}]},{"@type":"WebSite","@id":"https:\/\/fundacjaprzyjdz.pl\/sklep\/#website","url":"https:\/\/fundacjaprzyjdz.pl\/sklep\/","name":"Sklep Fundacji Przyjd\u017a","description":"Ozdoby z drewna i nie tylko","publisher":{"@id":"https:\/\/fundacjaprzyjdz.pl\/sklep\/#organization"},"potentialAction":[{"@type":"SearchAction","target":{"@type":"EntryPoint","urlTemplate":"https:\/\/fundacjaprzyjdz.pl\/sklep\/?s={search_term_string}"},"query-input":{"@type":"PropertyValueSpecification","valueRequired":true,"valueName":"search_term_string"}}],"inLanguage":"pl-PL"},{"@type":"Organization","@id":"https:\/\/fundacjaprzyjdz.pl\/sklep\/#organization","name":"Sklep Fundacji \"Przyjd\u017a\"","url":"https:\/\/fundacjaprzyjdz.pl\/sklep\/","logo":{"@type":"ImageObject","inLanguage":"pl-PL","@id":"https:\/\/fundacjaprzyjdz.pl\/sklep\/#\/schema\/logo\/image\/","url":"https:\/\/fundacjaprzyjdz.pl\/sklep\/wp-content\/uploads\/2021\/12\/FavIco.jpg","contentUrl":"https:\/\/fundacjaprzyjdz.pl\/sklep\/wp-content\/uploads\/2021\/12\/FavIco.jpg","width":512,"height":512,"caption":"Sklep Fundacji \"Przyjd\u017a\""},"image":{"@id":"https:\/\/fundacjaprzyjdz.pl\/sklep\/#\/schema\/logo\/image\/"},"sameAs":["https:\/\/www.facebook.com\/fundacjaprzyjdz\/","https:\/\/www.instagram.com\/fundacja.przyjdz\/"]}]},"product_price_amount":"15.00","product_price_currency":"PLN","og_availability":"instock","product_availability":"instock","product_condition":"new"},"_links":{"self":[{"href":"https:\/\/fundacjaprzyjdz.pl\/sklep\/wp-json\/wp\/v2\/product\/9926","targetHints":{"allow":["GET"]}}],"collection":[{"href":"https:\/\/fundacjaprzyjdz.pl\/sklep\/wp-json\/wp\/v2\/product"}],"about":[{"href":"https:\/\/fundacjaprzyjdz.pl\/sklep\/wp-json\/wp\/v2\/types\/product"}],"replies":[{"embeddable":true,"href":"https:\/\/fundacjaprzyjdz.pl\/sklep\/wp-json\/wp\/v2\/comments?post=9926"}],"wp:featuredmedia":[{"embeddable":true,"href":"https:\/\/fundacjaprzyjdz.pl\/sklep\/wp-json\/wp\/v2\/media\/9917"}],"wp:attachment":[{"href":"https:\/\/fundacjaprzyjdz.pl\/sklep\/wp-json\/wp\/v2\/media?parent=9926"}],"wp:term":[{"taxonomy":"product_brand","embeddable":true,"href":"https:\/\/fundacjaprzyjdz.pl\/sklep\/wp-json\/wp\/v2\/product_brand?post=9926"},{"taxonomy":"product_cat","embeddable":true,"href":"https:\/\/fundacjaprzyjdz.pl\/sklep\/wp-json\/wp\/v2\/product_cat?post=9926"},{"taxonomy":"product_tag","embeddable":true,"href":"https:\/\/fundacjaprzyjdz.pl\/sklep\/wp-json\/wp\/v2\/product_tag?post=9926"}],"curies":[{"name":"wp","href":"https:\/\/api.w.org\/{rel}","templated":true}]}}