{"id":9488,"date":"2022-12-05T15:00:18","date_gmt":"2022-12-05T14:00:18","guid":{"rendered":"https:\/\/fundacjaprzyjdz.pl\/sklep\/?post_type=product&#038;p=9488"},"modified":"2025-10-07T12:05:05","modified_gmt":"2025-10-07T10:05:05","slug":"szopka-bozonarodzeniowa-do-samodzielnego-zlozenia","status":"publish","type":"product","link":"https:\/\/fundacjaprzyjdz.pl\/sklep\/produkt\/szopka-bozonarodzeniowa-do-samodzielnego-zlozenia\/","title":{"rendered":"Szopka Bo\u017conarodzeniowa do samodzielnego z\u0142o\u017cenia"},"content":{"rendered":"<p>Idealny prezent pod choink\u0119, do samodzielnego z\u0142o\u017cenia. Mo\u017cliwo\u015b\u0107 pomalowania element\u00f3w wed\u0142ug w\u0142asnego gustu, b\u0105d\u017a pozostawienia w stanie surowym, i b\u0119dzie r\u00f3wnie elegancko zdobi\u0142a \u015bwi\u0105teczny st\u00f3\u0142, czy prezentowa\u0142a si\u0119 pod choink\u0105. Mo\u017cna r\u00f3wnie\u017c szopk\u0119 przyozdobi\u0107 \u015bwiate\u0142kami, siankiem, sztucznym \u015bniegiem itp. Szopka zawiera 17 element\u00f3w.<\/p>\n<p>Wymiary 25 x 18 x 11 cm<\/p>\n<p><a class=\"wizu-link\" href=\"https:\/\/fundacjaprzyjdz.pl\/3D\/szopka3D.html\" target=\"_blank\" rel=\"noopener\">Wizualizacja 3D<\/a><\/p>\n","protected":false},"excerpt":{"rendered":"<p>Idealny prezent pod choink\u0119, do samodzielnego z\u0142o\u017cenia. Mo\u017cliwo\u015b\u0107 pomalowania element\u00f3w wed\u0142ug w\u0142asnego gustu, b\u0105d\u017a pozostawienia w stanie surowym, i b\u0119dzie<\/p>\n","protected":false},"featured_media":9489,"comment_status":"open","ping_status":"closed","template":"","meta":[],"product_brand":[],"product_cat":[74,79,66],"product_tag":[196],"class_list":{"0":"post-9488","1":"product","2":"type-product","3":"status-publish","4":"has-post-thumbnail","6":"product_cat-boze-narodzenie","7":"product_cat-dekoracyjne","8":"product_cat-prezenty","9":"product_tag-szopka","11":"first","12":"instock","13":"featured","14":"shipping-taxable","15":"purchasable","16":"product-type-simple"},"yoast_head":"<!-- This site is optimized with the Yoast SEO Premium plugin v19.0.1 (Yoast SEO v27.2) - https:\/\/yoast.com\/product\/yoast-seo-premium-wordpress\/ -->\n<title>Szopka Bo\u017conarodzeniowa do samodzielnego z\u0142o\u017cenia - Sklep Fundacji Przyjd\u017a<\/title>\n<meta name=\"robots\" content=\"index, follow, max-snippet:-1, max-image-preview:large, max-video-preview:-1\" \/>\n<link rel=\"canonical\" href=\"https:\/\/fundacjaprzyjdz.pl\/sklep\/produkt\/szopka-bozonarodzeniowa-do-samodzielnego-zlozenia\/\" \/>\n<meta property=\"og:locale\" content=\"pl_PL\" \/>\n<meta property=\"og:type\" content=\"article\" \/>\n<meta property=\"og:title\" content=\"Szopka Bo\u017conarodzeniowa do samodzielnego z\u0142o\u017cenia\" \/>\n<meta property=\"og:description\" content=\"Idealny prezent pod choink\u0119, do samodzielnego z\u0142o\u017cenia. Mo\u017cliwo\u015b\u0107 pomalowania element\u00f3w wed\u0142ug w\u0142asnego gustu, b\u0105d\u017a pozostawienia w stanie surowym, i b\u0119dzie\" \/>\n<meta property=\"og:url\" content=\"https:\/\/fundacjaprzyjdz.pl\/sklep\/produkt\/szopka-bozonarodzeniowa-do-samodzielnego-zlozenia\/\" \/>\n<meta property=\"og:site_name\" content=\"Sklep Fundacji Przyjd\u017a\" \/>\n<meta property=\"article:publisher\" content=\"https:\/\/www.facebook.com\/fundacjaprzyjdz\/\" \/>\n<meta property=\"article:modified_time\" content=\"2025-10-07T10:05:05+00:00\" \/>\n<meta property=\"og:image\" content=\"https:\/\/fundacjaprzyjdz.pl\/sklep\/wp-content\/uploads\/2022\/12\/szopka.jpg\" \/>\n\t<meta property=\"og:image:width\" content=\"800\" \/>\n\t<meta property=\"og:image:height\" content=\"800\" \/>\n\t<meta property=\"og:image:type\" content=\"image\/jpeg\" \/>\n<meta name=\"twitter:card\" content=\"summary_large_image\" \/>\n<meta name=\"twitter:label1\" content=\"Cena\" \/>\n\t<meta name=\"twitter:data1\" content=\"50,00&nbsp;&#122;&#322;\" \/>\n\t<meta name=\"twitter:label2\" content=\"Availability\" \/>\n\t<meta name=\"twitter:data2\" content=\"In stock\" \/>\n<script type=\"application\/ld+json\" class=\"yoast-schema-graph\">{\"@context\":\"https:\/\/schema.org\",\"@graph\":[{\"@type\":\"WebPage\",\"@id\":\"https:\/\/fundacjaprzyjdz.pl\/sklep\/produkt\/szopka-bozonarodzeniowa-do-samodzielnego-zlozenia\/\",\"url\":\"https:\/\/fundacjaprzyjdz.pl\/sklep\/produkt\/szopka-bozonarodzeniowa-do-samodzielnego-zlozenia\/\",\"name\":\"Szopka Bo\u017conarodzeniowa do samodzielnego z\u0142o\u017cenia - Sklep Fundacji Przyjd\u017a\",\"isPartOf\":{\"@id\":\"https:\/\/fundacjaprzyjdz.pl\/sklep\/#website\"},\"primaryImageOfPage\":{\"@id\":\"https:\/\/fundacjaprzyjdz.pl\/sklep\/produkt\/szopka-bozonarodzeniowa-do-samodzielnego-zlozenia\/#primaryimage\"},\"image\":{\"@id\":\"https:\/\/fundacjaprzyjdz.pl\/sklep\/produkt\/szopka-bozonarodzeniowa-do-samodzielnego-zlozenia\/#primaryimage\"},\"thumbnailUrl\":\"https:\/\/fundacjaprzyjdz.pl\/sklep\/wp-content\/uploads\/2022\/12\/szopka.jpg\",\"datePublished\":\"2022-12-05T14:00:18+00:00\",\"dateModified\":\"2025-10-07T10:05:05+00:00\",\"breadcrumb\":{\"@id\":\"https:\/\/fundacjaprzyjdz.pl\/sklep\/produkt\/szopka-bozonarodzeniowa-do-samodzielnego-zlozenia\/#breadcrumb\"},\"inLanguage\":\"pl-PL\",\"potentialAction\":[{\"@type\":\"ReadAction\",\"target\":[\"https:\/\/fundacjaprzyjdz.pl\/sklep\/produkt\/szopka-bozonarodzeniowa-do-samodzielnego-zlozenia\/\"]}]},{\"@type\":\"ImageObject\",\"inLanguage\":\"pl-PL\",\"@id\":\"https:\/\/fundacjaprzyjdz.pl\/sklep\/produkt\/szopka-bozonarodzeniowa-do-samodzielnego-zlozenia\/#primaryimage\",\"url\":\"https:\/\/fundacjaprzyjdz.pl\/sklep\/wp-content\/uploads\/2022\/12\/szopka.jpg\",\"contentUrl\":\"https:\/\/fundacjaprzyjdz.pl\/sklep\/wp-content\/uploads\/2022\/12\/szopka.jpg\",\"width\":800,\"height\":800},{\"@type\":\"BreadcrumbList\",\"@id\":\"https:\/\/fundacjaprzyjdz.pl\/sklep\/produkt\/szopka-bozonarodzeniowa-do-samodzielnego-zlozenia\/#breadcrumb\",\"itemListElement\":[{\"@type\":\"ListItem\",\"position\":1,\"name\":\"Strona g\u0142\u00f3wna\",\"item\":\"https:\/\/fundacjaprzyjdz.pl\/sklep\/\"},{\"@type\":\"ListItem\",\"position\":2,\"name\":\"Wszystkie produkty\",\"item\":\"https:\/\/fundacjaprzyjdz.pl\/sklep\/wszystkie-produkty\/\"},{\"@type\":\"ListItem\",\"position\":3,\"name\":\"Szopka Bo\u017conarodzeniowa do&nbsp;samodzielnego z\u0142o\u017cenia\"}]},{\"@type\":\"WebSite\",\"@id\":\"https:\/\/fundacjaprzyjdz.pl\/sklep\/#website\",\"url\":\"https:\/\/fundacjaprzyjdz.pl\/sklep\/\",\"name\":\"Sklep Fundacji Przyjd\u017a\",\"description\":\"Ozdoby z drewna i nie tylko\",\"publisher\":{\"@id\":\"https:\/\/fundacjaprzyjdz.pl\/sklep\/#organization\"},\"potentialAction\":[{\"@type\":\"SearchAction\",\"target\":{\"@type\":\"EntryPoint\",\"urlTemplate\":\"https:\/\/fundacjaprzyjdz.pl\/sklep\/?s={search_term_string}\"},\"query-input\":{\"@type\":\"PropertyValueSpecification\",\"valueRequired\":true,\"valueName\":\"search_term_string\"}}],\"inLanguage\":\"pl-PL\"},{\"@type\":\"Organization\",\"@id\":\"https:\/\/fundacjaprzyjdz.pl\/sklep\/#organization\",\"name\":\"Sklep Fundacji \\\"Przyjd\u017a\\\"\",\"url\":\"https:\/\/fundacjaprzyjdz.pl\/sklep\/\",\"logo\":{\"@type\":\"ImageObject\",\"inLanguage\":\"pl-PL\",\"@id\":\"https:\/\/fundacjaprzyjdz.pl\/sklep\/#\/schema\/logo\/image\/\",\"url\":\"https:\/\/fundacjaprzyjdz.pl\/sklep\/wp-content\/uploads\/2021\/12\/FavIco.jpg\",\"contentUrl\":\"https:\/\/fundacjaprzyjdz.pl\/sklep\/wp-content\/uploads\/2021\/12\/FavIco.jpg\",\"width\":512,\"height\":512,\"caption\":\"Sklep Fundacji \\\"Przyjd\u017a\\\"\"},\"image\":{\"@id\":\"https:\/\/fundacjaprzyjdz.pl\/sklep\/#\/schema\/logo\/image\/\"},\"sameAs\":[\"https:\/\/www.facebook.com\/fundacjaprzyjdz\/\",\"https:\/\/www.instagram.com\/fundacja.przyjdz\/\"]}]}<\/script>\n<meta property=\"product:price:amount\" content=\"50.00\" \/>\n<meta property=\"product:price:currency\" content=\"PLN\" \/>\n<meta property=\"og:availability\" content=\"instock\" \/>\n<meta property=\"product:availability\" content=\"instock\" \/>\n<meta property=\"product:condition\" content=\"new\" \/>\n<!-- \/ Yoast SEO Premium plugin. -->","yoast_head_json":{"title":"Szopka Bo\u017conarodzeniowa do samodzielnego z\u0142o\u017cenia - Sklep Fundacji Przyjd\u017a","robots":{"index":"index","follow":"follow","max-snippet":"max-snippet:-1","max-image-preview":"max-image-preview:large","max-video-preview":"max-video-preview:-1"},"canonical":"https:\/\/fundacjaprzyjdz.pl\/sklep\/produkt\/szopka-bozonarodzeniowa-do-samodzielnego-zlozenia\/","og_locale":"pl_PL","og_type":"article","og_title":"Szopka Bo\u017conarodzeniowa do samodzielnego z\u0142o\u017cenia","og_description":"Idealny prezent pod choink\u0119, do samodzielnego z\u0142o\u017cenia. Mo\u017cliwo\u015b\u0107 pomalowania element\u00f3w wed\u0142ug w\u0142asnego gustu, b\u0105d\u017a pozostawienia w stanie surowym, i b\u0119dzie","og_url":"https:\/\/fundacjaprzyjdz.pl\/sklep\/produkt\/szopka-bozonarodzeniowa-do-samodzielnego-zlozenia\/","og_site_name":"Sklep Fundacji Przyjd\u017a","article_publisher":"https:\/\/www.facebook.com\/fundacjaprzyjdz\/","article_modified_time":"2025-10-07T10:05:05+00:00","og_image":[{"width":800,"height":800,"url":"https:\/\/fundacjaprzyjdz.pl\/sklep\/wp-content\/uploads\/2022\/12\/szopka.jpg","type":"image\/jpeg"}],"twitter_card":"summary_large_image","twitter_misc":{"Cena":"50,00&nbsp;&#122;&#322;","Availability":"In stock"},"schema":{"@context":"https:\/\/schema.org","@graph":[{"@type":"WebPage","@id":"https:\/\/fundacjaprzyjdz.pl\/sklep\/produkt\/szopka-bozonarodzeniowa-do-samodzielnego-zlozenia\/","url":"https:\/\/fundacjaprzyjdz.pl\/sklep\/produkt\/szopka-bozonarodzeniowa-do-samodzielnego-zlozenia\/","name":"Szopka Bo\u017conarodzeniowa do samodzielnego z\u0142o\u017cenia - Sklep Fundacji Przyjd\u017a","isPartOf":{"@id":"https:\/\/fundacjaprzyjdz.pl\/sklep\/#website"},"primaryImageOfPage":{"@id":"https:\/\/fundacjaprzyjdz.pl\/sklep\/produkt\/szopka-bozonarodzeniowa-do-samodzielnego-zlozenia\/#primaryimage"},"image":{"@id":"https:\/\/fundacjaprzyjdz.pl\/sklep\/produkt\/szopka-bozonarodzeniowa-do-samodzielnego-zlozenia\/#primaryimage"},"thumbnailUrl":"https:\/\/fundacjaprzyjdz.pl\/sklep\/wp-content\/uploads\/2022\/12\/szopka.jpg","datePublished":"2022-12-05T14:00:18+00:00","dateModified":"2025-10-07T10:05:05+00:00","breadcrumb":{"@id":"https:\/\/fundacjaprzyjdz.pl\/sklep\/produkt\/szopka-bozonarodzeniowa-do-samodzielnego-zlozenia\/#breadcrumb"},"inLanguage":"pl-PL","potentialAction":[{"@type":"ReadAction","target":["https:\/\/fundacjaprzyjdz.pl\/sklep\/produkt\/szopka-bozonarodzeniowa-do-samodzielnego-zlozenia\/"]}]},{"@type":"ImageObject","inLanguage":"pl-PL","@id":"https:\/\/fundacjaprzyjdz.pl\/sklep\/produkt\/szopka-bozonarodzeniowa-do-samodzielnego-zlozenia\/#primaryimage","url":"https:\/\/fundacjaprzyjdz.pl\/sklep\/wp-content\/uploads\/2022\/12\/szopka.jpg","contentUrl":"https:\/\/fundacjaprzyjdz.pl\/sklep\/wp-content\/uploads\/2022\/12\/szopka.jpg","width":800,"height":800},{"@type":"BreadcrumbList","@id":"https:\/\/fundacjaprzyjdz.pl\/sklep\/produkt\/szopka-bozonarodzeniowa-do-samodzielnego-zlozenia\/#breadcrumb","itemListElement":[{"@type":"ListItem","position":1,"name":"Strona g\u0142\u00f3wna","item":"https:\/\/fundacjaprzyjdz.pl\/sklep\/"},{"@type":"ListItem","position":2,"name":"Wszystkie produkty","item":"https:\/\/fundacjaprzyjdz.pl\/sklep\/wszystkie-produkty\/"},{"@type":"ListItem","position":3,"name":"Szopka Bo\u017conarodzeniowa do&nbsp;samodzielnego z\u0142o\u017cenia"}]},{"@type":"WebSite","@id":"https:\/\/fundacjaprzyjdz.pl\/sklep\/#website","url":"https:\/\/fundacjaprzyjdz.pl\/sklep\/","name":"Sklep Fundacji Przyjd\u017a","description":"Ozdoby z drewna i nie tylko","publisher":{"@id":"https:\/\/fundacjaprzyjdz.pl\/sklep\/#organization"},"potentialAction":[{"@type":"SearchAction","target":{"@type":"EntryPoint","urlTemplate":"https:\/\/fundacjaprzyjdz.pl\/sklep\/?s={search_term_string}"},"query-input":{"@type":"PropertyValueSpecification","valueRequired":true,"valueName":"search_term_string"}}],"inLanguage":"pl-PL"},{"@type":"Organization","@id":"https:\/\/fundacjaprzyjdz.pl\/sklep\/#organization","name":"Sklep Fundacji \"Przyjd\u017a\"","url":"https:\/\/fundacjaprzyjdz.pl\/sklep\/","logo":{"@type":"ImageObject","inLanguage":"pl-PL","@id":"https:\/\/fundacjaprzyjdz.pl\/sklep\/#\/schema\/logo\/image\/","url":"https:\/\/fundacjaprzyjdz.pl\/sklep\/wp-content\/uploads\/2021\/12\/FavIco.jpg","contentUrl":"https:\/\/fundacjaprzyjdz.pl\/sklep\/wp-content\/uploads\/2021\/12\/FavIco.jpg","width":512,"height":512,"caption":"Sklep Fundacji \"Przyjd\u017a\""},"image":{"@id":"https:\/\/fundacjaprzyjdz.pl\/sklep\/#\/schema\/logo\/image\/"},"sameAs":["https:\/\/www.facebook.com\/fundacjaprzyjdz\/","https:\/\/www.instagram.com\/fundacja.przyjdz\/"]}]},"product_price_amount":"50.00","product_price_currency":"PLN","og_availability":"instock","product_availability":"instock","product_condition":"new"},"_links":{"self":[{"href":"https:\/\/fundacjaprzyjdz.pl\/sklep\/wp-json\/wp\/v2\/product\/9488","targetHints":{"allow":["GET"]}}],"collection":[{"href":"https:\/\/fundacjaprzyjdz.pl\/sklep\/wp-json\/wp\/v2\/product"}],"about":[{"href":"https:\/\/fundacjaprzyjdz.pl\/sklep\/wp-json\/wp\/v2\/types\/product"}],"replies":[{"embeddable":true,"href":"https:\/\/fundacjaprzyjdz.pl\/sklep\/wp-json\/wp\/v2\/comments?post=9488"}],"wp:featuredmedia":[{"embeddable":true,"href":"https:\/\/fundacjaprzyjdz.pl\/sklep\/wp-json\/wp\/v2\/media\/9489"}],"wp:attachment":[{"href":"https:\/\/fundacjaprzyjdz.pl\/sklep\/wp-json\/wp\/v2\/media?parent=9488"}],"wp:term":[{"taxonomy":"product_brand","embeddable":true,"href":"https:\/\/fundacjaprzyjdz.pl\/sklep\/wp-json\/wp\/v2\/product_brand?post=9488"},{"taxonomy":"product_cat","embeddable":true,"href":"https:\/\/fundacjaprzyjdz.pl\/sklep\/wp-json\/wp\/v2\/product_cat?post=9488"},{"taxonomy":"product_tag","embeddable":true,"href":"https:\/\/fundacjaprzyjdz.pl\/sklep\/wp-json\/wp\/v2\/product_tag?post=9488"}],"curies":[{"name":"wp","href":"https:\/\/api.w.org\/{rel}","templated":true}]}}