{"id":9452,"date":"2022-10-12T10:23:36","date_gmt":"2022-10-12T08:23:36","guid":{"rendered":"https:\/\/fundacjaprzyjdz.pl\/sklep\/?post_type=product&#038;p=9452"},"modified":"2022-12-02T11:47:26","modified_gmt":"2022-12-02T10:47:26","slug":"komplet-podkladek-koronka-bobowska-wzor-2","status":"publish","type":"product","link":"https:\/\/fundacjaprzyjdz.pl\/sklep\/produkt\/komplet-podkladek-koronka-bobowska-wzor-2\/","title":{"rendered":"Komplet podk\u0142adek Koronka bobowska wz\u00f3r 2"},"content":{"rendered":"<p>Drewniane podk\u0142adki wykonane na wz\u00f3r ma\u0142opolskiej Koronki bobowskiej. To wz\u00f3r regionalny oparty na tradycyjnej koronce klockowej pochodz\u0105cej z Bobowej. Nada elegancji nakryciom sto\u0142owym i ucieszy pani\u0105 domu.<\/p>\n<p>Komplet zawiera jedn\u0105 podk\u0142adk\u0119 du\u017c\u0105 i cztery ma\u0142e.<\/p>\n<p>Zastosowanie: na prezent lub jako dekoracja wn\u0119trz, kt\u00f3ra nada pomieszczeniom niepowtarzalnego klimatu.<\/p>\n<p>Wykonana z 3 mm drewna.<\/p>\n<p>\u015arednice podk\u0142adek: du\u017ca 15 cm, ma\u0142a 9 cm<\/p>\n<ul>\n<li>Wz\u00f3r 2 (1x du\u017ca + 4x ma\u0142a)<\/li>\n<\/ul>\n<br \/>\n","protected":false},"excerpt":{"rendered":"<p>Drewniana podk\u0142adka wykonana na wz\u00f3r ma\u0142opolskiej Koronki bobowskiej. To wz\u00f3r regionalny, wzorowany na tradycyjnej koronce klockowej pochodz\u0105cej z Bobowej. Ka\u017cdy ze wzor\u00f3w nada elegancji nakryciom sto\u0142owym i ucieszy pani\u0105 domu.<\/p>\n","protected":false},"featured_media":9065,"comment_status":"open","ping_status":"closed","template":"","meta":[],"product_brand":[],"product_cat":[79,87,83],"product_tag":[189],"class_list":{"0":"post-9452","1":"product","2":"type-product","3":"status-publish","4":"has-post-thumbnail","6":"product_cat-dekoracyjne","7":"product_cat-podkladki-pod-kubek","8":"product_cat-regionalne","9":"product_tag-bestseller","11":"first","12":"instock","13":"featured","14":"shipping-taxable","15":"purchasable","16":"product-type-simple"},"yoast_head":"<!-- This site is optimized with the Yoast SEO Premium plugin v19.0.1 (Yoast SEO v27.4) - https:\/\/yoast.com\/product\/yoast-seo-premium-wordpress\/ -->\n<title>Komplet podk\u0142adek Koronka bobowska wz\u00f3r 2 - Sklep Fundacji Przyjd\u017a<\/title>\n<meta name=\"description\" content=\"Drewniane podk\u0142adki wykonane na wz\u00f3r ma\u0142opolskiej Koronki bobowskiej pochodz\u0105cej z Bobowej. Komplet nada elegancji nakryciom sto\u0142owym.\" \/>\n<meta name=\"robots\" content=\"index, follow, max-snippet:-1, max-image-preview:large, max-video-preview:-1\" \/>\n<link rel=\"canonical\" href=\"https:\/\/fundacjaprzyjdz.pl\/sklep\/produkt\/komplet-podkladek-koronka-bobowska-wzor-2\/\" \/>\n<meta property=\"og:locale\" content=\"pl_PL\" \/>\n<meta property=\"og:type\" content=\"article\" \/>\n<meta property=\"og:title\" content=\"Komplet podk\u0142adek Koronka bobowska wz\u00f3r 2\" \/>\n<meta property=\"og:description\" content=\"Drewniane podk\u0142adki wykonane na wz\u00f3r ma\u0142opolskiej Koronki bobowskiej pochodz\u0105cej z Bobowej. Komplet nada elegancji nakryciom sto\u0142owym.\" \/>\n<meta property=\"og:url\" content=\"https:\/\/fundacjaprzyjdz.pl\/sklep\/produkt\/komplet-podkladek-koronka-bobowska-wzor-2\/\" \/>\n<meta property=\"og:site_name\" content=\"Sklep Fundacji Przyjd\u017a\" \/>\n<meta property=\"article:publisher\" content=\"https:\/\/www.facebook.com\/fundacjaprzyjdz\/\" \/>\n<meta property=\"article:modified_time\" content=\"2022-12-02T10:47:26+00:00\" \/>\n<meta property=\"og:image\" content=\"https:\/\/fundacjaprzyjdz.pl\/sklep\/wp-content\/uploads\/2022\/01\/Komplet-podkladek-koronka-bobowska-wzor-2.jpg\" \/>\n\t<meta property=\"og:image:width\" content=\"800\" \/>\n\t<meta property=\"og:image:height\" content=\"800\" \/>\n\t<meta property=\"og:image:type\" content=\"image\/jpeg\" \/>\n<meta name=\"twitter:card\" content=\"summary_large_image\" \/>\n<meta name=\"twitter:label1\" content=\"Cena\" \/>\n\t<meta name=\"twitter:data1\" content=\"50,00&nbsp;&#122;&#322;\" \/>\n\t<meta name=\"twitter:label2\" content=\"Availability\" \/>\n\t<meta name=\"twitter:data2\" content=\"In stock\" \/>\n<script type=\"application\/ld+json\" class=\"yoast-schema-graph\">{\"@context\":\"https:\\\/\\\/schema.org\",\"@graph\":[{\"@type\":\"WebPage\",\"@id\":\"https:\\\/\\\/fundacjaprzyjdz.pl\\\/sklep\\\/produkt\\\/komplet-podkladek-koronka-bobowska-wzor-2\\\/\",\"url\":\"https:\\\/\\\/fundacjaprzyjdz.pl\\\/sklep\\\/produkt\\\/komplet-podkladek-koronka-bobowska-wzor-2\\\/\",\"name\":\"Komplet podk\u0142adek Koronka bobowska wz\u00f3r 2 - Sklep Fundacji Przyjd\u017a\",\"isPartOf\":{\"@id\":\"https:\\\/\\\/fundacjaprzyjdz.pl\\\/sklep\\\/#website\"},\"primaryImageOfPage\":{\"@id\":\"https:\\\/\\\/fundacjaprzyjdz.pl\\\/sklep\\\/produkt\\\/komplet-podkladek-koronka-bobowska-wzor-2\\\/#primaryimage\"},\"image\":{\"@id\":\"https:\\\/\\\/fundacjaprzyjdz.pl\\\/sklep\\\/produkt\\\/komplet-podkladek-koronka-bobowska-wzor-2\\\/#primaryimage\"},\"thumbnailUrl\":\"https:\\\/\\\/fundacjaprzyjdz.pl\\\/sklep\\\/wp-content\\\/uploads\\\/2022\\\/01\\\/Komplet-podkladek-koronka-bobowska-wzor-2.jpg\",\"datePublished\":\"2022-10-12T08:23:36+00:00\",\"dateModified\":\"2022-12-02T10:47:26+00:00\",\"description\":\"Drewniane podk\u0142adki wykonane na wz\u00f3r ma\u0142opolskiej Koronki bobowskiej pochodz\u0105cej z Bobowej. Komplet nada elegancji nakryciom sto\u0142owym.\",\"breadcrumb\":{\"@id\":\"https:\\\/\\\/fundacjaprzyjdz.pl\\\/sklep\\\/produkt\\\/komplet-podkladek-koronka-bobowska-wzor-2\\\/#breadcrumb\"},\"inLanguage\":\"pl-PL\",\"potentialAction\":[{\"@type\":\"ReadAction\",\"target\":[\"https:\\\/\\\/fundacjaprzyjdz.pl\\\/sklep\\\/produkt\\\/komplet-podkladek-koronka-bobowska-wzor-2\\\/\"]}]},{\"@type\":\"ImageObject\",\"inLanguage\":\"pl-PL\",\"@id\":\"https:\\\/\\\/fundacjaprzyjdz.pl\\\/sklep\\\/produkt\\\/komplet-podkladek-koronka-bobowska-wzor-2\\\/#primaryimage\",\"url\":\"https:\\\/\\\/fundacjaprzyjdz.pl\\\/sklep\\\/wp-content\\\/uploads\\\/2022\\\/01\\\/Komplet-podkladek-koronka-bobowska-wzor-2.jpg\",\"contentUrl\":\"https:\\\/\\\/fundacjaprzyjdz.pl\\\/sklep\\\/wp-content\\\/uploads\\\/2022\\\/01\\\/Komplet-podkladek-koronka-bobowska-wzor-2.jpg\",\"width\":800,\"height\":800,\"caption\":\"Komplet podk\u0142adek koronka bobowska wz\u00f3r 2\"},{\"@type\":\"BreadcrumbList\",\"@id\":\"https:\\\/\\\/fundacjaprzyjdz.pl\\\/sklep\\\/produkt\\\/komplet-podkladek-koronka-bobowska-wzor-2\\\/#breadcrumb\",\"itemListElement\":[{\"@type\":\"ListItem\",\"position\":1,\"name\":\"Strona g\u0142\u00f3wna\",\"item\":\"https:\\\/\\\/fundacjaprzyjdz.pl\\\/sklep\\\/\"},{\"@type\":\"ListItem\",\"position\":2,\"name\":\"Wszystkie produkty\",\"item\":\"https:\\\/\\\/fundacjaprzyjdz.pl\\\/sklep\\\/wszystkie-produkty\\\/\"},{\"@type\":\"ListItem\",\"position\":3,\"name\":\"Komplet podk\u0142adek Koronka bobowska wz\u00f3r 2\"}]},{\"@type\":\"WebSite\",\"@id\":\"https:\\\/\\\/fundacjaprzyjdz.pl\\\/sklep\\\/#website\",\"url\":\"https:\\\/\\\/fundacjaprzyjdz.pl\\\/sklep\\\/\",\"name\":\"Sklep Fundacji Przyjd\u017a\",\"description\":\"Ozdoby z drewna i nie tylko\",\"publisher\":{\"@id\":\"https:\\\/\\\/fundacjaprzyjdz.pl\\\/sklep\\\/#organization\"},\"potentialAction\":[{\"@type\":\"SearchAction\",\"target\":{\"@type\":\"EntryPoint\",\"urlTemplate\":\"https:\\\/\\\/fundacjaprzyjdz.pl\\\/sklep\\\/?s={search_term_string}\"},\"query-input\":{\"@type\":\"PropertyValueSpecification\",\"valueRequired\":true,\"valueName\":\"search_term_string\"}}],\"inLanguage\":\"pl-PL\"},{\"@type\":\"Organization\",\"@id\":\"https:\\\/\\\/fundacjaprzyjdz.pl\\\/sklep\\\/#organization\",\"name\":\"Sklep Fundacji \\\"Przyjd\u017a\\\"\",\"url\":\"https:\\\/\\\/fundacjaprzyjdz.pl\\\/sklep\\\/\",\"logo\":{\"@type\":\"ImageObject\",\"inLanguage\":\"pl-PL\",\"@id\":\"https:\\\/\\\/fundacjaprzyjdz.pl\\\/sklep\\\/#\\\/schema\\\/logo\\\/image\\\/\",\"url\":\"https:\\\/\\\/fundacjaprzyjdz.pl\\\/sklep\\\/wp-content\\\/uploads\\\/2021\\\/12\\\/FavIco.jpg\",\"contentUrl\":\"https:\\\/\\\/fundacjaprzyjdz.pl\\\/sklep\\\/wp-content\\\/uploads\\\/2021\\\/12\\\/FavIco.jpg\",\"width\":512,\"height\":512,\"caption\":\"Sklep Fundacji \\\"Przyjd\u017a\\\"\"},\"image\":{\"@id\":\"https:\\\/\\\/fundacjaprzyjdz.pl\\\/sklep\\\/#\\\/schema\\\/logo\\\/image\\\/\"},\"sameAs\":[\"https:\\\/\\\/www.facebook.com\\\/fundacjaprzyjdz\\\/\",\"https:\\\/\\\/www.instagram.com\\\/fundacja.przyjdz\\\/\"]}]}<\/script>\n<meta property=\"product:price:amount\" content=\"50.00\" \/>\n<meta property=\"product:price:currency\" content=\"PLN\" \/>\n<meta property=\"og:availability\" content=\"instock\" \/>\n<meta property=\"product:availability\" content=\"instock\" \/>\n<meta property=\"product:condition\" content=\"new\" \/>\n<!-- \/ Yoast SEO Premium plugin. -->","yoast_head_json":{"title":"Komplet podk\u0142adek Koronka bobowska wz\u00f3r 2 - Sklep Fundacji Przyjd\u017a","description":"Drewniane podk\u0142adki wykonane na wz\u00f3r ma\u0142opolskiej Koronki bobowskiej pochodz\u0105cej z Bobowej. Komplet nada elegancji nakryciom sto\u0142owym.","robots":{"index":"index","follow":"follow","max-snippet":"max-snippet:-1","max-image-preview":"max-image-preview:large","max-video-preview":"max-video-preview:-1"},"canonical":"https:\/\/fundacjaprzyjdz.pl\/sklep\/produkt\/komplet-podkladek-koronka-bobowska-wzor-2\/","og_locale":"pl_PL","og_type":"article","og_title":"Komplet podk\u0142adek Koronka bobowska wz\u00f3r 2","og_description":"Drewniane podk\u0142adki wykonane na wz\u00f3r ma\u0142opolskiej Koronki bobowskiej pochodz\u0105cej z Bobowej. Komplet nada elegancji nakryciom sto\u0142owym.","og_url":"https:\/\/fundacjaprzyjdz.pl\/sklep\/produkt\/komplet-podkladek-koronka-bobowska-wzor-2\/","og_site_name":"Sklep Fundacji Przyjd\u017a","article_publisher":"https:\/\/www.facebook.com\/fundacjaprzyjdz\/","article_modified_time":"2022-12-02T10:47:26+00:00","og_image":[{"width":800,"height":800,"url":"https:\/\/fundacjaprzyjdz.pl\/sklep\/wp-content\/uploads\/2022\/01\/Komplet-podkladek-koronka-bobowska-wzor-2.jpg","type":"image\/jpeg"}],"twitter_card":"summary_large_image","twitter_misc":{"Cena":"50,00&nbsp;&#122;&#322;","Availability":"In stock"},"schema":{"@context":"https:\/\/schema.org","@graph":[{"@type":"WebPage","@id":"https:\/\/fundacjaprzyjdz.pl\/sklep\/produkt\/komplet-podkladek-koronka-bobowska-wzor-2\/","url":"https:\/\/fundacjaprzyjdz.pl\/sklep\/produkt\/komplet-podkladek-koronka-bobowska-wzor-2\/","name":"Komplet podk\u0142adek Koronka bobowska wz\u00f3r 2 - Sklep Fundacji Przyjd\u017a","isPartOf":{"@id":"https:\/\/fundacjaprzyjdz.pl\/sklep\/#website"},"primaryImageOfPage":{"@id":"https:\/\/fundacjaprzyjdz.pl\/sklep\/produkt\/komplet-podkladek-koronka-bobowska-wzor-2\/#primaryimage"},"image":{"@id":"https:\/\/fundacjaprzyjdz.pl\/sklep\/produkt\/komplet-podkladek-koronka-bobowska-wzor-2\/#primaryimage"},"thumbnailUrl":"https:\/\/fundacjaprzyjdz.pl\/sklep\/wp-content\/uploads\/2022\/01\/Komplet-podkladek-koronka-bobowska-wzor-2.jpg","datePublished":"2022-10-12T08:23:36+00:00","dateModified":"2022-12-02T10:47:26+00:00","description":"Drewniane podk\u0142adki wykonane na wz\u00f3r ma\u0142opolskiej Koronki bobowskiej pochodz\u0105cej z Bobowej. Komplet nada elegancji nakryciom sto\u0142owym.","breadcrumb":{"@id":"https:\/\/fundacjaprzyjdz.pl\/sklep\/produkt\/komplet-podkladek-koronka-bobowska-wzor-2\/#breadcrumb"},"inLanguage":"pl-PL","potentialAction":[{"@type":"ReadAction","target":["https:\/\/fundacjaprzyjdz.pl\/sklep\/produkt\/komplet-podkladek-koronka-bobowska-wzor-2\/"]}]},{"@type":"ImageObject","inLanguage":"pl-PL","@id":"https:\/\/fundacjaprzyjdz.pl\/sklep\/produkt\/komplet-podkladek-koronka-bobowska-wzor-2\/#primaryimage","url":"https:\/\/fundacjaprzyjdz.pl\/sklep\/wp-content\/uploads\/2022\/01\/Komplet-podkladek-koronka-bobowska-wzor-2.jpg","contentUrl":"https:\/\/fundacjaprzyjdz.pl\/sklep\/wp-content\/uploads\/2022\/01\/Komplet-podkladek-koronka-bobowska-wzor-2.jpg","width":800,"height":800,"caption":"Komplet podk\u0142adek koronka bobowska wz\u00f3r 2"},{"@type":"BreadcrumbList","@id":"https:\/\/fundacjaprzyjdz.pl\/sklep\/produkt\/komplet-podkladek-koronka-bobowska-wzor-2\/#breadcrumb","itemListElement":[{"@type":"ListItem","position":1,"name":"Strona g\u0142\u00f3wna","item":"https:\/\/fundacjaprzyjdz.pl\/sklep\/"},{"@type":"ListItem","position":2,"name":"Wszystkie produkty","item":"https:\/\/fundacjaprzyjdz.pl\/sklep\/wszystkie-produkty\/"},{"@type":"ListItem","position":3,"name":"Komplet podk\u0142adek Koronka bobowska wz\u00f3r 2"}]},{"@type":"WebSite","@id":"https:\/\/fundacjaprzyjdz.pl\/sklep\/#website","url":"https:\/\/fundacjaprzyjdz.pl\/sklep\/","name":"Sklep Fundacji Przyjd\u017a","description":"Ozdoby z drewna i nie tylko","publisher":{"@id":"https:\/\/fundacjaprzyjdz.pl\/sklep\/#organization"},"potentialAction":[{"@type":"SearchAction","target":{"@type":"EntryPoint","urlTemplate":"https:\/\/fundacjaprzyjdz.pl\/sklep\/?s={search_term_string}"},"query-input":{"@type":"PropertyValueSpecification","valueRequired":true,"valueName":"search_term_string"}}],"inLanguage":"pl-PL"},{"@type":"Organization","@id":"https:\/\/fundacjaprzyjdz.pl\/sklep\/#organization","name":"Sklep Fundacji \"Przyjd\u017a\"","url":"https:\/\/fundacjaprzyjdz.pl\/sklep\/","logo":{"@type":"ImageObject","inLanguage":"pl-PL","@id":"https:\/\/fundacjaprzyjdz.pl\/sklep\/#\/schema\/logo\/image\/","url":"https:\/\/fundacjaprzyjdz.pl\/sklep\/wp-content\/uploads\/2021\/12\/FavIco.jpg","contentUrl":"https:\/\/fundacjaprzyjdz.pl\/sklep\/wp-content\/uploads\/2021\/12\/FavIco.jpg","width":512,"height":512,"caption":"Sklep Fundacji \"Przyjd\u017a\""},"image":{"@id":"https:\/\/fundacjaprzyjdz.pl\/sklep\/#\/schema\/logo\/image\/"},"sameAs":["https:\/\/www.facebook.com\/fundacjaprzyjdz\/","https:\/\/www.instagram.com\/fundacja.przyjdz\/"]}]},"product_price_amount":"50.00","product_price_currency":"PLN","og_availability":"instock","product_availability":"instock","product_condition":"new"},"_links":{"self":[{"href":"https:\/\/fundacjaprzyjdz.pl\/sklep\/wp-json\/wp\/v2\/product\/9452","targetHints":{"allow":["GET"]}}],"collection":[{"href":"https:\/\/fundacjaprzyjdz.pl\/sklep\/wp-json\/wp\/v2\/product"}],"about":[{"href":"https:\/\/fundacjaprzyjdz.pl\/sklep\/wp-json\/wp\/v2\/types\/product"}],"replies":[{"embeddable":true,"href":"https:\/\/fundacjaprzyjdz.pl\/sklep\/wp-json\/wp\/v2\/comments?post=9452"}],"wp:featuredmedia":[{"embeddable":true,"href":"https:\/\/fundacjaprzyjdz.pl\/sklep\/wp-json\/wp\/v2\/media\/9065"}],"wp:attachment":[{"href":"https:\/\/fundacjaprzyjdz.pl\/sklep\/wp-json\/wp\/v2\/media?parent=9452"}],"wp:term":[{"taxonomy":"product_brand","embeddable":true,"href":"https:\/\/fundacjaprzyjdz.pl\/sklep\/wp-json\/wp\/v2\/product_brand?post=9452"},{"taxonomy":"product_cat","embeddable":true,"href":"https:\/\/fundacjaprzyjdz.pl\/sklep\/wp-json\/wp\/v2\/product_cat?post=9452"},{"taxonomy":"product_tag","embeddable":true,"href":"https:\/\/fundacjaprzyjdz.pl\/sklep\/wp-json\/wp\/v2\/product_tag?post=9452"}],"curies":[{"name":"wp","href":"https:\/\/api.w.org\/{rel}","templated":true}]}}