{"id":9431,"date":"2022-10-04T12:22:58","date_gmt":"2022-10-04T10:22:58","guid":{"rendered":"https:\/\/fundacjaprzyjdz.pl\/sklep\/?post_type=product&#038;p=9431"},"modified":"2025-06-25T09:06:34","modified_gmt":"2025-06-25T07:06:34","slug":"kartka-drewniana-grawerowana-bombka","status":"publish","type":"product","link":"https:\/\/fundacjaprzyjdz.pl\/sklep\/produkt\/kartka-drewniana-grawerowana-bombka\/","title":{"rendered":"Kartka drewniana grawerowana - bombka"},"content":{"rendered":"<p>Kartka drewniana grawerowana z wyjmowaln\u0105 bombk\u0105<\/p>\n<ul>\n<li>mo\u017cliwo\u015b\u0107 personalizacji loga<\/li>\n<li>bogate wzornictwo<\/li>\n<li>niepowtarzalny projekt<\/li>\n<li>naturalny materia\u0142<\/li>\n<li>wysoka jako\u015b\u0107<\/li>\n<li>precyzja wykonania<\/li>\n<\/ul>\n<p><br \/>Rozmiar 14,9cm x 9,7cm (mie\u015bci si\u0119 do standardowej koperty)<\/p>\n","protected":false},"excerpt":{"rendered":"<p>Kartka drewniana grawerowana z wyjmowaln\u0105 bombk\u0105 mo\u017cliwo\u015b\u0107 personalizacji loga bogate wzornictwo niepowtarzalny projekt naturalny materia\u0142 wysoka jako\u015b\u0107 precyzja wykonania Rozmiar<\/p>\n","protected":false},"featured_media":9429,"comment_status":"open","ping_status":"closed","template":"","meta":[],"product_brand":[],"product_cat":[74,72],"product_tag":[],"class_list":{"0":"post-9431","1":"product","2":"type-product","3":"status-publish","4":"has-post-thumbnail","6":"product_cat-boze-narodzenie","7":"product_cat-swiateczne","9":"first","10":"instock","11":"shipping-taxable","12":"purchasable","13":"product-type-simple"},"yoast_head":"<!-- This site is optimized with the Yoast SEO Premium plugin v19.0.1 (Yoast SEO v27.4) - https:\/\/yoast.com\/product\/yoast-seo-premium-wordpress\/ -->\n<title>Kartka drewniana grawerowana - bombka - Sklep Fundacji Przyjd\u017a<\/title>\n<meta name=\"robots\" content=\"index, follow, max-snippet:-1, max-image-preview:large, max-video-preview:-1\" \/>\n<link rel=\"canonical\" href=\"https:\/\/fundacjaprzyjdz.pl\/sklep\/produkt\/kartka-drewniana-grawerowana-bombka\/\" \/>\n<meta property=\"og:locale\" content=\"pl_PL\" \/>\n<meta property=\"og:type\" content=\"article\" \/>\n<meta property=\"og:title\" content=\"Kartka drewniana grawerowana - bombka\" \/>\n<meta property=\"og:description\" content=\"Kartka drewniana grawerowana z wyjmowaln\u0105 bombk\u0105 mo\u017cliwo\u015b\u0107 personalizacji loga bogate wzornictwo niepowtarzalny projekt naturalny materia\u0142 wysoka jako\u015b\u0107 precyzja wykonania Rozmiar\" \/>\n<meta property=\"og:url\" content=\"https:\/\/fundacjaprzyjdz.pl\/sklep\/produkt\/kartka-drewniana-grawerowana-bombka\/\" \/>\n<meta property=\"og:site_name\" content=\"Sklep Fundacji Przyjd\u017a\" \/>\n<meta property=\"article:publisher\" content=\"https:\/\/www.facebook.com\/fundacjaprzyjdz\/\" \/>\n<meta property=\"article:modified_time\" content=\"2025-06-25T07:06:34+00:00\" \/>\n<meta property=\"og:image\" content=\"https:\/\/fundacjaprzyjdz.pl\/sklep\/wp-content\/uploads\/2022\/10\/kartka_drewniana_bombka01.jpg\" \/>\n\t<meta property=\"og:image:width\" content=\"800\" \/>\n\t<meta property=\"og:image:height\" content=\"800\" \/>\n\t<meta property=\"og:image:type\" content=\"image\/jpeg\" \/>\n<meta name=\"twitter:card\" content=\"summary_large_image\" \/>\n<meta name=\"twitter:label1\" content=\"Cena\" \/>\n\t<meta name=\"twitter:data1\" content=\"11,00&nbsp;&#122;&#322;\" \/>\n\t<meta name=\"twitter:label2\" content=\"Availability\" \/>\n\t<meta name=\"twitter:data2\" content=\"In stock\" \/>\n<script type=\"application\/ld+json\" class=\"yoast-schema-graph\">{\"@context\":\"https:\\\/\\\/schema.org\",\"@graph\":[{\"@type\":\"WebPage\",\"@id\":\"https:\\\/\\\/fundacjaprzyjdz.pl\\\/sklep\\\/produkt\\\/kartka-drewniana-grawerowana-bombka\\\/\",\"url\":\"https:\\\/\\\/fundacjaprzyjdz.pl\\\/sklep\\\/produkt\\\/kartka-drewniana-grawerowana-bombka\\\/\",\"name\":\"Kartka drewniana grawerowana - bombka - Sklep Fundacji Przyjd\u017a\",\"isPartOf\":{\"@id\":\"https:\\\/\\\/fundacjaprzyjdz.pl\\\/sklep\\\/#website\"},\"primaryImageOfPage\":{\"@id\":\"https:\\\/\\\/fundacjaprzyjdz.pl\\\/sklep\\\/produkt\\\/kartka-drewniana-grawerowana-bombka\\\/#primaryimage\"},\"image\":{\"@id\":\"https:\\\/\\\/fundacjaprzyjdz.pl\\\/sklep\\\/produkt\\\/kartka-drewniana-grawerowana-bombka\\\/#primaryimage\"},\"thumbnailUrl\":\"https:\\\/\\\/fundacjaprzyjdz.pl\\\/sklep\\\/wp-content\\\/uploads\\\/2022\\\/10\\\/kartka_drewniana_bombka01.jpg\",\"datePublished\":\"2022-10-04T10:22:58+00:00\",\"dateModified\":\"2025-06-25T07:06:34+00:00\",\"breadcrumb\":{\"@id\":\"https:\\\/\\\/fundacjaprzyjdz.pl\\\/sklep\\\/produkt\\\/kartka-drewniana-grawerowana-bombka\\\/#breadcrumb\"},\"inLanguage\":\"pl-PL\",\"potentialAction\":[{\"@type\":\"ReadAction\",\"target\":[\"https:\\\/\\\/fundacjaprzyjdz.pl\\\/sklep\\\/produkt\\\/kartka-drewniana-grawerowana-bombka\\\/\"]}]},{\"@type\":\"ImageObject\",\"inLanguage\":\"pl-PL\",\"@id\":\"https:\\\/\\\/fundacjaprzyjdz.pl\\\/sklep\\\/produkt\\\/kartka-drewniana-grawerowana-bombka\\\/#primaryimage\",\"url\":\"https:\\\/\\\/fundacjaprzyjdz.pl\\\/sklep\\\/wp-content\\\/uploads\\\/2022\\\/10\\\/kartka_drewniana_bombka01.jpg\",\"contentUrl\":\"https:\\\/\\\/fundacjaprzyjdz.pl\\\/sklep\\\/wp-content\\\/uploads\\\/2022\\\/10\\\/kartka_drewniana_bombka01.jpg\",\"width\":800,\"height\":800,\"caption\":\"Kartka drewniana grawerowana\"},{\"@type\":\"BreadcrumbList\",\"@id\":\"https:\\\/\\\/fundacjaprzyjdz.pl\\\/sklep\\\/produkt\\\/kartka-drewniana-grawerowana-bombka\\\/#breadcrumb\",\"itemListElement\":[{\"@type\":\"ListItem\",\"position\":1,\"name\":\"Strona g\u0142\u00f3wna\",\"item\":\"https:\\\/\\\/fundacjaprzyjdz.pl\\\/sklep\\\/\"},{\"@type\":\"ListItem\",\"position\":2,\"name\":\"Wszystkie produkty\",\"item\":\"https:\\\/\\\/fundacjaprzyjdz.pl\\\/sklep\\\/wszystkie-produkty\\\/\"},{\"@type\":\"ListItem\",\"position\":3,\"name\":\"Kartka drewniana grawerowana - bombka\"}]},{\"@type\":\"WebSite\",\"@id\":\"https:\\\/\\\/fundacjaprzyjdz.pl\\\/sklep\\\/#website\",\"url\":\"https:\\\/\\\/fundacjaprzyjdz.pl\\\/sklep\\\/\",\"name\":\"Sklep Fundacji Przyjd\u017a\",\"description\":\"Ozdoby z drewna i nie tylko\",\"publisher\":{\"@id\":\"https:\\\/\\\/fundacjaprzyjdz.pl\\\/sklep\\\/#organization\"},\"potentialAction\":[{\"@type\":\"SearchAction\",\"target\":{\"@type\":\"EntryPoint\",\"urlTemplate\":\"https:\\\/\\\/fundacjaprzyjdz.pl\\\/sklep\\\/?s={search_term_string}\"},\"query-input\":{\"@type\":\"PropertyValueSpecification\",\"valueRequired\":true,\"valueName\":\"search_term_string\"}}],\"inLanguage\":\"pl-PL\"},{\"@type\":\"Organization\",\"@id\":\"https:\\\/\\\/fundacjaprzyjdz.pl\\\/sklep\\\/#organization\",\"name\":\"Sklep Fundacji \\\"Przyjd\u017a\\\"\",\"url\":\"https:\\\/\\\/fundacjaprzyjdz.pl\\\/sklep\\\/\",\"logo\":{\"@type\":\"ImageObject\",\"inLanguage\":\"pl-PL\",\"@id\":\"https:\\\/\\\/fundacjaprzyjdz.pl\\\/sklep\\\/#\\\/schema\\\/logo\\\/image\\\/\",\"url\":\"https:\\\/\\\/fundacjaprzyjdz.pl\\\/sklep\\\/wp-content\\\/uploads\\\/2021\\\/12\\\/FavIco.jpg\",\"contentUrl\":\"https:\\\/\\\/fundacjaprzyjdz.pl\\\/sklep\\\/wp-content\\\/uploads\\\/2021\\\/12\\\/FavIco.jpg\",\"width\":512,\"height\":512,\"caption\":\"Sklep Fundacji \\\"Przyjd\u017a\\\"\"},\"image\":{\"@id\":\"https:\\\/\\\/fundacjaprzyjdz.pl\\\/sklep\\\/#\\\/schema\\\/logo\\\/image\\\/\"},\"sameAs\":[\"https:\\\/\\\/www.facebook.com\\\/fundacjaprzyjdz\\\/\",\"https:\\\/\\\/www.instagram.com\\\/fundacja.przyjdz\\\/\"]}]}<\/script>\n<meta property=\"product:price:amount\" content=\"11.00\" \/>\n<meta property=\"product:price:currency\" content=\"PLN\" \/>\n<meta property=\"og:availability\" content=\"instock\" \/>\n<meta property=\"product:availability\" content=\"instock\" \/>\n<meta property=\"product:condition\" content=\"new\" \/>\n<!-- \/ Yoast SEO Premium plugin. -->","yoast_head_json":{"title":"Kartka drewniana grawerowana - bombka - Sklep Fundacji Przyjd\u017a","robots":{"index":"index","follow":"follow","max-snippet":"max-snippet:-1","max-image-preview":"max-image-preview:large","max-video-preview":"max-video-preview:-1"},"canonical":"https:\/\/fundacjaprzyjdz.pl\/sklep\/produkt\/kartka-drewniana-grawerowana-bombka\/","og_locale":"pl_PL","og_type":"article","og_title":"Kartka drewniana grawerowana - bombka","og_description":"Kartka drewniana grawerowana z wyjmowaln\u0105 bombk\u0105 mo\u017cliwo\u015b\u0107 personalizacji loga bogate wzornictwo niepowtarzalny projekt naturalny materia\u0142 wysoka jako\u015b\u0107 precyzja wykonania Rozmiar","og_url":"https:\/\/fundacjaprzyjdz.pl\/sklep\/produkt\/kartka-drewniana-grawerowana-bombka\/","og_site_name":"Sklep Fundacji Przyjd\u017a","article_publisher":"https:\/\/www.facebook.com\/fundacjaprzyjdz\/","article_modified_time":"2025-06-25T07:06:34+00:00","og_image":[{"width":800,"height":800,"url":"https:\/\/fundacjaprzyjdz.pl\/sklep\/wp-content\/uploads\/2022\/10\/kartka_drewniana_bombka01.jpg","type":"image\/jpeg"}],"twitter_card":"summary_large_image","twitter_misc":{"Cena":"11,00&nbsp;&#122;&#322;","Availability":"In stock"},"schema":{"@context":"https:\/\/schema.org","@graph":[{"@type":"WebPage","@id":"https:\/\/fundacjaprzyjdz.pl\/sklep\/produkt\/kartka-drewniana-grawerowana-bombka\/","url":"https:\/\/fundacjaprzyjdz.pl\/sklep\/produkt\/kartka-drewniana-grawerowana-bombka\/","name":"Kartka drewniana grawerowana - bombka - Sklep Fundacji Przyjd\u017a","isPartOf":{"@id":"https:\/\/fundacjaprzyjdz.pl\/sklep\/#website"},"primaryImageOfPage":{"@id":"https:\/\/fundacjaprzyjdz.pl\/sklep\/produkt\/kartka-drewniana-grawerowana-bombka\/#primaryimage"},"image":{"@id":"https:\/\/fundacjaprzyjdz.pl\/sklep\/produkt\/kartka-drewniana-grawerowana-bombka\/#primaryimage"},"thumbnailUrl":"https:\/\/fundacjaprzyjdz.pl\/sklep\/wp-content\/uploads\/2022\/10\/kartka_drewniana_bombka01.jpg","datePublished":"2022-10-04T10:22:58+00:00","dateModified":"2025-06-25T07:06:34+00:00","breadcrumb":{"@id":"https:\/\/fundacjaprzyjdz.pl\/sklep\/produkt\/kartka-drewniana-grawerowana-bombka\/#breadcrumb"},"inLanguage":"pl-PL","potentialAction":[{"@type":"ReadAction","target":["https:\/\/fundacjaprzyjdz.pl\/sklep\/produkt\/kartka-drewniana-grawerowana-bombka\/"]}]},{"@type":"ImageObject","inLanguage":"pl-PL","@id":"https:\/\/fundacjaprzyjdz.pl\/sklep\/produkt\/kartka-drewniana-grawerowana-bombka\/#primaryimage","url":"https:\/\/fundacjaprzyjdz.pl\/sklep\/wp-content\/uploads\/2022\/10\/kartka_drewniana_bombka01.jpg","contentUrl":"https:\/\/fundacjaprzyjdz.pl\/sklep\/wp-content\/uploads\/2022\/10\/kartka_drewniana_bombka01.jpg","width":800,"height":800,"caption":"Kartka drewniana grawerowana"},{"@type":"BreadcrumbList","@id":"https:\/\/fundacjaprzyjdz.pl\/sklep\/produkt\/kartka-drewniana-grawerowana-bombka\/#breadcrumb","itemListElement":[{"@type":"ListItem","position":1,"name":"Strona g\u0142\u00f3wna","item":"https:\/\/fundacjaprzyjdz.pl\/sklep\/"},{"@type":"ListItem","position":2,"name":"Wszystkie produkty","item":"https:\/\/fundacjaprzyjdz.pl\/sklep\/wszystkie-produkty\/"},{"@type":"ListItem","position":3,"name":"Kartka drewniana grawerowana - bombka"}]},{"@type":"WebSite","@id":"https:\/\/fundacjaprzyjdz.pl\/sklep\/#website","url":"https:\/\/fundacjaprzyjdz.pl\/sklep\/","name":"Sklep Fundacji Przyjd\u017a","description":"Ozdoby z drewna i nie tylko","publisher":{"@id":"https:\/\/fundacjaprzyjdz.pl\/sklep\/#organization"},"potentialAction":[{"@type":"SearchAction","target":{"@type":"EntryPoint","urlTemplate":"https:\/\/fundacjaprzyjdz.pl\/sklep\/?s={search_term_string}"},"query-input":{"@type":"PropertyValueSpecification","valueRequired":true,"valueName":"search_term_string"}}],"inLanguage":"pl-PL"},{"@type":"Organization","@id":"https:\/\/fundacjaprzyjdz.pl\/sklep\/#organization","name":"Sklep Fundacji \"Przyjd\u017a\"","url":"https:\/\/fundacjaprzyjdz.pl\/sklep\/","logo":{"@type":"ImageObject","inLanguage":"pl-PL","@id":"https:\/\/fundacjaprzyjdz.pl\/sklep\/#\/schema\/logo\/image\/","url":"https:\/\/fundacjaprzyjdz.pl\/sklep\/wp-content\/uploads\/2021\/12\/FavIco.jpg","contentUrl":"https:\/\/fundacjaprzyjdz.pl\/sklep\/wp-content\/uploads\/2021\/12\/FavIco.jpg","width":512,"height":512,"caption":"Sklep Fundacji \"Przyjd\u017a\""},"image":{"@id":"https:\/\/fundacjaprzyjdz.pl\/sklep\/#\/schema\/logo\/image\/"},"sameAs":["https:\/\/www.facebook.com\/fundacjaprzyjdz\/","https:\/\/www.instagram.com\/fundacja.przyjdz\/"]}]},"product_price_amount":"11.00","product_price_currency":"PLN","og_availability":"instock","product_availability":"instock","product_condition":"new"},"_links":{"self":[{"href":"https:\/\/fundacjaprzyjdz.pl\/sklep\/wp-json\/wp\/v2\/product\/9431","targetHints":{"allow":["GET"]}}],"collection":[{"href":"https:\/\/fundacjaprzyjdz.pl\/sklep\/wp-json\/wp\/v2\/product"}],"about":[{"href":"https:\/\/fundacjaprzyjdz.pl\/sklep\/wp-json\/wp\/v2\/types\/product"}],"replies":[{"embeddable":true,"href":"https:\/\/fundacjaprzyjdz.pl\/sklep\/wp-json\/wp\/v2\/comments?post=9431"}],"wp:featuredmedia":[{"embeddable":true,"href":"https:\/\/fundacjaprzyjdz.pl\/sklep\/wp-json\/wp\/v2\/media\/9429"}],"wp:attachment":[{"href":"https:\/\/fundacjaprzyjdz.pl\/sklep\/wp-json\/wp\/v2\/media?parent=9431"}],"wp:term":[{"taxonomy":"product_brand","embeddable":true,"href":"https:\/\/fundacjaprzyjdz.pl\/sklep\/wp-json\/wp\/v2\/product_brand?post=9431"},{"taxonomy":"product_cat","embeddable":true,"href":"https:\/\/fundacjaprzyjdz.pl\/sklep\/wp-json\/wp\/v2\/product_cat?post=9431"},{"taxonomy":"product_tag","embeddable":true,"href":"https:\/\/fundacjaprzyjdz.pl\/sklep\/wp-json\/wp\/v2\/product_tag?post=9431"}],"curies":[{"name":"wp","href":"https:\/\/api.w.org\/{rel}","templated":true}]}}