{"id":8646,"date":"2021-11-08T00:37:58","date_gmt":"2021-11-07T23:37:58","guid":{"rendered":"https:\/\/fundacjaprzyjdz.pl\/sklep\/?post_type=product&#038;p=8646"},"modified":"2025-04-28T08:12:26","modified_gmt":"2025-04-28T06:12:26","slug":"gra-ufam-tobie","status":"publish","type":"product","link":"https:\/\/fundacjaprzyjdz.pl\/sklep\/produkt\/gra-ufam-tobie\/","title":{"rendered":"Ufam Tobie"},"content":{"rendered":"<p>Gra \"Ufam Tobie\" da Ci mo\u017cliwo\u015b\u0107 zapoznania si\u0119 z chrze\u015bcija\u0144skimi warto\u015bciami. Staraj si\u0119 zdoby\u0107 jak najwi\u0119cej \u017ceton\u00f3w cn\u00f3t jednocze\u015bnie pozbywaj\u0105c si\u0119 \u017ceton\u00f3w wad. W czasie gry b\u0119dziesz dodatkowo zach\u0119cany do odpowiadania na pytania, dzi\u0119ki kt\u00f3rym zdob\u0119dziesz lub sprawdzisz swoj\u0105 wiedz\u0119 na temat Bo\u017cego mi\u0142osierdzia, a tak\u017ce podstawowych prawd \u017cycia chrze\u015bcija\u0144skiego.<\/p>\n<h4>CEL GRY<\/h4>\n<p>Celem gry jest zdobycie \u017ceton\u00f3w cn\u00f3t i u\u0142o\u017cenie dzi\u0119ki nim zdania \"Ufam Tobie\".<\/p>\n<p>Zawarto\u015b\u0107 pude\u0142ka<\/p>\n<ul>\n<li>Plansza<\/li>\n<li>Karty pyta\u0144<\/li>\n<li>Pionki<\/li>\n<li>\u017betony cn\u00f3t i wad<\/li>\n<li>Kostka<\/li>\n<li>Instrukcja gry<\/li>\n<\/ul>\n","protected":false},"excerpt":{"rendered":"<p>Gra \"Ufam Tobie\" stanie si\u0119 dla Ciebie okazj\u0105 do zapoznania z chrze\u015bcija\u0144skimi warto\u015bciami. Staraj si\u0119 zdoby\u0107 jak najwi\u0119cej \u017ceton\u00f3w cn\u00f3t i pozby\u0107 \u017ceton\u00f3w wad. Odpowiadaj\u0105c na pytania stawiane podczas gry zdob\u0119dziesz lub sprawdzisz swoj\u0105 wiedz\u0119 na temat Bo\u017cego mi\u0142osierdzia.<\/p>\n","protected":false},"featured_media":8947,"comment_status":"open","ping_status":"closed","template":"","meta":[],"product_brand":[],"product_cat":[95],"product_tag":[],"class_list":{"0":"post-8646","1":"product","2":"type-product","3":"status-publish","4":"has-post-thumbnail","6":"product_cat-gry","8":"first","9":"outofstock","10":"shipping-taxable","11":"purchasable","12":"product-type-simple"},"yoast_head":"<!-- This site is optimized with the Yoast SEO Premium plugin v19.0.1 (Yoast SEO v27.4) - https:\/\/yoast.com\/product\/yoast-seo-premium-wordpress\/ -->\n<title>Gra Ufam Tobie - Sklep Fundacji Przyjd\u017a<\/title>\n<meta name=\"description\" content=\"Gra Ufam Tobie stanie si\u0119 okazj\u0105 do zapoznania z warto\u015bciami chrze\u015bcija\u0144skimi. Odpowiadaj na pytania, zdob\u0105d\u017a jak najwi\u0119cej \u017ceton\u00f3w cn\u00f3t.\" \/>\n<meta name=\"robots\" content=\"index, follow, max-snippet:-1, max-image-preview:large, max-video-preview:-1\" \/>\n<link rel=\"canonical\" href=\"https:\/\/fundacjaprzyjdz.pl\/sklep\/produkt\/gra-ufam-tobie\/\" \/>\n<meta property=\"og:locale\" content=\"pl_PL\" \/>\n<meta property=\"og:type\" content=\"article\" \/>\n<meta property=\"og:title\" content=\"Ufam Tobie\" \/>\n<meta property=\"og:description\" content=\"Gra Ufam Tobie stanie si\u0119 okazj\u0105 do zapoznania z warto\u015bciami chrze\u015bcija\u0144skimi. Odpowiadaj na pytania, zdob\u0105d\u017a jak najwi\u0119cej \u017ceton\u00f3w cn\u00f3t.\" \/>\n<meta property=\"og:url\" content=\"https:\/\/fundacjaprzyjdz.pl\/sklep\/produkt\/gra-ufam-tobie\/\" \/>\n<meta property=\"og:site_name\" content=\"Sklep Fundacji Przyjd\u017a\" \/>\n<meta property=\"article:publisher\" content=\"https:\/\/www.facebook.com\/fundacjaprzyjdz\/\" \/>\n<meta property=\"article:modified_time\" content=\"2025-04-28T06:12:26+00:00\" \/>\n<meta property=\"og:image\" content=\"https:\/\/fundacjaprzyjdz.pl\/sklep\/wp-content\/uploads\/2021\/11\/Ufam-Tobie-rodzinna-gra-planszowa-pudelko.jpg\" \/>\n\t<meta property=\"og:image:width\" content=\"800\" \/>\n\t<meta property=\"og:image:height\" content=\"800\" \/>\n\t<meta property=\"og:image:type\" content=\"image\/jpeg\" \/>\n<meta name=\"twitter:card\" content=\"summary_large_image\" \/>\n<meta name=\"twitter:label1\" content=\"Cena\" \/>\n\t<meta name=\"twitter:data1\" content=\"70,00&nbsp;&#122;&#322;\" \/>\n\t<meta name=\"twitter:label2\" content=\"Availability\" \/>\n\t<meta name=\"twitter:data2\" content=\"Out of stock\" \/>\n<script type=\"application\/ld+json\" class=\"yoast-schema-graph\">{\"@context\":\"https:\\\/\\\/schema.org\",\"@graph\":[{\"@type\":\"WebPage\",\"@id\":\"https:\\\/\\\/fundacjaprzyjdz.pl\\\/sklep\\\/produkt\\\/gra-ufam-tobie\\\/\",\"url\":\"https:\\\/\\\/fundacjaprzyjdz.pl\\\/sklep\\\/produkt\\\/gra-ufam-tobie\\\/\",\"name\":\"Gra Ufam Tobie - Sklep Fundacji Przyjd\u017a\",\"isPartOf\":{\"@id\":\"https:\\\/\\\/fundacjaprzyjdz.pl\\\/sklep\\\/#website\"},\"primaryImageOfPage\":{\"@id\":\"https:\\\/\\\/fundacjaprzyjdz.pl\\\/sklep\\\/produkt\\\/gra-ufam-tobie\\\/#primaryimage\"},\"image\":{\"@id\":\"https:\\\/\\\/fundacjaprzyjdz.pl\\\/sklep\\\/produkt\\\/gra-ufam-tobie\\\/#primaryimage\"},\"thumbnailUrl\":\"https:\\\/\\\/fundacjaprzyjdz.pl\\\/sklep\\\/wp-content\\\/uploads\\\/2021\\\/11\\\/Ufam-Tobie-rodzinna-gra-planszowa-pudelko.jpg\",\"datePublished\":\"2021-11-07T23:37:58+00:00\",\"dateModified\":\"2025-04-28T06:12:26+00:00\",\"description\":\"Gra Ufam Tobie stanie si\u0119 okazj\u0105 do zapoznania z warto\u015bciami chrze\u015bcija\u0144skimi. Odpowiadaj na pytania, zdob\u0105d\u017a jak najwi\u0119cej \u017ceton\u00f3w cn\u00f3t.\",\"breadcrumb\":{\"@id\":\"https:\\\/\\\/fundacjaprzyjdz.pl\\\/sklep\\\/produkt\\\/gra-ufam-tobie\\\/#breadcrumb\"},\"inLanguage\":\"pl-PL\",\"potentialAction\":[{\"@type\":\"ReadAction\",\"target\":[\"https:\\\/\\\/fundacjaprzyjdz.pl\\\/sklep\\\/produkt\\\/gra-ufam-tobie\\\/\"]}]},{\"@type\":\"ImageObject\",\"inLanguage\":\"pl-PL\",\"@id\":\"https:\\\/\\\/fundacjaprzyjdz.pl\\\/sklep\\\/produkt\\\/gra-ufam-tobie\\\/#primaryimage\",\"url\":\"https:\\\/\\\/fundacjaprzyjdz.pl\\\/sklep\\\/wp-content\\\/uploads\\\/2021\\\/11\\\/Ufam-Tobie-rodzinna-gra-planszowa-pudelko.jpg\",\"contentUrl\":\"https:\\\/\\\/fundacjaprzyjdz.pl\\\/sklep\\\/wp-content\\\/uploads\\\/2021\\\/11\\\/Ufam-Tobie-rodzinna-gra-planszowa-pudelko.jpg\",\"width\":800,\"height\":800,\"caption\":\"Ufam Tobie rodzinna gra planszowa pude\u0142ko\"},{\"@type\":\"BreadcrumbList\",\"@id\":\"https:\\\/\\\/fundacjaprzyjdz.pl\\\/sklep\\\/produkt\\\/gra-ufam-tobie\\\/#breadcrumb\",\"itemListElement\":[{\"@type\":\"ListItem\",\"position\":1,\"name\":\"Strona g\u0142\u00f3wna\",\"item\":\"https:\\\/\\\/fundacjaprzyjdz.pl\\\/sklep\\\/\"},{\"@type\":\"ListItem\",\"position\":2,\"name\":\"Wszystkie produkty\",\"item\":\"https:\\\/\\\/fundacjaprzyjdz.pl\\\/sklep\\\/wszystkie-produkty\\\/\"},{\"@type\":\"ListItem\",\"position\":3,\"name\":\"Ufam Tobie\"}]},{\"@type\":\"WebSite\",\"@id\":\"https:\\\/\\\/fundacjaprzyjdz.pl\\\/sklep\\\/#website\",\"url\":\"https:\\\/\\\/fundacjaprzyjdz.pl\\\/sklep\\\/\",\"name\":\"Sklep Fundacji Przyjd\u017a\",\"description\":\"Ozdoby z drewna i nie tylko\",\"publisher\":{\"@id\":\"https:\\\/\\\/fundacjaprzyjdz.pl\\\/sklep\\\/#organization\"},\"potentialAction\":[{\"@type\":\"SearchAction\",\"target\":{\"@type\":\"EntryPoint\",\"urlTemplate\":\"https:\\\/\\\/fundacjaprzyjdz.pl\\\/sklep\\\/?s={search_term_string}\"},\"query-input\":{\"@type\":\"PropertyValueSpecification\",\"valueRequired\":true,\"valueName\":\"search_term_string\"}}],\"inLanguage\":\"pl-PL\"},{\"@type\":\"Organization\",\"@id\":\"https:\\\/\\\/fundacjaprzyjdz.pl\\\/sklep\\\/#organization\",\"name\":\"Sklep Fundacji \\\"Przyjd\u017a\\\"\",\"url\":\"https:\\\/\\\/fundacjaprzyjdz.pl\\\/sklep\\\/\",\"logo\":{\"@type\":\"ImageObject\",\"inLanguage\":\"pl-PL\",\"@id\":\"https:\\\/\\\/fundacjaprzyjdz.pl\\\/sklep\\\/#\\\/schema\\\/logo\\\/image\\\/\",\"url\":\"https:\\\/\\\/fundacjaprzyjdz.pl\\\/sklep\\\/wp-content\\\/uploads\\\/2021\\\/12\\\/FavIco.jpg\",\"contentUrl\":\"https:\\\/\\\/fundacjaprzyjdz.pl\\\/sklep\\\/wp-content\\\/uploads\\\/2021\\\/12\\\/FavIco.jpg\",\"width\":512,\"height\":512,\"caption\":\"Sklep Fundacji \\\"Przyjd\u017a\\\"\"},\"image\":{\"@id\":\"https:\\\/\\\/fundacjaprzyjdz.pl\\\/sklep\\\/#\\\/schema\\\/logo\\\/image\\\/\"},\"sameAs\":[\"https:\\\/\\\/www.facebook.com\\\/fundacjaprzyjdz\\\/\",\"https:\\\/\\\/www.instagram.com\\\/fundacja.przyjdz\\\/\"]}]}<\/script>\n<meta property=\"product:price:amount\" content=\"70.00\" \/>\n<meta property=\"product:price:currency\" content=\"PLN\" \/>\n<meta property=\"og:availability\" content=\"out of stock\" \/>\n<meta property=\"product:availability\" content=\"out of stock\" \/>\n<meta property=\"product:condition\" content=\"new\" \/>\n<!-- \/ Yoast SEO Premium plugin. -->","yoast_head_json":{"title":"Gra Ufam Tobie - Sklep Fundacji Przyjd\u017a","description":"Gra Ufam Tobie stanie si\u0119 okazj\u0105 do zapoznania z warto\u015bciami chrze\u015bcija\u0144skimi. Odpowiadaj na pytania, zdob\u0105d\u017a jak najwi\u0119cej \u017ceton\u00f3w cn\u00f3t.","robots":{"index":"index","follow":"follow","max-snippet":"max-snippet:-1","max-image-preview":"max-image-preview:large","max-video-preview":"max-video-preview:-1"},"canonical":"https:\/\/fundacjaprzyjdz.pl\/sklep\/produkt\/gra-ufam-tobie\/","og_locale":"pl_PL","og_type":"article","og_title":"Ufam Tobie","og_description":"Gra Ufam Tobie stanie si\u0119 okazj\u0105 do zapoznania z warto\u015bciami chrze\u015bcija\u0144skimi. Odpowiadaj na pytania, zdob\u0105d\u017a jak najwi\u0119cej \u017ceton\u00f3w cn\u00f3t.","og_url":"https:\/\/fundacjaprzyjdz.pl\/sklep\/produkt\/gra-ufam-tobie\/","og_site_name":"Sklep Fundacji Przyjd\u017a","article_publisher":"https:\/\/www.facebook.com\/fundacjaprzyjdz\/","article_modified_time":"2025-04-28T06:12:26+00:00","og_image":[{"width":800,"height":800,"url":"https:\/\/fundacjaprzyjdz.pl\/sklep\/wp-content\/uploads\/2021\/11\/Ufam-Tobie-rodzinna-gra-planszowa-pudelko.jpg","type":"image\/jpeg"}],"twitter_card":"summary_large_image","twitter_misc":{"Cena":"70,00&nbsp;&#122;&#322;","Availability":"Out of stock"},"schema":{"@context":"https:\/\/schema.org","@graph":[{"@type":"WebPage","@id":"https:\/\/fundacjaprzyjdz.pl\/sklep\/produkt\/gra-ufam-tobie\/","url":"https:\/\/fundacjaprzyjdz.pl\/sklep\/produkt\/gra-ufam-tobie\/","name":"Gra Ufam Tobie - Sklep Fundacji Przyjd\u017a","isPartOf":{"@id":"https:\/\/fundacjaprzyjdz.pl\/sklep\/#website"},"primaryImageOfPage":{"@id":"https:\/\/fundacjaprzyjdz.pl\/sklep\/produkt\/gra-ufam-tobie\/#primaryimage"},"image":{"@id":"https:\/\/fundacjaprzyjdz.pl\/sklep\/produkt\/gra-ufam-tobie\/#primaryimage"},"thumbnailUrl":"https:\/\/fundacjaprzyjdz.pl\/sklep\/wp-content\/uploads\/2021\/11\/Ufam-Tobie-rodzinna-gra-planszowa-pudelko.jpg","datePublished":"2021-11-07T23:37:58+00:00","dateModified":"2025-04-28T06:12:26+00:00","description":"Gra Ufam Tobie stanie si\u0119 okazj\u0105 do zapoznania z warto\u015bciami chrze\u015bcija\u0144skimi. Odpowiadaj na pytania, zdob\u0105d\u017a jak najwi\u0119cej \u017ceton\u00f3w cn\u00f3t.","breadcrumb":{"@id":"https:\/\/fundacjaprzyjdz.pl\/sklep\/produkt\/gra-ufam-tobie\/#breadcrumb"},"inLanguage":"pl-PL","potentialAction":[{"@type":"ReadAction","target":["https:\/\/fundacjaprzyjdz.pl\/sklep\/produkt\/gra-ufam-tobie\/"]}]},{"@type":"ImageObject","inLanguage":"pl-PL","@id":"https:\/\/fundacjaprzyjdz.pl\/sklep\/produkt\/gra-ufam-tobie\/#primaryimage","url":"https:\/\/fundacjaprzyjdz.pl\/sklep\/wp-content\/uploads\/2021\/11\/Ufam-Tobie-rodzinna-gra-planszowa-pudelko.jpg","contentUrl":"https:\/\/fundacjaprzyjdz.pl\/sklep\/wp-content\/uploads\/2021\/11\/Ufam-Tobie-rodzinna-gra-planszowa-pudelko.jpg","width":800,"height":800,"caption":"Ufam Tobie rodzinna gra planszowa pude\u0142ko"},{"@type":"BreadcrumbList","@id":"https:\/\/fundacjaprzyjdz.pl\/sklep\/produkt\/gra-ufam-tobie\/#breadcrumb","itemListElement":[{"@type":"ListItem","position":1,"name":"Strona g\u0142\u00f3wna","item":"https:\/\/fundacjaprzyjdz.pl\/sklep\/"},{"@type":"ListItem","position":2,"name":"Wszystkie produkty","item":"https:\/\/fundacjaprzyjdz.pl\/sklep\/wszystkie-produkty\/"},{"@type":"ListItem","position":3,"name":"Ufam Tobie"}]},{"@type":"WebSite","@id":"https:\/\/fundacjaprzyjdz.pl\/sklep\/#website","url":"https:\/\/fundacjaprzyjdz.pl\/sklep\/","name":"Sklep Fundacji Przyjd\u017a","description":"Ozdoby z drewna i nie tylko","publisher":{"@id":"https:\/\/fundacjaprzyjdz.pl\/sklep\/#organization"},"potentialAction":[{"@type":"SearchAction","target":{"@type":"EntryPoint","urlTemplate":"https:\/\/fundacjaprzyjdz.pl\/sklep\/?s={search_term_string}"},"query-input":{"@type":"PropertyValueSpecification","valueRequired":true,"valueName":"search_term_string"}}],"inLanguage":"pl-PL"},{"@type":"Organization","@id":"https:\/\/fundacjaprzyjdz.pl\/sklep\/#organization","name":"Sklep Fundacji \"Przyjd\u017a\"","url":"https:\/\/fundacjaprzyjdz.pl\/sklep\/","logo":{"@type":"ImageObject","inLanguage":"pl-PL","@id":"https:\/\/fundacjaprzyjdz.pl\/sklep\/#\/schema\/logo\/image\/","url":"https:\/\/fundacjaprzyjdz.pl\/sklep\/wp-content\/uploads\/2021\/12\/FavIco.jpg","contentUrl":"https:\/\/fundacjaprzyjdz.pl\/sklep\/wp-content\/uploads\/2021\/12\/FavIco.jpg","width":512,"height":512,"caption":"Sklep Fundacji \"Przyjd\u017a\""},"image":{"@id":"https:\/\/fundacjaprzyjdz.pl\/sklep\/#\/schema\/logo\/image\/"},"sameAs":["https:\/\/www.facebook.com\/fundacjaprzyjdz\/","https:\/\/www.instagram.com\/fundacja.przyjdz\/"]}]},"product_price_amount":"70.00","product_price_currency":"PLN","og_availability":"out of stock","product_availability":"out of stock","product_condition":"new"},"_links":{"self":[{"href":"https:\/\/fundacjaprzyjdz.pl\/sklep\/wp-json\/wp\/v2\/product\/8646","targetHints":{"allow":["GET"]}}],"collection":[{"href":"https:\/\/fundacjaprzyjdz.pl\/sklep\/wp-json\/wp\/v2\/product"}],"about":[{"href":"https:\/\/fundacjaprzyjdz.pl\/sklep\/wp-json\/wp\/v2\/types\/product"}],"replies":[{"embeddable":true,"href":"https:\/\/fundacjaprzyjdz.pl\/sklep\/wp-json\/wp\/v2\/comments?post=8646"}],"wp:featuredmedia":[{"embeddable":true,"href":"https:\/\/fundacjaprzyjdz.pl\/sklep\/wp-json\/wp\/v2\/media\/8947"}],"wp:attachment":[{"href":"https:\/\/fundacjaprzyjdz.pl\/sklep\/wp-json\/wp\/v2\/media?parent=8646"}],"wp:term":[{"taxonomy":"product_brand","embeddable":true,"href":"https:\/\/fundacjaprzyjdz.pl\/sklep\/wp-json\/wp\/v2\/product_brand?post=8646"},{"taxonomy":"product_cat","embeddable":true,"href":"https:\/\/fundacjaprzyjdz.pl\/sklep\/wp-json\/wp\/v2\/product_cat?post=8646"},{"taxonomy":"product_tag","embeddable":true,"href":"https:\/\/fundacjaprzyjdz.pl\/sklep\/wp-json\/wp\/v2\/product_tag?post=8646"}],"curies":[{"name":"wp","href":"https:\/\/api.w.org\/{rel}","templated":true}]}}