{"id":8605,"date":"2021-11-20T23:58:05","date_gmt":"2021-11-20T22:58:05","guid":{"rendered":"https:\/\/fundacjaprzyjdz.pl\/sklep\/?post_type=product&#038;p=8605"},"modified":"2026-04-06T12:28:44","modified_gmt":"2026-04-06T10:28:44","slug":"gra-tripol","status":"publish","type":"product","link":"https:\/\/fundacjaprzyjdz.pl\/sklep\/produkt\/gra-tripol\/","title":{"rendered":"Tripol"},"content":{"rendered":"<p>Gra Tripol przeznaczona jest dla os\u00f3b w dowolnym wieku. Rozgrywka jest okazj\u0105 do dobrej, towarzyskiej integracji i sposobem na rozwini\u0119cie zdolno\u015bci matematyczno-logicznych. Wraz z post\u0119pem rozgrywki, zwi\u0119ksza si\u0119 ilo\u015b\u0107 mo\u017cliwych po\u0142\u0105cze\u0144, tym samym daj\u0105c zawodnikom mo\u017cliwo\u015b\u0107 wykazania si\u0119 spostrzegawczo\u015bci\u0105 i sprytem.<\/p>\n<p>W grze Tripol losujesz jeden z element\u00f3w ze stosu, a nast\u0119pnie \u0142\u0105czysz kolorowe tr\u00f3jk\u0105ty w taki spos\u00f3b by zdoby\u0107 jak najwi\u0119cej punkt\u00f3w. Pami\u0119taj, \u017ce dwukolorowe kraw\u0119dzie dadz\u0105 Ci mo\u017cliwo\u015b\u0107 wylosowania nast\u0119pnego kafelka. Im wi\u0119cej po\u0142\u0105cze\u0144 utworzysz, tym wi\u0119cej dodatkowych punkt\u00f3w zdob\u0119dziesz. Gra Tripol rozwinie Twoje umiej\u0119tno\u015b\u0107 logicznego my\u015blenia oraz spostrzegawczo\u015b\u0107.<\/p>\n<h4>CEL GRY<\/h4>\n<p>Twoim celem jest zdobycie jak najwi\u0119kszej ilo\u015bci punkt\u00f3w, docieraj\u0105c do ko\u0144ca toru punktacji.<\/p>\n<p><strong>Zawarto\u015b\u0107 pude\u0142ka<\/strong><\/p>\n<ul>\n<li>124 kartonowe tr\u00f3jk\u0105ty<\/li>\n<li>6 znacznik\u00f3w<\/li>\n<li>tor punktacji<\/li>\n<li>2 instrukcje (PL\/EN)<\/li>\n<\/ul>\n<p><strong>\u00a0<\/strong><\/p>\n","protected":false},"excerpt":{"rendered":"<p>W logicznej grze Tripol \u0142\u0105czysz kraw\u0119dziami kolorowe tr\u00f3jk\u0105ty w taki spos\u00f3b by zdoby\u0107 jak najwi\u0119cej punkt\u00f3w. Im wi\u0119cej po\u0142\u0105cze\u0144 utworzysz, tym wi\u0119cej dodatkowych punkt\u00f3w zdob\u0119dziesz.<\/p>\n","protected":false},"featured_media":8957,"comment_status":"open","ping_status":"closed","template":"","meta":[],"product_brand":[],"product_cat":[95],"product_tag":[],"class_list":{"0":"post-8605","1":"product","2":"type-product","3":"status-publish","4":"has-post-thumbnail","6":"product_cat-gry","8":"first","9":"instock","10":"sale","11":"shipping-taxable","12":"purchasable","13":"product-type-simple"},"yoast_head":"<!-- This site is optimized with the Yoast SEO Premium plugin v19.0.1 (Yoast SEO v27.4) - https:\/\/yoast.com\/product\/yoast-seo-premium-wordpress\/ -->\n<title>Gra Tripol - Sklep Fundacji Przyjd\u017a<\/title>\n<meta name=\"description\" content=\"Gra Tripol to wyzwanie logiczno-matematyczne. \u0141\u0105czysz kraw\u0119dziami kolorowe tr\u00f3jk\u0105ty w taki spos\u00f3b, by zdoby\u0107 jak najwi\u0119cej punkt\u00f3w.\" \/>\n<meta name=\"robots\" content=\"index, follow, max-snippet:-1, max-image-preview:large, max-video-preview:-1\" \/>\n<link rel=\"canonical\" href=\"https:\/\/fundacjaprzyjdz.pl\/sklep\/produkt\/gra-tripol\/\" \/>\n<meta property=\"og:locale\" content=\"pl_PL\" \/>\n<meta property=\"og:type\" content=\"article\" \/>\n<meta property=\"og:title\" content=\"Tripol\" \/>\n<meta property=\"og:description\" content=\"Gra Tripol to wyzwanie logiczno-matematyczne. \u0141\u0105czysz kraw\u0119dziami kolorowe tr\u00f3jk\u0105ty w taki spos\u00f3b, by zdoby\u0107 jak najwi\u0119cej punkt\u00f3w.\" \/>\n<meta property=\"og:url\" content=\"https:\/\/fundacjaprzyjdz.pl\/sklep\/produkt\/gra-tripol\/\" \/>\n<meta property=\"og:site_name\" content=\"Sklep Fundacji Przyjd\u017a\" \/>\n<meta property=\"article:publisher\" content=\"https:\/\/www.facebook.com\/fundacjaprzyjdz\/\" \/>\n<meta property=\"article:modified_time\" content=\"2026-04-06T10:28:44+00:00\" \/>\n<meta property=\"og:image\" content=\"https:\/\/fundacjaprzyjdz.pl\/sklep\/wp-content\/uploads\/2021\/11\/Tripol-gra-logiczna-pudelko-1.jpg\" \/>\n\t<meta property=\"og:image:width\" content=\"800\" \/>\n\t<meta property=\"og:image:height\" content=\"800\" \/>\n\t<meta property=\"og:image:type\" content=\"image\/jpeg\" \/>\n<meta name=\"twitter:card\" content=\"summary_large_image\" \/>\n<meta name=\"twitter:label1\" content=\"Cena\" \/>\n\t<meta name=\"twitter:data1\" content=\"70,00&nbsp;&#122;&#322; Pierwotna cena wynosi\u0142a: 70,00&nbsp;&#122;&#322;.55,00&nbsp;&#122;&#322;Aktualna cena wynosi: 55,00&nbsp;&#122;&#322;.\" \/>\n\t<meta name=\"twitter:label2\" content=\"Availability\" \/>\n\t<meta name=\"twitter:data2\" content=\"In stock\" \/>\n<script type=\"application\/ld+json\" class=\"yoast-schema-graph\">{\"@context\":\"https:\\\/\\\/schema.org\",\"@graph\":[{\"@type\":\"WebPage\",\"@id\":\"https:\\\/\\\/fundacjaprzyjdz.pl\\\/sklep\\\/produkt\\\/gra-tripol\\\/\",\"url\":\"https:\\\/\\\/fundacjaprzyjdz.pl\\\/sklep\\\/produkt\\\/gra-tripol\\\/\",\"name\":\"Gra Tripol - Sklep Fundacji Przyjd\u017a\",\"isPartOf\":{\"@id\":\"https:\\\/\\\/fundacjaprzyjdz.pl\\\/sklep\\\/#website\"},\"primaryImageOfPage\":{\"@id\":\"https:\\\/\\\/fundacjaprzyjdz.pl\\\/sklep\\\/produkt\\\/gra-tripol\\\/#primaryimage\"},\"image\":{\"@id\":\"https:\\\/\\\/fundacjaprzyjdz.pl\\\/sklep\\\/produkt\\\/gra-tripol\\\/#primaryimage\"},\"thumbnailUrl\":\"https:\\\/\\\/fundacjaprzyjdz.pl\\\/sklep\\\/wp-content\\\/uploads\\\/2021\\\/11\\\/Tripol-gra-logiczna-pudelko-1.jpg\",\"datePublished\":\"2021-11-20T22:58:05+00:00\",\"dateModified\":\"2026-04-06T10:28:44+00:00\",\"description\":\"Gra Tripol to wyzwanie logiczno-matematyczne. \u0141\u0105czysz kraw\u0119dziami kolorowe tr\u00f3jk\u0105ty w taki spos\u00f3b, by zdoby\u0107 jak najwi\u0119cej punkt\u00f3w.\",\"breadcrumb\":{\"@id\":\"https:\\\/\\\/fundacjaprzyjdz.pl\\\/sklep\\\/produkt\\\/gra-tripol\\\/#breadcrumb\"},\"inLanguage\":\"pl-PL\",\"potentialAction\":[{\"@type\":\"ReadAction\",\"target\":[\"https:\\\/\\\/fundacjaprzyjdz.pl\\\/sklep\\\/produkt\\\/gra-tripol\\\/\"]}]},{\"@type\":\"ImageObject\",\"inLanguage\":\"pl-PL\",\"@id\":\"https:\\\/\\\/fundacjaprzyjdz.pl\\\/sklep\\\/produkt\\\/gra-tripol\\\/#primaryimage\",\"url\":\"https:\\\/\\\/fundacjaprzyjdz.pl\\\/sklep\\\/wp-content\\\/uploads\\\/2021\\\/11\\\/Tripol-gra-logiczna-pudelko-1.jpg\",\"contentUrl\":\"https:\\\/\\\/fundacjaprzyjdz.pl\\\/sklep\\\/wp-content\\\/uploads\\\/2021\\\/11\\\/Tripol-gra-logiczna-pudelko-1.jpg\",\"width\":800,\"height\":800,\"caption\":\"Tripol gra logiczna pude\u0142ko\"},{\"@type\":\"BreadcrumbList\",\"@id\":\"https:\\\/\\\/fundacjaprzyjdz.pl\\\/sklep\\\/produkt\\\/gra-tripol\\\/#breadcrumb\",\"itemListElement\":[{\"@type\":\"ListItem\",\"position\":1,\"name\":\"Strona g\u0142\u00f3wna\",\"item\":\"https:\\\/\\\/fundacjaprzyjdz.pl\\\/sklep\\\/\"},{\"@type\":\"ListItem\",\"position\":2,\"name\":\"Wszystkie produkty\",\"item\":\"https:\\\/\\\/fundacjaprzyjdz.pl\\\/sklep\\\/wszystkie-produkty\\\/\"},{\"@type\":\"ListItem\",\"position\":3,\"name\":\"Tripol\"}]},{\"@type\":\"WebSite\",\"@id\":\"https:\\\/\\\/fundacjaprzyjdz.pl\\\/sklep\\\/#website\",\"url\":\"https:\\\/\\\/fundacjaprzyjdz.pl\\\/sklep\\\/\",\"name\":\"Sklep Fundacji Przyjd\u017a\",\"description\":\"Ozdoby z drewna i nie tylko\",\"publisher\":{\"@id\":\"https:\\\/\\\/fundacjaprzyjdz.pl\\\/sklep\\\/#organization\"},\"potentialAction\":[{\"@type\":\"SearchAction\",\"target\":{\"@type\":\"EntryPoint\",\"urlTemplate\":\"https:\\\/\\\/fundacjaprzyjdz.pl\\\/sklep\\\/?s={search_term_string}\"},\"query-input\":{\"@type\":\"PropertyValueSpecification\",\"valueRequired\":true,\"valueName\":\"search_term_string\"}}],\"inLanguage\":\"pl-PL\"},{\"@type\":\"Organization\",\"@id\":\"https:\\\/\\\/fundacjaprzyjdz.pl\\\/sklep\\\/#organization\",\"name\":\"Sklep Fundacji \\\"Przyjd\u017a\\\"\",\"url\":\"https:\\\/\\\/fundacjaprzyjdz.pl\\\/sklep\\\/\",\"logo\":{\"@type\":\"ImageObject\",\"inLanguage\":\"pl-PL\",\"@id\":\"https:\\\/\\\/fundacjaprzyjdz.pl\\\/sklep\\\/#\\\/schema\\\/logo\\\/image\\\/\",\"url\":\"https:\\\/\\\/fundacjaprzyjdz.pl\\\/sklep\\\/wp-content\\\/uploads\\\/2021\\\/12\\\/FavIco.jpg\",\"contentUrl\":\"https:\\\/\\\/fundacjaprzyjdz.pl\\\/sklep\\\/wp-content\\\/uploads\\\/2021\\\/12\\\/FavIco.jpg\",\"width\":512,\"height\":512,\"caption\":\"Sklep Fundacji \\\"Przyjd\u017a\\\"\"},\"image\":{\"@id\":\"https:\\\/\\\/fundacjaprzyjdz.pl\\\/sklep\\\/#\\\/schema\\\/logo\\\/image\\\/\"},\"sameAs\":[\"https:\\\/\\\/www.facebook.com\\\/fundacjaprzyjdz\\\/\",\"https:\\\/\\\/www.instagram.com\\\/fundacja.przyjdz\\\/\"]}]}<\/script>\n<meta property=\"product:price:amount\" content=\"55.00\" \/>\n<meta property=\"product:price:currency\" content=\"PLN\" \/>\n<meta property=\"og:availability\" content=\"instock\" \/>\n<meta property=\"product:availability\" content=\"instock\" \/>\n<meta property=\"product:condition\" content=\"new\" \/>\n<!-- \/ Yoast SEO Premium plugin. -->","yoast_head_json":{"title":"Gra Tripol - Sklep Fundacji Przyjd\u017a","description":"Gra Tripol to wyzwanie logiczno-matematyczne. \u0141\u0105czysz kraw\u0119dziami kolorowe tr\u00f3jk\u0105ty w taki spos\u00f3b, by zdoby\u0107 jak najwi\u0119cej punkt\u00f3w.","robots":{"index":"index","follow":"follow","max-snippet":"max-snippet:-1","max-image-preview":"max-image-preview:large","max-video-preview":"max-video-preview:-1"},"canonical":"https:\/\/fundacjaprzyjdz.pl\/sklep\/produkt\/gra-tripol\/","og_locale":"pl_PL","og_type":"article","og_title":"Tripol","og_description":"Gra Tripol to wyzwanie logiczno-matematyczne. \u0141\u0105czysz kraw\u0119dziami kolorowe tr\u00f3jk\u0105ty w taki spos\u00f3b, by zdoby\u0107 jak najwi\u0119cej punkt\u00f3w.","og_url":"https:\/\/fundacjaprzyjdz.pl\/sklep\/produkt\/gra-tripol\/","og_site_name":"Sklep Fundacji Przyjd\u017a","article_publisher":"https:\/\/www.facebook.com\/fundacjaprzyjdz\/","article_modified_time":"2026-04-06T10:28:44+00:00","og_image":[{"width":800,"height":800,"url":"https:\/\/fundacjaprzyjdz.pl\/sklep\/wp-content\/uploads\/2021\/11\/Tripol-gra-logiczna-pudelko-1.jpg","type":"image\/jpeg"}],"twitter_card":"summary_large_image","twitter_misc":{"Cena":"70,00&nbsp;&#122;&#322; Pierwotna cena wynosi\u0142a: 70,00&nbsp;&#122;&#322;.55,00&nbsp;&#122;&#322;Aktualna cena wynosi: 55,00&nbsp;&#122;&#322;.","Availability":"In stock"},"schema":{"@context":"https:\/\/schema.org","@graph":[{"@type":"WebPage","@id":"https:\/\/fundacjaprzyjdz.pl\/sklep\/produkt\/gra-tripol\/","url":"https:\/\/fundacjaprzyjdz.pl\/sklep\/produkt\/gra-tripol\/","name":"Gra Tripol - Sklep Fundacji Przyjd\u017a","isPartOf":{"@id":"https:\/\/fundacjaprzyjdz.pl\/sklep\/#website"},"primaryImageOfPage":{"@id":"https:\/\/fundacjaprzyjdz.pl\/sklep\/produkt\/gra-tripol\/#primaryimage"},"image":{"@id":"https:\/\/fundacjaprzyjdz.pl\/sklep\/produkt\/gra-tripol\/#primaryimage"},"thumbnailUrl":"https:\/\/fundacjaprzyjdz.pl\/sklep\/wp-content\/uploads\/2021\/11\/Tripol-gra-logiczna-pudelko-1.jpg","datePublished":"2021-11-20T22:58:05+00:00","dateModified":"2026-04-06T10:28:44+00:00","description":"Gra Tripol to wyzwanie logiczno-matematyczne. \u0141\u0105czysz kraw\u0119dziami kolorowe tr\u00f3jk\u0105ty w taki spos\u00f3b, by zdoby\u0107 jak najwi\u0119cej punkt\u00f3w.","breadcrumb":{"@id":"https:\/\/fundacjaprzyjdz.pl\/sklep\/produkt\/gra-tripol\/#breadcrumb"},"inLanguage":"pl-PL","potentialAction":[{"@type":"ReadAction","target":["https:\/\/fundacjaprzyjdz.pl\/sklep\/produkt\/gra-tripol\/"]}]},{"@type":"ImageObject","inLanguage":"pl-PL","@id":"https:\/\/fundacjaprzyjdz.pl\/sklep\/produkt\/gra-tripol\/#primaryimage","url":"https:\/\/fundacjaprzyjdz.pl\/sklep\/wp-content\/uploads\/2021\/11\/Tripol-gra-logiczna-pudelko-1.jpg","contentUrl":"https:\/\/fundacjaprzyjdz.pl\/sklep\/wp-content\/uploads\/2021\/11\/Tripol-gra-logiczna-pudelko-1.jpg","width":800,"height":800,"caption":"Tripol gra logiczna pude\u0142ko"},{"@type":"BreadcrumbList","@id":"https:\/\/fundacjaprzyjdz.pl\/sklep\/produkt\/gra-tripol\/#breadcrumb","itemListElement":[{"@type":"ListItem","position":1,"name":"Strona g\u0142\u00f3wna","item":"https:\/\/fundacjaprzyjdz.pl\/sklep\/"},{"@type":"ListItem","position":2,"name":"Wszystkie produkty","item":"https:\/\/fundacjaprzyjdz.pl\/sklep\/wszystkie-produkty\/"},{"@type":"ListItem","position":3,"name":"Tripol"}]},{"@type":"WebSite","@id":"https:\/\/fundacjaprzyjdz.pl\/sklep\/#website","url":"https:\/\/fundacjaprzyjdz.pl\/sklep\/","name":"Sklep Fundacji Przyjd\u017a","description":"Ozdoby z drewna i nie tylko","publisher":{"@id":"https:\/\/fundacjaprzyjdz.pl\/sklep\/#organization"},"potentialAction":[{"@type":"SearchAction","target":{"@type":"EntryPoint","urlTemplate":"https:\/\/fundacjaprzyjdz.pl\/sklep\/?s={search_term_string}"},"query-input":{"@type":"PropertyValueSpecification","valueRequired":true,"valueName":"search_term_string"}}],"inLanguage":"pl-PL"},{"@type":"Organization","@id":"https:\/\/fundacjaprzyjdz.pl\/sklep\/#organization","name":"Sklep Fundacji \"Przyjd\u017a\"","url":"https:\/\/fundacjaprzyjdz.pl\/sklep\/","logo":{"@type":"ImageObject","inLanguage":"pl-PL","@id":"https:\/\/fundacjaprzyjdz.pl\/sklep\/#\/schema\/logo\/image\/","url":"https:\/\/fundacjaprzyjdz.pl\/sklep\/wp-content\/uploads\/2021\/12\/FavIco.jpg","contentUrl":"https:\/\/fundacjaprzyjdz.pl\/sklep\/wp-content\/uploads\/2021\/12\/FavIco.jpg","width":512,"height":512,"caption":"Sklep Fundacji \"Przyjd\u017a\""},"image":{"@id":"https:\/\/fundacjaprzyjdz.pl\/sklep\/#\/schema\/logo\/image\/"},"sameAs":["https:\/\/www.facebook.com\/fundacjaprzyjdz\/","https:\/\/www.instagram.com\/fundacja.przyjdz\/"]}]},"product_price_amount":"55.00","product_price_currency":"PLN","og_availability":"instock","product_availability":"instock","product_condition":"new"},"_links":{"self":[{"href":"https:\/\/fundacjaprzyjdz.pl\/sklep\/wp-json\/wp\/v2\/product\/8605","targetHints":{"allow":["GET"]}}],"collection":[{"href":"https:\/\/fundacjaprzyjdz.pl\/sklep\/wp-json\/wp\/v2\/product"}],"about":[{"href":"https:\/\/fundacjaprzyjdz.pl\/sklep\/wp-json\/wp\/v2\/types\/product"}],"replies":[{"embeddable":true,"href":"https:\/\/fundacjaprzyjdz.pl\/sklep\/wp-json\/wp\/v2\/comments?post=8605"}],"wp:featuredmedia":[{"embeddable":true,"href":"https:\/\/fundacjaprzyjdz.pl\/sklep\/wp-json\/wp\/v2\/media\/8957"}],"wp:attachment":[{"href":"https:\/\/fundacjaprzyjdz.pl\/sklep\/wp-json\/wp\/v2\/media?parent=8605"}],"wp:term":[{"taxonomy":"product_brand","embeddable":true,"href":"https:\/\/fundacjaprzyjdz.pl\/sklep\/wp-json\/wp\/v2\/product_brand?post=8605"},{"taxonomy":"product_cat","embeddable":true,"href":"https:\/\/fundacjaprzyjdz.pl\/sklep\/wp-json\/wp\/v2\/product_cat?post=8605"},{"taxonomy":"product_tag","embeddable":true,"href":"https:\/\/fundacjaprzyjdz.pl\/sklep\/wp-json\/wp\/v2\/product_tag?post=8605"}],"curies":[{"name":"wp","href":"https:\/\/api.w.org\/{rel}","templated":true}]}}