{"id":8571,"date":"2021-12-07T23:39:55","date_gmt":"2021-12-07T22:39:55","guid":{"rendered":"https:\/\/fundacjaprzyjdz.pl\/sklep\/?post_type=product&#038;p=8571"},"modified":"2025-12-17T08:32:05","modified_gmt":"2025-12-17T07:32:05","slug":"gra-inspire-uczynki-milosierdzia","status":"publish","type":"product","link":"https:\/\/fundacjaprzyjdz.pl\/sklep\/produkt\/gra-inspire-uczynki-milosierdzia\/","title":{"rendered":"INSPIRE - uczynki mi\u0142osierdzia"},"content":{"rendered":"<p>Gra INSPIRE pomo\u017ce Ci pozna\u0107 problemy innych ludzi. B\u0105d\u017a got\u00f3w udzieli\u0107 im w\u0142a\u015bciwej pomocy. Wiedz jednak, \u017ce nie jeste\u015b w tym sam. Zawsze mo\u017cesz zainspirowa\u0107 si\u0119 osobami, kt\u00f3re w swoim \u017cyciu okazywa\u0142y mi\u0142o\u015b\u0107 i mi\u0142osierdzie innym. To one znajduj\u0105 si\u0119 na kartach pomocy.<\/p>\n<p><strong>Gra INSPIRE<\/strong> daje konkretne wskaz\u00f3wki jak pomaga\u0107 ludziom poprzez spe\u0142nianie uczynk\u00f3w mi\u0142osierdzia wzgl\u0119dem duszy i cia\u0142a. Jest skierowana do rodzin, wsp\u00f3lnot oraz \u015brodowisk, kt\u00f3rym zale\u017cy na kszta\u0142towaniu w\u0142a\u015bciwych postaw \u017cyciowych.<\/p>\n<p><strong>Celem gry<\/strong> jest rozwini\u0119cie w sobie wra\u017cliwo\u015bci na potrzeby innych poprzez poznanie uczynk\u00f3w mi\u0142osierdzia oraz zdobycie umiej\u0119tno\u015bci udzielania m\u0105drej pomocy.<\/p>\n<p><strong>Zawarto\u015b\u0107 pude\u0142ka<\/strong><\/p>\n<ul>\n<li>59 kart<\/li>\n<li>20 \u017ceton\u00f3w<\/li>\n<li>8 drewnianych znacznik\u00f3w<\/li>\n<li>kostka do gry<\/li>\n<li>instrukcja PL-EN<\/li>\n<li>przes\u0142anie gry<\/li>\n<\/ul>\n","protected":false},"excerpt":{"rendered":"<p>Gra INSPIRE daje wskaz\u00f3wki jak pomaga\u0107 poprzez spe\u0142nianie uczynk\u00f3w mi\u0142osierdzia. Kszta\u0142tuje postawy \u017cyciowe w rodzinach i relacjach z lud\u017ami. Zainspiruj si\u0119 osobami, kt\u00f3re w swoim \u017cyciu okazywa\u0142y mi\u0142o\u015b\u0107 i mi\u0142osierdzie innym.<\/p>\n","protected":false},"featured_media":8920,"comment_status":"open","ping_status":"closed","template":"","meta":[],"product_brand":[],"product_cat":[95],"product_tag":[],"class_list":{"0":"post-8571","1":"product","2":"type-product","3":"status-publish","4":"has-post-thumbnail","6":"product_cat-gry","8":"first","9":"instock","10":"sale","11":"shipping-taxable","12":"purchasable","13":"product-type-simple"},"yoast_head":"<!-- This site is optimized with the Yoast SEO Premium plugin v19.0.1 (Yoast SEO v27.4) - https:\/\/yoast.com\/product\/yoast-seo-premium-wordpress\/ -->\n<title>Gra INSPIRE - Sklep Fundacji Przyjd\u017a<\/title>\n<meta name=\"description\" content=\"Gra INSPIRE daje wskaz\u00f3wki jak pomaga\u0107 poprzez spe\u0142nianie uczynk\u00f3w mi\u0142osierdzia. Kszta\u0142tuje postawy \u017cyciowe w rodzinach i relacjach z lud\u017ami.\" \/>\n<meta name=\"robots\" content=\"index, follow, max-snippet:-1, max-image-preview:large, max-video-preview:-1\" \/>\n<link rel=\"canonical\" href=\"https:\/\/fundacjaprzyjdz.pl\/sklep\/produkt\/gra-inspire-uczynki-milosierdzia\/\" \/>\n<meta property=\"og:locale\" content=\"pl_PL\" \/>\n<meta property=\"og:type\" content=\"article\" \/>\n<meta property=\"og:title\" content=\"INSPIRE - uczynki mi\u0142osierdzia\" \/>\n<meta property=\"og:description\" content=\"Gra INSPIRE daje wskaz\u00f3wki jak pomaga\u0107 poprzez spe\u0142nianie uczynk\u00f3w mi\u0142osierdzia. Kszta\u0142tuje postawy \u017cyciowe w rodzinach i relacjach z lud\u017ami.\" \/>\n<meta property=\"og:url\" content=\"https:\/\/fundacjaprzyjdz.pl\/sklep\/produkt\/gra-inspire-uczynki-milosierdzia\/\" \/>\n<meta property=\"og:site_name\" content=\"Sklep Fundacji Przyjd\u017a\" \/>\n<meta property=\"article:publisher\" content=\"https:\/\/www.facebook.com\/fundacjaprzyjdz\/\" \/>\n<meta property=\"article:modified_time\" content=\"2025-12-17T07:32:05+00:00\" \/>\n<meta property=\"og:image\" content=\"https:\/\/fundacjaprzyjdz.pl\/sklep\/wp-content\/uploads\/2021\/12\/inspire-uczynki-milosierdzia-gra-karciana-pudelko.jpg\" \/>\n\t<meta property=\"og:image:width\" content=\"800\" \/>\n\t<meta property=\"og:image:height\" content=\"800\" \/>\n\t<meta property=\"og:image:type\" content=\"image\/jpeg\" \/>\n<meta name=\"twitter:card\" content=\"summary_large_image\" \/>\n<meta name=\"twitter:label1\" content=\"Cena\" \/>\n\t<meta name=\"twitter:data1\" content=\"65,00&nbsp;&#122;&#322; Pierwotna cena wynosi\u0142a: 65,00&nbsp;&#122;&#322;.59,00&nbsp;&#122;&#322;Aktualna cena wynosi: 59,00&nbsp;&#122;&#322;.\" \/>\n\t<meta name=\"twitter:label2\" content=\"Availability\" \/>\n\t<meta name=\"twitter:data2\" content=\"In stock\" \/>\n<script type=\"application\/ld+json\" class=\"yoast-schema-graph\">{\"@context\":\"https:\\\/\\\/schema.org\",\"@graph\":[{\"@type\":\"WebPage\",\"@id\":\"https:\\\/\\\/fundacjaprzyjdz.pl\\\/sklep\\\/produkt\\\/gra-inspire-uczynki-milosierdzia\\\/\",\"url\":\"https:\\\/\\\/fundacjaprzyjdz.pl\\\/sklep\\\/produkt\\\/gra-inspire-uczynki-milosierdzia\\\/\",\"name\":\"Gra INSPIRE - Sklep Fundacji Przyjd\u017a\",\"isPartOf\":{\"@id\":\"https:\\\/\\\/fundacjaprzyjdz.pl\\\/sklep\\\/#website\"},\"primaryImageOfPage\":{\"@id\":\"https:\\\/\\\/fundacjaprzyjdz.pl\\\/sklep\\\/produkt\\\/gra-inspire-uczynki-milosierdzia\\\/#primaryimage\"},\"image\":{\"@id\":\"https:\\\/\\\/fundacjaprzyjdz.pl\\\/sklep\\\/produkt\\\/gra-inspire-uczynki-milosierdzia\\\/#primaryimage\"},\"thumbnailUrl\":\"https:\\\/\\\/fundacjaprzyjdz.pl\\\/sklep\\\/wp-content\\\/uploads\\\/2021\\\/12\\\/inspire-uczynki-milosierdzia-gra-karciana-pudelko.jpg\",\"datePublished\":\"2021-12-07T22:39:55+00:00\",\"dateModified\":\"2025-12-17T07:32:05+00:00\",\"description\":\"Gra INSPIRE daje wskaz\u00f3wki jak pomaga\u0107 poprzez spe\u0142nianie uczynk\u00f3w mi\u0142osierdzia. Kszta\u0142tuje postawy \u017cyciowe w rodzinach i relacjach z lud\u017ami.\",\"breadcrumb\":{\"@id\":\"https:\\\/\\\/fundacjaprzyjdz.pl\\\/sklep\\\/produkt\\\/gra-inspire-uczynki-milosierdzia\\\/#breadcrumb\"},\"inLanguage\":\"pl-PL\",\"potentialAction\":[{\"@type\":\"ReadAction\",\"target\":[\"https:\\\/\\\/fundacjaprzyjdz.pl\\\/sklep\\\/produkt\\\/gra-inspire-uczynki-milosierdzia\\\/\"]}]},{\"@type\":\"ImageObject\",\"inLanguage\":\"pl-PL\",\"@id\":\"https:\\\/\\\/fundacjaprzyjdz.pl\\\/sklep\\\/produkt\\\/gra-inspire-uczynki-milosierdzia\\\/#primaryimage\",\"url\":\"https:\\\/\\\/fundacjaprzyjdz.pl\\\/sklep\\\/wp-content\\\/uploads\\\/2021\\\/12\\\/inspire-uczynki-milosierdzia-gra-karciana-pudelko.jpg\",\"contentUrl\":\"https:\\\/\\\/fundacjaprzyjdz.pl\\\/sklep\\\/wp-content\\\/uploads\\\/2021\\\/12\\\/inspire-uczynki-milosierdzia-gra-karciana-pudelko.jpg\",\"width\":800,\"height\":800,\"caption\":\"Inspire uczynki mi\u0142osierdzia gra karciana pude\u0142ko\"},{\"@type\":\"BreadcrumbList\",\"@id\":\"https:\\\/\\\/fundacjaprzyjdz.pl\\\/sklep\\\/produkt\\\/gra-inspire-uczynki-milosierdzia\\\/#breadcrumb\",\"itemListElement\":[{\"@type\":\"ListItem\",\"position\":1,\"name\":\"Strona g\u0142\u00f3wna\",\"item\":\"https:\\\/\\\/fundacjaprzyjdz.pl\\\/sklep\\\/\"},{\"@type\":\"ListItem\",\"position\":2,\"name\":\"Wszystkie produkty\",\"item\":\"https:\\\/\\\/fundacjaprzyjdz.pl\\\/sklep\\\/wszystkie-produkty\\\/\"},{\"@type\":\"ListItem\",\"position\":3,\"name\":\"INSPIRE - uczynki mi\u0142osierdzia\"}]},{\"@type\":\"WebSite\",\"@id\":\"https:\\\/\\\/fundacjaprzyjdz.pl\\\/sklep\\\/#website\",\"url\":\"https:\\\/\\\/fundacjaprzyjdz.pl\\\/sklep\\\/\",\"name\":\"Sklep Fundacji Przyjd\u017a\",\"description\":\"Ozdoby z drewna i nie tylko\",\"publisher\":{\"@id\":\"https:\\\/\\\/fundacjaprzyjdz.pl\\\/sklep\\\/#organization\"},\"potentialAction\":[{\"@type\":\"SearchAction\",\"target\":{\"@type\":\"EntryPoint\",\"urlTemplate\":\"https:\\\/\\\/fundacjaprzyjdz.pl\\\/sklep\\\/?s={search_term_string}\"},\"query-input\":{\"@type\":\"PropertyValueSpecification\",\"valueRequired\":true,\"valueName\":\"search_term_string\"}}],\"inLanguage\":\"pl-PL\"},{\"@type\":\"Organization\",\"@id\":\"https:\\\/\\\/fundacjaprzyjdz.pl\\\/sklep\\\/#organization\",\"name\":\"Sklep Fundacji \\\"Przyjd\u017a\\\"\",\"url\":\"https:\\\/\\\/fundacjaprzyjdz.pl\\\/sklep\\\/\",\"logo\":{\"@type\":\"ImageObject\",\"inLanguage\":\"pl-PL\",\"@id\":\"https:\\\/\\\/fundacjaprzyjdz.pl\\\/sklep\\\/#\\\/schema\\\/logo\\\/image\\\/\",\"url\":\"https:\\\/\\\/fundacjaprzyjdz.pl\\\/sklep\\\/wp-content\\\/uploads\\\/2021\\\/12\\\/FavIco.jpg\",\"contentUrl\":\"https:\\\/\\\/fundacjaprzyjdz.pl\\\/sklep\\\/wp-content\\\/uploads\\\/2021\\\/12\\\/FavIco.jpg\",\"width\":512,\"height\":512,\"caption\":\"Sklep Fundacji \\\"Przyjd\u017a\\\"\"},\"image\":{\"@id\":\"https:\\\/\\\/fundacjaprzyjdz.pl\\\/sklep\\\/#\\\/schema\\\/logo\\\/image\\\/\"},\"sameAs\":[\"https:\\\/\\\/www.facebook.com\\\/fundacjaprzyjdz\\\/\",\"https:\\\/\\\/www.instagram.com\\\/fundacja.przyjdz\\\/\"]}]}<\/script>\n<meta property=\"product:price:amount\" content=\"59.00\" \/>\n<meta property=\"product:price:currency\" content=\"PLN\" \/>\n<meta property=\"og:availability\" content=\"instock\" \/>\n<meta property=\"product:availability\" content=\"instock\" \/>\n<meta property=\"product:condition\" content=\"new\" \/>\n<!-- \/ Yoast SEO Premium plugin. -->","yoast_head_json":{"title":"Gra INSPIRE - Sklep Fundacji Przyjd\u017a","description":"Gra INSPIRE daje wskaz\u00f3wki jak pomaga\u0107 poprzez spe\u0142nianie uczynk\u00f3w mi\u0142osierdzia. Kszta\u0142tuje postawy \u017cyciowe w rodzinach i relacjach z lud\u017ami.","robots":{"index":"index","follow":"follow","max-snippet":"max-snippet:-1","max-image-preview":"max-image-preview:large","max-video-preview":"max-video-preview:-1"},"canonical":"https:\/\/fundacjaprzyjdz.pl\/sklep\/produkt\/gra-inspire-uczynki-milosierdzia\/","og_locale":"pl_PL","og_type":"article","og_title":"INSPIRE - uczynki mi\u0142osierdzia","og_description":"Gra INSPIRE daje wskaz\u00f3wki jak pomaga\u0107 poprzez spe\u0142nianie uczynk\u00f3w mi\u0142osierdzia. Kszta\u0142tuje postawy \u017cyciowe w rodzinach i relacjach z lud\u017ami.","og_url":"https:\/\/fundacjaprzyjdz.pl\/sklep\/produkt\/gra-inspire-uczynki-milosierdzia\/","og_site_name":"Sklep Fundacji Przyjd\u017a","article_publisher":"https:\/\/www.facebook.com\/fundacjaprzyjdz\/","article_modified_time":"2025-12-17T07:32:05+00:00","og_image":[{"width":800,"height":800,"url":"https:\/\/fundacjaprzyjdz.pl\/sklep\/wp-content\/uploads\/2021\/12\/inspire-uczynki-milosierdzia-gra-karciana-pudelko.jpg","type":"image\/jpeg"}],"twitter_card":"summary_large_image","twitter_misc":{"Cena":"65,00&nbsp;&#122;&#322; Pierwotna cena wynosi\u0142a: 65,00&nbsp;&#122;&#322;.59,00&nbsp;&#122;&#322;Aktualna cena wynosi: 59,00&nbsp;&#122;&#322;.","Availability":"In stock"},"schema":{"@context":"https:\/\/schema.org","@graph":[{"@type":"WebPage","@id":"https:\/\/fundacjaprzyjdz.pl\/sklep\/produkt\/gra-inspire-uczynki-milosierdzia\/","url":"https:\/\/fundacjaprzyjdz.pl\/sklep\/produkt\/gra-inspire-uczynki-milosierdzia\/","name":"Gra INSPIRE - Sklep Fundacji Przyjd\u017a","isPartOf":{"@id":"https:\/\/fundacjaprzyjdz.pl\/sklep\/#website"},"primaryImageOfPage":{"@id":"https:\/\/fundacjaprzyjdz.pl\/sklep\/produkt\/gra-inspire-uczynki-milosierdzia\/#primaryimage"},"image":{"@id":"https:\/\/fundacjaprzyjdz.pl\/sklep\/produkt\/gra-inspire-uczynki-milosierdzia\/#primaryimage"},"thumbnailUrl":"https:\/\/fundacjaprzyjdz.pl\/sklep\/wp-content\/uploads\/2021\/12\/inspire-uczynki-milosierdzia-gra-karciana-pudelko.jpg","datePublished":"2021-12-07T22:39:55+00:00","dateModified":"2025-12-17T07:32:05+00:00","description":"Gra INSPIRE daje wskaz\u00f3wki jak pomaga\u0107 poprzez spe\u0142nianie uczynk\u00f3w mi\u0142osierdzia. Kszta\u0142tuje postawy \u017cyciowe w rodzinach i relacjach z lud\u017ami.","breadcrumb":{"@id":"https:\/\/fundacjaprzyjdz.pl\/sklep\/produkt\/gra-inspire-uczynki-milosierdzia\/#breadcrumb"},"inLanguage":"pl-PL","potentialAction":[{"@type":"ReadAction","target":["https:\/\/fundacjaprzyjdz.pl\/sklep\/produkt\/gra-inspire-uczynki-milosierdzia\/"]}]},{"@type":"ImageObject","inLanguage":"pl-PL","@id":"https:\/\/fundacjaprzyjdz.pl\/sklep\/produkt\/gra-inspire-uczynki-milosierdzia\/#primaryimage","url":"https:\/\/fundacjaprzyjdz.pl\/sklep\/wp-content\/uploads\/2021\/12\/inspire-uczynki-milosierdzia-gra-karciana-pudelko.jpg","contentUrl":"https:\/\/fundacjaprzyjdz.pl\/sklep\/wp-content\/uploads\/2021\/12\/inspire-uczynki-milosierdzia-gra-karciana-pudelko.jpg","width":800,"height":800,"caption":"Inspire uczynki mi\u0142osierdzia gra karciana pude\u0142ko"},{"@type":"BreadcrumbList","@id":"https:\/\/fundacjaprzyjdz.pl\/sklep\/produkt\/gra-inspire-uczynki-milosierdzia\/#breadcrumb","itemListElement":[{"@type":"ListItem","position":1,"name":"Strona g\u0142\u00f3wna","item":"https:\/\/fundacjaprzyjdz.pl\/sklep\/"},{"@type":"ListItem","position":2,"name":"Wszystkie produkty","item":"https:\/\/fundacjaprzyjdz.pl\/sklep\/wszystkie-produkty\/"},{"@type":"ListItem","position":3,"name":"INSPIRE - uczynki mi\u0142osierdzia"}]},{"@type":"WebSite","@id":"https:\/\/fundacjaprzyjdz.pl\/sklep\/#website","url":"https:\/\/fundacjaprzyjdz.pl\/sklep\/","name":"Sklep Fundacji Przyjd\u017a","description":"Ozdoby z drewna i nie tylko","publisher":{"@id":"https:\/\/fundacjaprzyjdz.pl\/sklep\/#organization"},"potentialAction":[{"@type":"SearchAction","target":{"@type":"EntryPoint","urlTemplate":"https:\/\/fundacjaprzyjdz.pl\/sklep\/?s={search_term_string}"},"query-input":{"@type":"PropertyValueSpecification","valueRequired":true,"valueName":"search_term_string"}}],"inLanguage":"pl-PL"},{"@type":"Organization","@id":"https:\/\/fundacjaprzyjdz.pl\/sklep\/#organization","name":"Sklep Fundacji \"Przyjd\u017a\"","url":"https:\/\/fundacjaprzyjdz.pl\/sklep\/","logo":{"@type":"ImageObject","inLanguage":"pl-PL","@id":"https:\/\/fundacjaprzyjdz.pl\/sklep\/#\/schema\/logo\/image\/","url":"https:\/\/fundacjaprzyjdz.pl\/sklep\/wp-content\/uploads\/2021\/12\/FavIco.jpg","contentUrl":"https:\/\/fundacjaprzyjdz.pl\/sklep\/wp-content\/uploads\/2021\/12\/FavIco.jpg","width":512,"height":512,"caption":"Sklep Fundacji \"Przyjd\u017a\""},"image":{"@id":"https:\/\/fundacjaprzyjdz.pl\/sklep\/#\/schema\/logo\/image\/"},"sameAs":["https:\/\/www.facebook.com\/fundacjaprzyjdz\/","https:\/\/www.instagram.com\/fundacja.przyjdz\/"]}]},"product_price_amount":"59.00","product_price_currency":"PLN","og_availability":"instock","product_availability":"instock","product_condition":"new"},"_links":{"self":[{"href":"https:\/\/fundacjaprzyjdz.pl\/sklep\/wp-json\/wp\/v2\/product\/8571","targetHints":{"allow":["GET"]}}],"collection":[{"href":"https:\/\/fundacjaprzyjdz.pl\/sklep\/wp-json\/wp\/v2\/product"}],"about":[{"href":"https:\/\/fundacjaprzyjdz.pl\/sklep\/wp-json\/wp\/v2\/types\/product"}],"replies":[{"embeddable":true,"href":"https:\/\/fundacjaprzyjdz.pl\/sklep\/wp-json\/wp\/v2\/comments?post=8571"}],"wp:featuredmedia":[{"embeddable":true,"href":"https:\/\/fundacjaprzyjdz.pl\/sklep\/wp-json\/wp\/v2\/media\/8920"}],"wp:attachment":[{"href":"https:\/\/fundacjaprzyjdz.pl\/sklep\/wp-json\/wp\/v2\/media?parent=8571"}],"wp:term":[{"taxonomy":"product_brand","embeddable":true,"href":"https:\/\/fundacjaprzyjdz.pl\/sklep\/wp-json\/wp\/v2\/product_brand?post=8571"},{"taxonomy":"product_cat","embeddable":true,"href":"https:\/\/fundacjaprzyjdz.pl\/sklep\/wp-json\/wp\/v2\/product_cat?post=8571"},{"taxonomy":"product_tag","embeddable":true,"href":"https:\/\/fundacjaprzyjdz.pl\/sklep\/wp-json\/wp\/v2\/product_tag?post=8571"}],"curies":[{"name":"wp","href":"https:\/\/api.w.org\/{rel}","templated":true}]}}