{"id":8431,"date":"2021-11-06T20:51:51","date_gmt":"2021-11-06T19:51:51","guid":{"rendered":"https:\/\/fundacjaprzyjdz.pl\/sklep\/?post_type=product&#038;p=8431"},"modified":"2023-10-16T10:48:23","modified_gmt":"2023-10-16T08:48:23","slug":"bombka-choinkowa-wz-4","status":"publish","type":"product","link":"https:\/\/fundacjaprzyjdz.pl\/sklep\/produkt\/bombka-choinkowa-wz-4\/","title":{"rendered":"Bombka choinkowa wz. 04"},"content":{"rendered":"<p>Bombka choinkowa wz. 04 ze \u015bnie\u017cynk\u0105.<\/p>\n<ul>\n<li>ekologiczna<\/li>\n<li>drewniana<\/li>\n<li>niet\u0142uk\u0105ca si\u0119<\/li>\n<\/ul>\n<p><br \/>Dzi\u0119ki wyj\u0105tkowemu projektowi, bombka z powodzeniem ozdobi Twoje drzewko bo\u017conarodzeniowe i nada wyj\u0105tkowego charakteru otoczeniu. Taka bombka choinkowa z pewno\u015bci\u0105 pos\u0142u\u017cy r\u00f3wnie\u017c jako wspania\u0142y dodatek do prezentu lub ozdoba przy jego pakowaniu.<\/p>\n<p>\u015arednica ok. 5 cm.<\/p>\n<p>Je\u017celi szukasz podobnych ozd\u00f3b, mog\u0105 Ci\u0119 zainteresowa\u0107 produkty z kategorii <a href=\"https:\/\/fundacjaprzyjdz.pl\/sklep\/kategoria\/podkladki-pod-kubek\/\">podk\u0142adki pod kubek<\/a>. S\u0105 wi\u0119ksze, bo o \u015brednicy 9 cm, ale by\u0107 mo\u017ce sprawdz\u0105 si\u0119 w podobnych zastosowaniach.<\/p>\n","protected":false},"excerpt":{"rendered":"<p>Bombka choinkowa wz. 04 ze \u015bnie\u017cynk\u0105 jest ekologiczna, drewniana i niet\u0142uk\u0105ca si\u0119! Jej oryginalny kszta\u0142t oraz wyj\u0105tkowy wz\u00f3r z powodzeniem ozdobi\u0105 Twoje drzewko bo\u017conarodzeniowe i nadadz\u0105 wyj\u0105tkowego charakteru otoczeniu.<\/p>\n","protected":false},"featured_media":9045,"comment_status":"open","ping_status":"closed","template":"","meta":[],"product_brand":[],"product_cat":[190,74,79],"product_tag":[],"class_list":{"0":"post-8431","1":"product","2":"type-product","3":"status-publish","4":"has-post-thumbnail","6":"product_cat-bombki-choinkowe","7":"product_cat-boze-narodzenie","8":"product_cat-dekoracyjne","10":"first","11":"instock","12":"shipping-taxable","13":"purchasable","14":"product-type-simple"},"yoast_head":"<!-- This site is optimized with the Yoast SEO Premium plugin v19.0.1 (Yoast SEO v27.4) - https:\/\/yoast.com\/product\/yoast-seo-premium-wordpress\/ -->\n<title>Bombka choinkowa wz. 04 - Sklep Fundacji Przyjd\u017a<\/title>\n<meta name=\"robots\" content=\"index, follow, max-snippet:-1, max-image-preview:large, max-video-preview:-1\" \/>\n<link rel=\"canonical\" href=\"https:\/\/fundacjaprzyjdz.pl\/sklep\/produkt\/bombka-choinkowa-wz-4\/\" \/>\n<meta property=\"og:locale\" content=\"pl_PL\" \/>\n<meta property=\"og:type\" content=\"article\" \/>\n<meta property=\"og:title\" content=\"Bombka choinkowa wz. 04\" \/>\n<meta property=\"og:description\" content=\"Bombka choinkowa wz. 04 ze \u015bnie\u017cynk\u0105 jest ekologiczna, drewniana i niet\u0142uk\u0105ca si\u0119! Jej oryginalny kszta\u0142t oraz wyj\u0105tkowy wz\u00f3r z powodzeniem ozdobi\u0105 Twoje drzewko bo\u017conarodzeniowe i nadadz\u0105 wyj\u0105tkowego charakteru otoczeniu.\" \/>\n<meta property=\"og:url\" content=\"https:\/\/fundacjaprzyjdz.pl\/sklep\/produkt\/bombka-choinkowa-wz-4\/\" \/>\n<meta property=\"og:site_name\" content=\"Sklep Fundacji Przyjd\u017a\" \/>\n<meta property=\"article:publisher\" content=\"https:\/\/www.facebook.com\/fundacjaprzyjdz\/\" \/>\n<meta property=\"article:modified_time\" content=\"2023-10-16T08:48:23+00:00\" \/>\n<meta property=\"og:image\" content=\"https:\/\/fundacjaprzyjdz.pl\/sklep\/wp-content\/uploads\/2022\/01\/Bombka-choinkowa-wzor-004.jpg\" \/>\n\t<meta property=\"og:image:width\" content=\"800\" \/>\n\t<meta property=\"og:image:height\" content=\"800\" \/>\n\t<meta property=\"og:image:type\" content=\"image\/jpeg\" \/>\n<meta name=\"twitter:card\" content=\"summary_large_image\" \/>\n<meta name=\"twitter:label1\" content=\"Cena\" \/>\n\t<meta name=\"twitter:data1\" content=\"6,00&nbsp;&#122;&#322;\" \/>\n\t<meta name=\"twitter:label2\" content=\"Availability\" \/>\n\t<meta name=\"twitter:data2\" content=\"In stock\" \/>\n<script type=\"application\/ld+json\" class=\"yoast-schema-graph\">{\"@context\":\"https:\\\/\\\/schema.org\",\"@graph\":[{\"@type\":\"WebPage\",\"@id\":\"https:\\\/\\\/fundacjaprzyjdz.pl\\\/sklep\\\/produkt\\\/bombka-choinkowa-wz-4\\\/\",\"url\":\"https:\\\/\\\/fundacjaprzyjdz.pl\\\/sklep\\\/produkt\\\/bombka-choinkowa-wz-4\\\/\",\"name\":\"Bombka choinkowa wz. 04 - Sklep Fundacji Przyjd\u017a\",\"isPartOf\":{\"@id\":\"https:\\\/\\\/fundacjaprzyjdz.pl\\\/sklep\\\/#website\"},\"primaryImageOfPage\":{\"@id\":\"https:\\\/\\\/fundacjaprzyjdz.pl\\\/sklep\\\/produkt\\\/bombka-choinkowa-wz-4\\\/#primaryimage\"},\"image\":{\"@id\":\"https:\\\/\\\/fundacjaprzyjdz.pl\\\/sklep\\\/produkt\\\/bombka-choinkowa-wz-4\\\/#primaryimage\"},\"thumbnailUrl\":\"https:\\\/\\\/fundacjaprzyjdz.pl\\\/sklep\\\/wp-content\\\/uploads\\\/2022\\\/01\\\/Bombka-choinkowa-wzor-004.jpg\",\"datePublished\":\"2021-11-06T19:51:51+00:00\",\"dateModified\":\"2023-10-16T08:48:23+00:00\",\"breadcrumb\":{\"@id\":\"https:\\\/\\\/fundacjaprzyjdz.pl\\\/sklep\\\/produkt\\\/bombka-choinkowa-wz-4\\\/#breadcrumb\"},\"inLanguage\":\"pl-PL\",\"potentialAction\":[{\"@type\":\"ReadAction\",\"target\":[\"https:\\\/\\\/fundacjaprzyjdz.pl\\\/sklep\\\/produkt\\\/bombka-choinkowa-wz-4\\\/\"]}]},{\"@type\":\"ImageObject\",\"inLanguage\":\"pl-PL\",\"@id\":\"https:\\\/\\\/fundacjaprzyjdz.pl\\\/sklep\\\/produkt\\\/bombka-choinkowa-wz-4\\\/#primaryimage\",\"url\":\"https:\\\/\\\/fundacjaprzyjdz.pl\\\/sklep\\\/wp-content\\\/uploads\\\/2022\\\/01\\\/Bombka-choinkowa-wzor-004.jpg\",\"contentUrl\":\"https:\\\/\\\/fundacjaprzyjdz.pl\\\/sklep\\\/wp-content\\\/uploads\\\/2022\\\/01\\\/Bombka-choinkowa-wzor-004.jpg\",\"width\":800,\"height\":800,\"caption\":\"Bombka choinkowa wz\u00f3r 004\"},{\"@type\":\"BreadcrumbList\",\"@id\":\"https:\\\/\\\/fundacjaprzyjdz.pl\\\/sklep\\\/produkt\\\/bombka-choinkowa-wz-4\\\/#breadcrumb\",\"itemListElement\":[{\"@type\":\"ListItem\",\"position\":1,\"name\":\"Strona g\u0142\u00f3wna\",\"item\":\"https:\\\/\\\/fundacjaprzyjdz.pl\\\/sklep\\\/\"},{\"@type\":\"ListItem\",\"position\":2,\"name\":\"Wszystkie produkty\",\"item\":\"https:\\\/\\\/fundacjaprzyjdz.pl\\\/sklep\\\/wszystkie-produkty\\\/\"},{\"@type\":\"ListItem\",\"position\":3,\"name\":\"Bombka choinkowa wz. 04\"}]},{\"@type\":\"WebSite\",\"@id\":\"https:\\\/\\\/fundacjaprzyjdz.pl\\\/sklep\\\/#website\",\"url\":\"https:\\\/\\\/fundacjaprzyjdz.pl\\\/sklep\\\/\",\"name\":\"Sklep Fundacji Przyjd\u017a\",\"description\":\"Ozdoby z drewna i nie tylko\",\"publisher\":{\"@id\":\"https:\\\/\\\/fundacjaprzyjdz.pl\\\/sklep\\\/#organization\"},\"potentialAction\":[{\"@type\":\"SearchAction\",\"target\":{\"@type\":\"EntryPoint\",\"urlTemplate\":\"https:\\\/\\\/fundacjaprzyjdz.pl\\\/sklep\\\/?s={search_term_string}\"},\"query-input\":{\"@type\":\"PropertyValueSpecification\",\"valueRequired\":true,\"valueName\":\"search_term_string\"}}],\"inLanguage\":\"pl-PL\"},{\"@type\":\"Organization\",\"@id\":\"https:\\\/\\\/fundacjaprzyjdz.pl\\\/sklep\\\/#organization\",\"name\":\"Sklep Fundacji \\\"Przyjd\u017a\\\"\",\"url\":\"https:\\\/\\\/fundacjaprzyjdz.pl\\\/sklep\\\/\",\"logo\":{\"@type\":\"ImageObject\",\"inLanguage\":\"pl-PL\",\"@id\":\"https:\\\/\\\/fundacjaprzyjdz.pl\\\/sklep\\\/#\\\/schema\\\/logo\\\/image\\\/\",\"url\":\"https:\\\/\\\/fundacjaprzyjdz.pl\\\/sklep\\\/wp-content\\\/uploads\\\/2021\\\/12\\\/FavIco.jpg\",\"contentUrl\":\"https:\\\/\\\/fundacjaprzyjdz.pl\\\/sklep\\\/wp-content\\\/uploads\\\/2021\\\/12\\\/FavIco.jpg\",\"width\":512,\"height\":512,\"caption\":\"Sklep Fundacji \\\"Przyjd\u017a\\\"\"},\"image\":{\"@id\":\"https:\\\/\\\/fundacjaprzyjdz.pl\\\/sklep\\\/#\\\/schema\\\/logo\\\/image\\\/\"},\"sameAs\":[\"https:\\\/\\\/www.facebook.com\\\/fundacjaprzyjdz\\\/\",\"https:\\\/\\\/www.instagram.com\\\/fundacja.przyjdz\\\/\"]}]}<\/script>\n<meta property=\"product:price:amount\" content=\"6.00\" \/>\n<meta property=\"product:price:currency\" content=\"PLN\" \/>\n<meta property=\"og:availability\" content=\"instock\" \/>\n<meta property=\"product:availability\" content=\"instock\" \/>\n<meta property=\"product:condition\" content=\"new\" \/>\n<!-- \/ Yoast SEO Premium plugin. -->","yoast_head_json":{"title":"Bombka choinkowa wz. 04 - Sklep Fundacji Przyjd\u017a","robots":{"index":"index","follow":"follow","max-snippet":"max-snippet:-1","max-image-preview":"max-image-preview:large","max-video-preview":"max-video-preview:-1"},"canonical":"https:\/\/fundacjaprzyjdz.pl\/sklep\/produkt\/bombka-choinkowa-wz-4\/","og_locale":"pl_PL","og_type":"article","og_title":"Bombka choinkowa wz. 04","og_description":"Bombka choinkowa wz. 04 ze \u015bnie\u017cynk\u0105 jest ekologiczna, drewniana i niet\u0142uk\u0105ca si\u0119! Jej oryginalny kszta\u0142t oraz wyj\u0105tkowy wz\u00f3r z powodzeniem ozdobi\u0105 Twoje drzewko bo\u017conarodzeniowe i nadadz\u0105 wyj\u0105tkowego charakteru otoczeniu.","og_url":"https:\/\/fundacjaprzyjdz.pl\/sklep\/produkt\/bombka-choinkowa-wz-4\/","og_site_name":"Sklep Fundacji Przyjd\u017a","article_publisher":"https:\/\/www.facebook.com\/fundacjaprzyjdz\/","article_modified_time":"2023-10-16T08:48:23+00:00","og_image":[{"width":800,"height":800,"url":"https:\/\/fundacjaprzyjdz.pl\/sklep\/wp-content\/uploads\/2022\/01\/Bombka-choinkowa-wzor-004.jpg","type":"image\/jpeg"}],"twitter_card":"summary_large_image","twitter_misc":{"Cena":"6,00&nbsp;&#122;&#322;","Availability":"In stock"},"schema":{"@context":"https:\/\/schema.org","@graph":[{"@type":"WebPage","@id":"https:\/\/fundacjaprzyjdz.pl\/sklep\/produkt\/bombka-choinkowa-wz-4\/","url":"https:\/\/fundacjaprzyjdz.pl\/sklep\/produkt\/bombka-choinkowa-wz-4\/","name":"Bombka choinkowa wz. 04 - Sklep Fundacji Przyjd\u017a","isPartOf":{"@id":"https:\/\/fundacjaprzyjdz.pl\/sklep\/#website"},"primaryImageOfPage":{"@id":"https:\/\/fundacjaprzyjdz.pl\/sklep\/produkt\/bombka-choinkowa-wz-4\/#primaryimage"},"image":{"@id":"https:\/\/fundacjaprzyjdz.pl\/sklep\/produkt\/bombka-choinkowa-wz-4\/#primaryimage"},"thumbnailUrl":"https:\/\/fundacjaprzyjdz.pl\/sklep\/wp-content\/uploads\/2022\/01\/Bombka-choinkowa-wzor-004.jpg","datePublished":"2021-11-06T19:51:51+00:00","dateModified":"2023-10-16T08:48:23+00:00","breadcrumb":{"@id":"https:\/\/fundacjaprzyjdz.pl\/sklep\/produkt\/bombka-choinkowa-wz-4\/#breadcrumb"},"inLanguage":"pl-PL","potentialAction":[{"@type":"ReadAction","target":["https:\/\/fundacjaprzyjdz.pl\/sklep\/produkt\/bombka-choinkowa-wz-4\/"]}]},{"@type":"ImageObject","inLanguage":"pl-PL","@id":"https:\/\/fundacjaprzyjdz.pl\/sklep\/produkt\/bombka-choinkowa-wz-4\/#primaryimage","url":"https:\/\/fundacjaprzyjdz.pl\/sklep\/wp-content\/uploads\/2022\/01\/Bombka-choinkowa-wzor-004.jpg","contentUrl":"https:\/\/fundacjaprzyjdz.pl\/sklep\/wp-content\/uploads\/2022\/01\/Bombka-choinkowa-wzor-004.jpg","width":800,"height":800,"caption":"Bombka choinkowa wz\u00f3r 004"},{"@type":"BreadcrumbList","@id":"https:\/\/fundacjaprzyjdz.pl\/sklep\/produkt\/bombka-choinkowa-wz-4\/#breadcrumb","itemListElement":[{"@type":"ListItem","position":1,"name":"Strona g\u0142\u00f3wna","item":"https:\/\/fundacjaprzyjdz.pl\/sklep\/"},{"@type":"ListItem","position":2,"name":"Wszystkie produkty","item":"https:\/\/fundacjaprzyjdz.pl\/sklep\/wszystkie-produkty\/"},{"@type":"ListItem","position":3,"name":"Bombka choinkowa wz. 04"}]},{"@type":"WebSite","@id":"https:\/\/fundacjaprzyjdz.pl\/sklep\/#website","url":"https:\/\/fundacjaprzyjdz.pl\/sklep\/","name":"Sklep Fundacji Przyjd\u017a","description":"Ozdoby z drewna i nie tylko","publisher":{"@id":"https:\/\/fundacjaprzyjdz.pl\/sklep\/#organization"},"potentialAction":[{"@type":"SearchAction","target":{"@type":"EntryPoint","urlTemplate":"https:\/\/fundacjaprzyjdz.pl\/sklep\/?s={search_term_string}"},"query-input":{"@type":"PropertyValueSpecification","valueRequired":true,"valueName":"search_term_string"}}],"inLanguage":"pl-PL"},{"@type":"Organization","@id":"https:\/\/fundacjaprzyjdz.pl\/sklep\/#organization","name":"Sklep Fundacji \"Przyjd\u017a\"","url":"https:\/\/fundacjaprzyjdz.pl\/sklep\/","logo":{"@type":"ImageObject","inLanguage":"pl-PL","@id":"https:\/\/fundacjaprzyjdz.pl\/sklep\/#\/schema\/logo\/image\/","url":"https:\/\/fundacjaprzyjdz.pl\/sklep\/wp-content\/uploads\/2021\/12\/FavIco.jpg","contentUrl":"https:\/\/fundacjaprzyjdz.pl\/sklep\/wp-content\/uploads\/2021\/12\/FavIco.jpg","width":512,"height":512,"caption":"Sklep Fundacji \"Przyjd\u017a\""},"image":{"@id":"https:\/\/fundacjaprzyjdz.pl\/sklep\/#\/schema\/logo\/image\/"},"sameAs":["https:\/\/www.facebook.com\/fundacjaprzyjdz\/","https:\/\/www.instagram.com\/fundacja.przyjdz\/"]}]},"product_price_amount":"6.00","product_price_currency":"PLN","og_availability":"instock","product_availability":"instock","product_condition":"new"},"_links":{"self":[{"href":"https:\/\/fundacjaprzyjdz.pl\/sklep\/wp-json\/wp\/v2\/product\/8431","targetHints":{"allow":["GET"]}}],"collection":[{"href":"https:\/\/fundacjaprzyjdz.pl\/sklep\/wp-json\/wp\/v2\/product"}],"about":[{"href":"https:\/\/fundacjaprzyjdz.pl\/sklep\/wp-json\/wp\/v2\/types\/product"}],"replies":[{"embeddable":true,"href":"https:\/\/fundacjaprzyjdz.pl\/sklep\/wp-json\/wp\/v2\/comments?post=8431"}],"wp:featuredmedia":[{"embeddable":true,"href":"https:\/\/fundacjaprzyjdz.pl\/sklep\/wp-json\/wp\/v2\/media\/9045"}],"wp:attachment":[{"href":"https:\/\/fundacjaprzyjdz.pl\/sklep\/wp-json\/wp\/v2\/media?parent=8431"}],"wp:term":[{"taxonomy":"product_brand","embeddable":true,"href":"https:\/\/fundacjaprzyjdz.pl\/sklep\/wp-json\/wp\/v2\/product_brand?post=8431"},{"taxonomy":"product_cat","embeddable":true,"href":"https:\/\/fundacjaprzyjdz.pl\/sklep\/wp-json\/wp\/v2\/product_cat?post=8431"},{"taxonomy":"product_tag","embeddable":true,"href":"https:\/\/fundacjaprzyjdz.pl\/sklep\/wp-json\/wp\/v2\/product_tag?post=8431"}],"curies":[{"name":"wp","href":"https:\/\/api.w.org\/{rel}","templated":true}]}}