{"id":7762,"date":"2021-08-11T15:52:10","date_gmt":"2021-08-11T13:52:10","guid":{"rendered":"https:\/\/fundacjaprzyjdz.pl\/sklep\/?post_type=product&#038;p=7762"},"modified":"2025-12-17T08:32:05","modified_gmt":"2025-12-17T07:32:05","slug":"szopka-krakowska-art-unikatowy-autorski-projekt","status":"publish","type":"product","link":"https:\/\/fundacjaprzyjdz.pl\/sklep\/produkt\/szopka-krakowska-art-unikatowy-autorski-projekt\/","title":{"rendered":"Szopka krakowska Art"},"content":{"rendered":"<p>Szopka krakowska Art to wykonany na sklejce wydruk poligraficzny r\u0119cznie rysowanego projektu, kt\u00f3ry zachwyca swoj\u0105 kolorystyk\u0105 i symbolik\u0105. Wzornictwo szopki oparto na tradycyjnym produkcie regionalnym charakterystycznym dla Krakowa.<\/p>\n<p>Ta dekoracja mierzy w zale\u017cno\u015bci od wybranej wersji od 10 do 40 cm i idealnie nadaje si\u0119 do postawienia pod choink\u0105 na \u015bwi\u0105tecznym stole czy w innym reprezentacyjnym miejscu.<\/p>\n<p>Oferujemy wydruk poligraficzny r\u0119cznie rysowanego projektu klejony na sklejce.<\/p>\n<p>Rozmiar:<\/p>\n<ul>\n<li>\u015aredni - 14,5 x 8 cm<\/li>\n<li>Du\u017cy - 28 x 15 cm<\/li>\n<li>Najwi\u0119kszy - 41 x 22 cm<\/li>\n<\/ul>\n<br \/>\n<p>Szopka krakowska Art to autorski projekt dost\u0119pny wy\u0142\u0105cznie u nas, stworzony na podstawie r\u0119cznie rysowanego wzoru. Wykonana na sklejce i zdobiona wysokiej jako\u015bci wydrukiem poligraficznym zachwyca kolorystyk\u0105 oraz symbolik\u0105.<\/p>\n<p>Kupuj\u0105c ten produkt, wspierasz dzia\u0142ania fundacji, kt\u00f3re nios\u0105 realn\u0105 pomoc.<br \/>\nTworz\u0105c nasze dekoracje, zatrudniamy tak\u017ce osoby z niepe\u0142nosprawno\u015bciami, daj\u0105c im szans\u0119 na rozw\u00f3j i stabilne zatrudnienie.<\/p>\n","protected":false},"excerpt":{"rendered":"<p>Szopka krakowska Art to wykonany na sklejce wydruk poligraficzny r\u0119cznie rysowanego projektu, kt\u00f3ry zachwyca swoj\u0105 kolorystyk\u0105 i symbolik\u0105. Wzornictwo szopki oparte jest na tradycyjnym produkcie regionalnym charakterystycznym dla Krakowa.<\/p>\n","protected":false},"featured_media":10768,"comment_status":"open","ping_status":"closed","template":"","meta":[],"product_brand":[],"product_cat":[74,198,207],"product_tag":[209,210,208],"class_list":{"0":"post-7762","1":"product","2":"type-product","3":"status-publish","4":"has-post-thumbnail","6":"product_cat-boze-narodzenie","7":"product_cat-pamiatki-z-krakowa","8":"product_cat-szopki-krakowskie","9":"product_tag-ekonomia-spoleczna","10":"product_tag-rzemioslo","11":"product_tag-szopka-krakowska","13":"first","14":"instock","15":"shipping-taxable","16":"purchasable","17":"product-type-variable"},"yoast_head":"<!-- This site is optimized with the Yoast SEO Premium plugin v19.0.1 (Yoast SEO v27.4) - https:\/\/yoast.com\/product\/yoast-seo-premium-wordpress\/ -->\n<title>Szopka krakowska Art - Sklep Fundacji Przyjd\u017a<\/title>\n<meta name=\"description\" content=\"Autorska Szopka Krakowska wykonana na sklejce, zachwyca kolorystyk\u0105 i tradycyjnym krakowskim wzornictwem. Idealna dekoracja i wyj\u0105tkowy produkt regionalny.\" \/>\n<meta name=\"robots\" content=\"index, follow, max-snippet:-1, max-image-preview:large, max-video-preview:-1\" \/>\n<link rel=\"canonical\" href=\"https:\/\/fundacjaprzyjdz.pl\/sklep\/produkt\/szopka-krakowska-art-unikatowy-autorski-projekt\/\" \/>\n<meta property=\"og:locale\" content=\"pl_PL\" \/>\n<meta property=\"og:type\" content=\"article\" \/>\n<meta property=\"og:title\" content=\"Szopka krakowska Art\" \/>\n<meta property=\"og:description\" content=\"Autorska Szopka Krakowska wykonana na sklejce, zachwyca kolorystyk\u0105 i tradycyjnym krakowskim wzornictwem. Idealna dekoracja i wyj\u0105tkowy produkt regionalny.\" \/>\n<meta property=\"og:url\" content=\"https:\/\/fundacjaprzyjdz.pl\/sklep\/produkt\/szopka-krakowska-art-unikatowy-autorski-projekt\/\" \/>\n<meta property=\"og:site_name\" content=\"Sklep Fundacji Przyjd\u017a\" \/>\n<meta property=\"article:publisher\" content=\"https:\/\/www.facebook.com\/fundacjaprzyjdz\/\" \/>\n<meta property=\"article:modified_time\" content=\"2025-12-17T07:32:05+00:00\" \/>\n<meta property=\"og:image\" content=\"https:\/\/fundacjaprzyjdz.pl\/sklep\/wp-content\/uploads\/2021\/08\/Szopka-krakowska-rysowana-wzor-2_.jpg\" \/>\n\t<meta property=\"og:image:width\" content=\"800\" \/>\n\t<meta property=\"og:image:height\" content=\"800\" \/>\n\t<meta property=\"og:image:type\" content=\"image\/jpeg\" \/>\n<meta name=\"twitter:card\" content=\"summary_large_image\" \/>\n<meta name=\"twitter:label1\" content=\"Availability\" \/>\n\t<meta name=\"twitter:data1\" content=\"In stock\" \/>\n<script type=\"application\/ld+json\" class=\"yoast-schema-graph\">{\"@context\":\"https:\\\/\\\/schema.org\",\"@graph\":[{\"@type\":\"WebPage\",\"@id\":\"https:\\\/\\\/fundacjaprzyjdz.pl\\\/sklep\\\/produkt\\\/szopka-krakowska-art-unikatowy-autorski-projekt\\\/\",\"url\":\"https:\\\/\\\/fundacjaprzyjdz.pl\\\/sklep\\\/produkt\\\/szopka-krakowska-art-unikatowy-autorski-projekt\\\/\",\"name\":\"Szopka krakowska Art - Sklep Fundacji Przyjd\u017a\",\"isPartOf\":{\"@id\":\"https:\\\/\\\/fundacjaprzyjdz.pl\\\/sklep\\\/#website\"},\"primaryImageOfPage\":{\"@id\":\"https:\\\/\\\/fundacjaprzyjdz.pl\\\/sklep\\\/produkt\\\/szopka-krakowska-art-unikatowy-autorski-projekt\\\/#primaryimage\"},\"image\":{\"@id\":\"https:\\\/\\\/fundacjaprzyjdz.pl\\\/sklep\\\/produkt\\\/szopka-krakowska-art-unikatowy-autorski-projekt\\\/#primaryimage\"},\"thumbnailUrl\":\"https:\\\/\\\/fundacjaprzyjdz.pl\\\/sklep\\\/wp-content\\\/uploads\\\/2021\\\/08\\\/Szopka-krakowska-rysowana-wzor-2_.jpg\",\"datePublished\":\"2021-08-11T13:52:10+00:00\",\"dateModified\":\"2025-12-17T07:32:05+00:00\",\"description\":\"Autorska Szopka Krakowska wykonana na sklejce, zachwyca kolorystyk\u0105 i tradycyjnym krakowskim wzornictwem. Idealna dekoracja i wyj\u0105tkowy produkt regionalny.\",\"breadcrumb\":{\"@id\":\"https:\\\/\\\/fundacjaprzyjdz.pl\\\/sklep\\\/produkt\\\/szopka-krakowska-art-unikatowy-autorski-projekt\\\/#breadcrumb\"},\"inLanguage\":\"pl-PL\",\"potentialAction\":[{\"@type\":\"ReadAction\",\"target\":[\"https:\\\/\\\/fundacjaprzyjdz.pl\\\/sklep\\\/produkt\\\/szopka-krakowska-art-unikatowy-autorski-projekt\\\/\"]}]},{\"@type\":\"ImageObject\",\"inLanguage\":\"pl-PL\",\"@id\":\"https:\\\/\\\/fundacjaprzyjdz.pl\\\/sklep\\\/produkt\\\/szopka-krakowska-art-unikatowy-autorski-projekt\\\/#primaryimage\",\"url\":\"https:\\\/\\\/fundacjaprzyjdz.pl\\\/sklep\\\/wp-content\\\/uploads\\\/2021\\\/08\\\/Szopka-krakowska-rysowana-wzor-2_.jpg\",\"contentUrl\":\"https:\\\/\\\/fundacjaprzyjdz.pl\\\/sklep\\\/wp-content\\\/uploads\\\/2021\\\/08\\\/Szopka-krakowska-rysowana-wzor-2_.jpg\",\"width\":800,\"height\":800,\"caption\":\"Szopka-krakowska-rysowana-wzor-2_\"},{\"@type\":\"BreadcrumbList\",\"@id\":\"https:\\\/\\\/fundacjaprzyjdz.pl\\\/sklep\\\/produkt\\\/szopka-krakowska-art-unikatowy-autorski-projekt\\\/#breadcrumb\",\"itemListElement\":[{\"@type\":\"ListItem\",\"position\":1,\"name\":\"Strona g\u0142\u00f3wna\",\"item\":\"https:\\\/\\\/fundacjaprzyjdz.pl\\\/sklep\\\/\"},{\"@type\":\"ListItem\",\"position\":2,\"name\":\"Wszystkie produkty\",\"item\":\"https:\\\/\\\/fundacjaprzyjdz.pl\\\/sklep\\\/wszystkie-produkty\\\/\"},{\"@type\":\"ListItem\",\"position\":3,\"name\":\"Szopka krakowska Art\"}]},{\"@type\":\"WebSite\",\"@id\":\"https:\\\/\\\/fundacjaprzyjdz.pl\\\/sklep\\\/#website\",\"url\":\"https:\\\/\\\/fundacjaprzyjdz.pl\\\/sklep\\\/\",\"name\":\"Sklep Fundacji Przyjd\u017a\",\"description\":\"Ozdoby z drewna i nie tylko\",\"publisher\":{\"@id\":\"https:\\\/\\\/fundacjaprzyjdz.pl\\\/sklep\\\/#organization\"},\"potentialAction\":[{\"@type\":\"SearchAction\",\"target\":{\"@type\":\"EntryPoint\",\"urlTemplate\":\"https:\\\/\\\/fundacjaprzyjdz.pl\\\/sklep\\\/?s={search_term_string}\"},\"query-input\":{\"@type\":\"PropertyValueSpecification\",\"valueRequired\":true,\"valueName\":\"search_term_string\"}}],\"inLanguage\":\"pl-PL\"},{\"@type\":\"Organization\",\"@id\":\"https:\\\/\\\/fundacjaprzyjdz.pl\\\/sklep\\\/#organization\",\"name\":\"Sklep Fundacji \\\"Przyjd\u017a\\\"\",\"url\":\"https:\\\/\\\/fundacjaprzyjdz.pl\\\/sklep\\\/\",\"logo\":{\"@type\":\"ImageObject\",\"inLanguage\":\"pl-PL\",\"@id\":\"https:\\\/\\\/fundacjaprzyjdz.pl\\\/sklep\\\/#\\\/schema\\\/logo\\\/image\\\/\",\"url\":\"https:\\\/\\\/fundacjaprzyjdz.pl\\\/sklep\\\/wp-content\\\/uploads\\\/2021\\\/12\\\/FavIco.jpg\",\"contentUrl\":\"https:\\\/\\\/fundacjaprzyjdz.pl\\\/sklep\\\/wp-content\\\/uploads\\\/2021\\\/12\\\/FavIco.jpg\",\"width\":512,\"height\":512,\"caption\":\"Sklep Fundacji \\\"Przyjd\u017a\\\"\"},\"image\":{\"@id\":\"https:\\\/\\\/fundacjaprzyjdz.pl\\\/sklep\\\/#\\\/schema\\\/logo\\\/image\\\/\"},\"sameAs\":[\"https:\\\/\\\/www.facebook.com\\\/fundacjaprzyjdz\\\/\",\"https:\\\/\\\/www.instagram.com\\\/fundacja.przyjdz\\\/\"]}]}<\/script>\n<meta property=\"og:availability\" content=\"instock\" \/>\n<meta property=\"product:availability\" content=\"instock\" \/>\n<meta property=\"product:condition\" content=\"new\" \/>\n<!-- \/ Yoast SEO Premium plugin. -->","yoast_head_json":{"title":"Szopka krakowska Art - Sklep Fundacji Przyjd\u017a","description":"Autorska Szopka Krakowska wykonana na sklejce, zachwyca kolorystyk\u0105 i tradycyjnym krakowskim wzornictwem. Idealna dekoracja i wyj\u0105tkowy produkt regionalny.","robots":{"index":"index","follow":"follow","max-snippet":"max-snippet:-1","max-image-preview":"max-image-preview:large","max-video-preview":"max-video-preview:-1"},"canonical":"https:\/\/fundacjaprzyjdz.pl\/sklep\/produkt\/szopka-krakowska-art-unikatowy-autorski-projekt\/","og_locale":"pl_PL","og_type":"article","og_title":"Szopka krakowska Art","og_description":"Autorska Szopka Krakowska wykonana na sklejce, zachwyca kolorystyk\u0105 i tradycyjnym krakowskim wzornictwem. Idealna dekoracja i wyj\u0105tkowy produkt regionalny.","og_url":"https:\/\/fundacjaprzyjdz.pl\/sklep\/produkt\/szopka-krakowska-art-unikatowy-autorski-projekt\/","og_site_name":"Sklep Fundacji Przyjd\u017a","article_publisher":"https:\/\/www.facebook.com\/fundacjaprzyjdz\/","article_modified_time":"2025-12-17T07:32:05+00:00","og_image":[{"width":800,"height":800,"url":"https:\/\/fundacjaprzyjdz.pl\/sklep\/wp-content\/uploads\/2021\/08\/Szopka-krakowska-rysowana-wzor-2_.jpg","type":"image\/jpeg"}],"twitter_card":"summary_large_image","twitter_misc":{"Availability":"In stock"},"schema":{"@context":"https:\/\/schema.org","@graph":[{"@type":"WebPage","@id":"https:\/\/fundacjaprzyjdz.pl\/sklep\/produkt\/szopka-krakowska-art-unikatowy-autorski-projekt\/","url":"https:\/\/fundacjaprzyjdz.pl\/sklep\/produkt\/szopka-krakowska-art-unikatowy-autorski-projekt\/","name":"Szopka krakowska Art - Sklep Fundacji Przyjd\u017a","isPartOf":{"@id":"https:\/\/fundacjaprzyjdz.pl\/sklep\/#website"},"primaryImageOfPage":{"@id":"https:\/\/fundacjaprzyjdz.pl\/sklep\/produkt\/szopka-krakowska-art-unikatowy-autorski-projekt\/#primaryimage"},"image":{"@id":"https:\/\/fundacjaprzyjdz.pl\/sklep\/produkt\/szopka-krakowska-art-unikatowy-autorski-projekt\/#primaryimage"},"thumbnailUrl":"https:\/\/fundacjaprzyjdz.pl\/sklep\/wp-content\/uploads\/2021\/08\/Szopka-krakowska-rysowana-wzor-2_.jpg","datePublished":"2021-08-11T13:52:10+00:00","dateModified":"2025-12-17T07:32:05+00:00","description":"Autorska Szopka Krakowska wykonana na sklejce, zachwyca kolorystyk\u0105 i tradycyjnym krakowskim wzornictwem. Idealna dekoracja i wyj\u0105tkowy produkt regionalny.","breadcrumb":{"@id":"https:\/\/fundacjaprzyjdz.pl\/sklep\/produkt\/szopka-krakowska-art-unikatowy-autorski-projekt\/#breadcrumb"},"inLanguage":"pl-PL","potentialAction":[{"@type":"ReadAction","target":["https:\/\/fundacjaprzyjdz.pl\/sklep\/produkt\/szopka-krakowska-art-unikatowy-autorski-projekt\/"]}]},{"@type":"ImageObject","inLanguage":"pl-PL","@id":"https:\/\/fundacjaprzyjdz.pl\/sklep\/produkt\/szopka-krakowska-art-unikatowy-autorski-projekt\/#primaryimage","url":"https:\/\/fundacjaprzyjdz.pl\/sklep\/wp-content\/uploads\/2021\/08\/Szopka-krakowska-rysowana-wzor-2_.jpg","contentUrl":"https:\/\/fundacjaprzyjdz.pl\/sklep\/wp-content\/uploads\/2021\/08\/Szopka-krakowska-rysowana-wzor-2_.jpg","width":800,"height":800,"caption":"Szopka-krakowska-rysowana-wzor-2_"},{"@type":"BreadcrumbList","@id":"https:\/\/fundacjaprzyjdz.pl\/sklep\/produkt\/szopka-krakowska-art-unikatowy-autorski-projekt\/#breadcrumb","itemListElement":[{"@type":"ListItem","position":1,"name":"Strona g\u0142\u00f3wna","item":"https:\/\/fundacjaprzyjdz.pl\/sklep\/"},{"@type":"ListItem","position":2,"name":"Wszystkie produkty","item":"https:\/\/fundacjaprzyjdz.pl\/sklep\/wszystkie-produkty\/"},{"@type":"ListItem","position":3,"name":"Szopka krakowska Art"}]},{"@type":"WebSite","@id":"https:\/\/fundacjaprzyjdz.pl\/sklep\/#website","url":"https:\/\/fundacjaprzyjdz.pl\/sklep\/","name":"Sklep Fundacji Przyjd\u017a","description":"Ozdoby z drewna i nie tylko","publisher":{"@id":"https:\/\/fundacjaprzyjdz.pl\/sklep\/#organization"},"potentialAction":[{"@type":"SearchAction","target":{"@type":"EntryPoint","urlTemplate":"https:\/\/fundacjaprzyjdz.pl\/sklep\/?s={search_term_string}"},"query-input":{"@type":"PropertyValueSpecification","valueRequired":true,"valueName":"search_term_string"}}],"inLanguage":"pl-PL"},{"@type":"Organization","@id":"https:\/\/fundacjaprzyjdz.pl\/sklep\/#organization","name":"Sklep Fundacji \"Przyjd\u017a\"","url":"https:\/\/fundacjaprzyjdz.pl\/sklep\/","logo":{"@type":"ImageObject","inLanguage":"pl-PL","@id":"https:\/\/fundacjaprzyjdz.pl\/sklep\/#\/schema\/logo\/image\/","url":"https:\/\/fundacjaprzyjdz.pl\/sklep\/wp-content\/uploads\/2021\/12\/FavIco.jpg","contentUrl":"https:\/\/fundacjaprzyjdz.pl\/sklep\/wp-content\/uploads\/2021\/12\/FavIco.jpg","width":512,"height":512,"caption":"Sklep Fundacji \"Przyjd\u017a\""},"image":{"@id":"https:\/\/fundacjaprzyjdz.pl\/sklep\/#\/schema\/logo\/image\/"},"sameAs":["https:\/\/www.facebook.com\/fundacjaprzyjdz\/","https:\/\/www.instagram.com\/fundacja.przyjdz\/"]}]},"og_availability":"instock","product_availability":"instock","product_condition":"new"},"_links":{"self":[{"href":"https:\/\/fundacjaprzyjdz.pl\/sklep\/wp-json\/wp\/v2\/product\/7762","targetHints":{"allow":["GET"]}}],"collection":[{"href":"https:\/\/fundacjaprzyjdz.pl\/sklep\/wp-json\/wp\/v2\/product"}],"about":[{"href":"https:\/\/fundacjaprzyjdz.pl\/sklep\/wp-json\/wp\/v2\/types\/product"}],"replies":[{"embeddable":true,"href":"https:\/\/fundacjaprzyjdz.pl\/sklep\/wp-json\/wp\/v2\/comments?post=7762"}],"wp:featuredmedia":[{"embeddable":true,"href":"https:\/\/fundacjaprzyjdz.pl\/sklep\/wp-json\/wp\/v2\/media\/10768"}],"wp:attachment":[{"href":"https:\/\/fundacjaprzyjdz.pl\/sklep\/wp-json\/wp\/v2\/media?parent=7762"}],"wp:term":[{"taxonomy":"product_brand","embeddable":true,"href":"https:\/\/fundacjaprzyjdz.pl\/sklep\/wp-json\/wp\/v2\/product_brand?post=7762"},{"taxonomy":"product_cat","embeddable":true,"href":"https:\/\/fundacjaprzyjdz.pl\/sklep\/wp-json\/wp\/v2\/product_cat?post=7762"},{"taxonomy":"product_tag","embeddable":true,"href":"https:\/\/fundacjaprzyjdz.pl\/sklep\/wp-json\/wp\/v2\/product_tag?post=7762"}],"curies":[{"name":"wp","href":"https:\/\/api.w.org\/{rel}","templated":true}]}}