{"id":7700,"date":"2021-07-27T19:59:46","date_gmt":"2021-07-27T17:59:46","guid":{"rendered":"https:\/\/fundacjaprzyjdz.pl\/sklep\/?post_type=product&#038;p=7700"},"modified":"2026-03-02T09:53:43","modified_gmt":"2026-03-02T08:53:43","slug":"gra-memory-krakow","status":"publish","type":"product","link":"https:\/\/fundacjaprzyjdz.pl\/sklep\/produkt\/gra-memory-krakow\/","title":{"rendered":"Memory Krak\u00f3w Art"},"content":{"rendered":"<p>Memory Krak\u00f3w Art to gra dla ka\u017cdego. Trwa\u0142a i ekologiczna, poniewa\u017c wykonana z drewna. \u0106wiczy pami\u0119\u0107 i integruje z przyjaci\u00f3\u0142mi.<\/p>\n<p>Twoim zadaniem jest ods\u0142oni\u0119cie jednej z po\u015br\u00f3d 20 zakrytych par kafelk\u00f3w. Je\u017celi kafelki b\u0119d\u0105 do siebie pasowa\u0107 zabierzesz je do swojej kolekcji i zyskasz prawo do odkrycia kolejnych. Je\u017celi kafelki oka\u017c\u0105 si\u0119 r\u00f3\u017cne b\u0119dziesz musia\u0142 od\u0142o\u017cy\u0107 je na miejsce, a kolejka przejdzie na nast\u0119pnego gracza.<\/p>\n<p>Memory Art integruje, bawi i edukuje. Zawiera fragmenty obraz\u00f3w krakowskiej artystki, przedstawiaj\u0105cych Stare Miasto w Krakowie. Gra w drewnianym pude\u0142ku mo\u017ce sta\u0107 si\u0119 zar\u00f3wno pami\u0105tk\u0105 z Krakowa, jak i wyj\u0105tkowym prezentem na wiele r\u00f3\u017cnych okazji.<br \/><\/p>\n<h4>CEL GRY<\/h4>\n<p>Celem gry jest zebranie najwi\u0119kszej ilo\u015bci par obrazk\u00f3w spo\u015br\u00f3d wszystkich graczy.<\/p>\n<p><strong>Zawarto\u015b\u0107 pude\u0142ka<\/strong><\/p>\n<ul>\n<li>40 kafelk\u00f3w z fragmentami obraz\u00f3w<\/li>\n<li>Instrukcja gry<\/li>\n<\/ul>\n<p>&nbsp;<\/p>\n<p><a href=\"https:\/\/testhau.my.canva.site\/gra-memory\">Wersja przegl\u0105darkowa Gry<\/a><\/p>\n","protected":false},"excerpt":{"rendered":"<p>Memory Krak\u00f3w Art to gra, kt\u00f3ra integruje, bawi i edukuje. Twoim zadaniem jest ods\u0142oni\u0119cie jednej z po\u015br\u00f3d 20 zakrytych par obrazk\u00f3w w taki spos\u00f3b, by obrazki do siebie pasowa\u0142y. Gra zawiera fragmenty obraz\u00f3w przedstawiaj\u0105cych Stare Miasto w Krakowie.<\/p>\n","protected":false},"featured_media":8908,"comment_status":"open","ping_status":"closed","template":"","meta":[],"product_brand":[],"product_cat":[95,198,83],"product_tag":[189],"class_list":{"0":"post-7700","1":"product","2":"type-product","3":"status-publish","4":"has-post-thumbnail","6":"product_cat-gry","7":"product_cat-pamiatki-z-krakowa","8":"product_cat-regionalne","9":"product_tag-bestseller","11":"first","12":"instock","13":"sale","14":"featured","15":"shipping-taxable","16":"purchasable","17":"product-type-simple"},"yoast_head":"<!-- This site is optimized with the Yoast SEO Premium plugin v19.0.1 (Yoast SEO v27.4) - https:\/\/yoast.com\/product\/yoast-seo-premium-wordpress\/ -->\n<title>Memory Krak\u00f3w Art - Sklep Fundacji Przyjd\u017a<\/title>\n<meta name=\"description\" content=\"Memory Krak\u00f3w Art integruje i edukuje. Ods\u0142aniasz kafelki, by odnale\u017a\u0107 pary. Gra zawiera fragmenty obraz\u00f3w Starego Miasto w Krakowie.\" \/>\n<meta name=\"robots\" content=\"index, follow, max-snippet:-1, max-image-preview:large, max-video-preview:-1\" \/>\n<link rel=\"canonical\" href=\"https:\/\/fundacjaprzyjdz.pl\/sklep\/produkt\/gra-memory-krakow\/\" \/>\n<meta property=\"og:locale\" content=\"pl_PL\" \/>\n<meta property=\"og:type\" content=\"article\" \/>\n<meta property=\"og:title\" content=\"Memory Krak\u00f3w Art\" \/>\n<meta property=\"og:description\" content=\"Memory Krak\u00f3w Art integruje i edukuje. Ods\u0142aniasz kafelki, by odnale\u017a\u0107 pary. Gra zawiera fragmenty obraz\u00f3w Starego Miasto w Krakowie.\" \/>\n<meta property=\"og:url\" content=\"https:\/\/fundacjaprzyjdz.pl\/sklep\/produkt\/gra-memory-krakow\/\" \/>\n<meta property=\"og:site_name\" content=\"Sklep Fundacji Przyjd\u017a\" \/>\n<meta property=\"article:publisher\" content=\"https:\/\/www.facebook.com\/fundacjaprzyjdz\/\" \/>\n<meta property=\"article:modified_time\" content=\"2026-03-02T08:53:43+00:00\" \/>\n<meta property=\"og:image\" content=\"https:\/\/fundacjaprzyjdz.pl\/sklep\/wp-content\/uploads\/2021\/07\/Memory-Krakow-Art-gra-pamieciowa-obrazki.jpg\" \/>\n\t<meta property=\"og:image:width\" content=\"800\" \/>\n\t<meta property=\"og:image:height\" content=\"800\" \/>\n\t<meta property=\"og:image:type\" content=\"image\/jpeg\" \/>\n<meta name=\"twitter:card\" content=\"summary_large_image\" \/>\n<meta name=\"twitter:label1\" content=\"Cena\" \/>\n\t<meta name=\"twitter:data1\" content=\"65,00&nbsp;&#122;&#322; Pierwotna cena wynosi\u0142a: 65,00&nbsp;&#122;&#322;.59,00&nbsp;&#122;&#322;Aktualna cena wynosi: 59,00&nbsp;&#122;&#322;.\" \/>\n\t<meta name=\"twitter:label2\" content=\"Availability\" \/>\n\t<meta name=\"twitter:data2\" content=\"In stock\" \/>\n<script type=\"application\/ld+json\" class=\"yoast-schema-graph\">{\"@context\":\"https:\\\/\\\/schema.org\",\"@graph\":[{\"@type\":\"WebPage\",\"@id\":\"https:\\\/\\\/fundacjaprzyjdz.pl\\\/sklep\\\/produkt\\\/gra-memory-krakow\\\/\",\"url\":\"https:\\\/\\\/fundacjaprzyjdz.pl\\\/sklep\\\/produkt\\\/gra-memory-krakow\\\/\",\"name\":\"Memory Krak\u00f3w Art - Sklep Fundacji Przyjd\u017a\",\"isPartOf\":{\"@id\":\"https:\\\/\\\/fundacjaprzyjdz.pl\\\/sklep\\\/#website\"},\"primaryImageOfPage\":{\"@id\":\"https:\\\/\\\/fundacjaprzyjdz.pl\\\/sklep\\\/produkt\\\/gra-memory-krakow\\\/#primaryimage\"},\"image\":{\"@id\":\"https:\\\/\\\/fundacjaprzyjdz.pl\\\/sklep\\\/produkt\\\/gra-memory-krakow\\\/#primaryimage\"},\"thumbnailUrl\":\"https:\\\/\\\/fundacjaprzyjdz.pl\\\/sklep\\\/wp-content\\\/uploads\\\/2021\\\/07\\\/Memory-Krakow-Art-gra-pamieciowa-obrazki.jpg\",\"datePublished\":\"2021-07-27T17:59:46+00:00\",\"dateModified\":\"2026-03-02T08:53:43+00:00\",\"description\":\"Memory Krak\u00f3w Art integruje i edukuje. Ods\u0142aniasz kafelki, by odnale\u017a\u0107 pary. Gra zawiera fragmenty obraz\u00f3w Starego Miasto w Krakowie.\",\"breadcrumb\":{\"@id\":\"https:\\\/\\\/fundacjaprzyjdz.pl\\\/sklep\\\/produkt\\\/gra-memory-krakow\\\/#breadcrumb\"},\"inLanguage\":\"pl-PL\",\"potentialAction\":[{\"@type\":\"ReadAction\",\"target\":[\"https:\\\/\\\/fundacjaprzyjdz.pl\\\/sklep\\\/produkt\\\/gra-memory-krakow\\\/\"]}]},{\"@type\":\"ImageObject\",\"inLanguage\":\"pl-PL\",\"@id\":\"https:\\\/\\\/fundacjaprzyjdz.pl\\\/sklep\\\/produkt\\\/gra-memory-krakow\\\/#primaryimage\",\"url\":\"https:\\\/\\\/fundacjaprzyjdz.pl\\\/sklep\\\/wp-content\\\/uploads\\\/2021\\\/07\\\/Memory-Krakow-Art-gra-pamieciowa-obrazki.jpg\",\"contentUrl\":\"https:\\\/\\\/fundacjaprzyjdz.pl\\\/sklep\\\/wp-content\\\/uploads\\\/2021\\\/07\\\/Memory-Krakow-Art-gra-pamieciowa-obrazki.jpg\",\"width\":800,\"height\":800,\"caption\":\"Memory Krak\u00f3w Artystyczne obrazki gry\"},{\"@type\":\"BreadcrumbList\",\"@id\":\"https:\\\/\\\/fundacjaprzyjdz.pl\\\/sklep\\\/produkt\\\/gra-memory-krakow\\\/#breadcrumb\",\"itemListElement\":[{\"@type\":\"ListItem\",\"position\":1,\"name\":\"Strona g\u0142\u00f3wna\",\"item\":\"https:\\\/\\\/fundacjaprzyjdz.pl\\\/sklep\\\/\"},{\"@type\":\"ListItem\",\"position\":2,\"name\":\"Wszystkie produkty\",\"item\":\"https:\\\/\\\/fundacjaprzyjdz.pl\\\/sklep\\\/wszystkie-produkty\\\/\"},{\"@type\":\"ListItem\",\"position\":3,\"name\":\"Memory Krak\u00f3w Art\"}]},{\"@type\":\"WebSite\",\"@id\":\"https:\\\/\\\/fundacjaprzyjdz.pl\\\/sklep\\\/#website\",\"url\":\"https:\\\/\\\/fundacjaprzyjdz.pl\\\/sklep\\\/\",\"name\":\"Sklep Fundacji Przyjd\u017a\",\"description\":\"Ozdoby z drewna i nie tylko\",\"publisher\":{\"@id\":\"https:\\\/\\\/fundacjaprzyjdz.pl\\\/sklep\\\/#organization\"},\"potentialAction\":[{\"@type\":\"SearchAction\",\"target\":{\"@type\":\"EntryPoint\",\"urlTemplate\":\"https:\\\/\\\/fundacjaprzyjdz.pl\\\/sklep\\\/?s={search_term_string}\"},\"query-input\":{\"@type\":\"PropertyValueSpecification\",\"valueRequired\":true,\"valueName\":\"search_term_string\"}}],\"inLanguage\":\"pl-PL\"},{\"@type\":\"Organization\",\"@id\":\"https:\\\/\\\/fundacjaprzyjdz.pl\\\/sklep\\\/#organization\",\"name\":\"Sklep Fundacji \\\"Przyjd\u017a\\\"\",\"url\":\"https:\\\/\\\/fundacjaprzyjdz.pl\\\/sklep\\\/\",\"logo\":{\"@type\":\"ImageObject\",\"inLanguage\":\"pl-PL\",\"@id\":\"https:\\\/\\\/fundacjaprzyjdz.pl\\\/sklep\\\/#\\\/schema\\\/logo\\\/image\\\/\",\"url\":\"https:\\\/\\\/fundacjaprzyjdz.pl\\\/sklep\\\/wp-content\\\/uploads\\\/2021\\\/12\\\/FavIco.jpg\",\"contentUrl\":\"https:\\\/\\\/fundacjaprzyjdz.pl\\\/sklep\\\/wp-content\\\/uploads\\\/2021\\\/12\\\/FavIco.jpg\",\"width\":512,\"height\":512,\"caption\":\"Sklep Fundacji \\\"Przyjd\u017a\\\"\"},\"image\":{\"@id\":\"https:\\\/\\\/fundacjaprzyjdz.pl\\\/sklep\\\/#\\\/schema\\\/logo\\\/image\\\/\"},\"sameAs\":[\"https:\\\/\\\/www.facebook.com\\\/fundacjaprzyjdz\\\/\",\"https:\\\/\\\/www.instagram.com\\\/fundacja.przyjdz\\\/\"]}]}<\/script>\n<meta property=\"product:price:amount\" content=\"59.00\" \/>\n<meta property=\"product:price:currency\" content=\"PLN\" \/>\n<meta property=\"og:availability\" content=\"instock\" \/>\n<meta property=\"product:availability\" content=\"instock\" \/>\n<meta property=\"product:condition\" content=\"new\" \/>\n<!-- \/ Yoast SEO Premium plugin. -->","yoast_head_json":{"title":"Memory Krak\u00f3w Art - Sklep Fundacji Przyjd\u017a","description":"Memory Krak\u00f3w Art integruje i edukuje. Ods\u0142aniasz kafelki, by odnale\u017a\u0107 pary. Gra zawiera fragmenty obraz\u00f3w Starego Miasto w Krakowie.","robots":{"index":"index","follow":"follow","max-snippet":"max-snippet:-1","max-image-preview":"max-image-preview:large","max-video-preview":"max-video-preview:-1"},"canonical":"https:\/\/fundacjaprzyjdz.pl\/sklep\/produkt\/gra-memory-krakow\/","og_locale":"pl_PL","og_type":"article","og_title":"Memory Krak\u00f3w Art","og_description":"Memory Krak\u00f3w Art integruje i edukuje. Ods\u0142aniasz kafelki, by odnale\u017a\u0107 pary. Gra zawiera fragmenty obraz\u00f3w Starego Miasto w Krakowie.","og_url":"https:\/\/fundacjaprzyjdz.pl\/sklep\/produkt\/gra-memory-krakow\/","og_site_name":"Sklep Fundacji Przyjd\u017a","article_publisher":"https:\/\/www.facebook.com\/fundacjaprzyjdz\/","article_modified_time":"2026-03-02T08:53:43+00:00","og_image":[{"width":800,"height":800,"url":"https:\/\/fundacjaprzyjdz.pl\/sklep\/wp-content\/uploads\/2021\/07\/Memory-Krakow-Art-gra-pamieciowa-obrazki.jpg","type":"image\/jpeg"}],"twitter_card":"summary_large_image","twitter_misc":{"Cena":"65,00&nbsp;&#122;&#322; Pierwotna cena wynosi\u0142a: 65,00&nbsp;&#122;&#322;.59,00&nbsp;&#122;&#322;Aktualna cena wynosi: 59,00&nbsp;&#122;&#322;.","Availability":"In stock"},"schema":{"@context":"https:\/\/schema.org","@graph":[{"@type":"WebPage","@id":"https:\/\/fundacjaprzyjdz.pl\/sklep\/produkt\/gra-memory-krakow\/","url":"https:\/\/fundacjaprzyjdz.pl\/sklep\/produkt\/gra-memory-krakow\/","name":"Memory Krak\u00f3w Art - Sklep Fundacji Przyjd\u017a","isPartOf":{"@id":"https:\/\/fundacjaprzyjdz.pl\/sklep\/#website"},"primaryImageOfPage":{"@id":"https:\/\/fundacjaprzyjdz.pl\/sklep\/produkt\/gra-memory-krakow\/#primaryimage"},"image":{"@id":"https:\/\/fundacjaprzyjdz.pl\/sklep\/produkt\/gra-memory-krakow\/#primaryimage"},"thumbnailUrl":"https:\/\/fundacjaprzyjdz.pl\/sklep\/wp-content\/uploads\/2021\/07\/Memory-Krakow-Art-gra-pamieciowa-obrazki.jpg","datePublished":"2021-07-27T17:59:46+00:00","dateModified":"2026-03-02T08:53:43+00:00","description":"Memory Krak\u00f3w Art integruje i edukuje. Ods\u0142aniasz kafelki, by odnale\u017a\u0107 pary. Gra zawiera fragmenty obraz\u00f3w Starego Miasto w Krakowie.","breadcrumb":{"@id":"https:\/\/fundacjaprzyjdz.pl\/sklep\/produkt\/gra-memory-krakow\/#breadcrumb"},"inLanguage":"pl-PL","potentialAction":[{"@type":"ReadAction","target":["https:\/\/fundacjaprzyjdz.pl\/sklep\/produkt\/gra-memory-krakow\/"]}]},{"@type":"ImageObject","inLanguage":"pl-PL","@id":"https:\/\/fundacjaprzyjdz.pl\/sklep\/produkt\/gra-memory-krakow\/#primaryimage","url":"https:\/\/fundacjaprzyjdz.pl\/sklep\/wp-content\/uploads\/2021\/07\/Memory-Krakow-Art-gra-pamieciowa-obrazki.jpg","contentUrl":"https:\/\/fundacjaprzyjdz.pl\/sklep\/wp-content\/uploads\/2021\/07\/Memory-Krakow-Art-gra-pamieciowa-obrazki.jpg","width":800,"height":800,"caption":"Memory Krak\u00f3w Artystyczne obrazki gry"},{"@type":"BreadcrumbList","@id":"https:\/\/fundacjaprzyjdz.pl\/sklep\/produkt\/gra-memory-krakow\/#breadcrumb","itemListElement":[{"@type":"ListItem","position":1,"name":"Strona g\u0142\u00f3wna","item":"https:\/\/fundacjaprzyjdz.pl\/sklep\/"},{"@type":"ListItem","position":2,"name":"Wszystkie produkty","item":"https:\/\/fundacjaprzyjdz.pl\/sklep\/wszystkie-produkty\/"},{"@type":"ListItem","position":3,"name":"Memory Krak\u00f3w Art"}]},{"@type":"WebSite","@id":"https:\/\/fundacjaprzyjdz.pl\/sklep\/#website","url":"https:\/\/fundacjaprzyjdz.pl\/sklep\/","name":"Sklep Fundacji Przyjd\u017a","description":"Ozdoby z drewna i nie tylko","publisher":{"@id":"https:\/\/fundacjaprzyjdz.pl\/sklep\/#organization"},"potentialAction":[{"@type":"SearchAction","target":{"@type":"EntryPoint","urlTemplate":"https:\/\/fundacjaprzyjdz.pl\/sklep\/?s={search_term_string}"},"query-input":{"@type":"PropertyValueSpecification","valueRequired":true,"valueName":"search_term_string"}}],"inLanguage":"pl-PL"},{"@type":"Organization","@id":"https:\/\/fundacjaprzyjdz.pl\/sklep\/#organization","name":"Sklep Fundacji \"Przyjd\u017a\"","url":"https:\/\/fundacjaprzyjdz.pl\/sklep\/","logo":{"@type":"ImageObject","inLanguage":"pl-PL","@id":"https:\/\/fundacjaprzyjdz.pl\/sklep\/#\/schema\/logo\/image\/","url":"https:\/\/fundacjaprzyjdz.pl\/sklep\/wp-content\/uploads\/2021\/12\/FavIco.jpg","contentUrl":"https:\/\/fundacjaprzyjdz.pl\/sklep\/wp-content\/uploads\/2021\/12\/FavIco.jpg","width":512,"height":512,"caption":"Sklep Fundacji \"Przyjd\u017a\""},"image":{"@id":"https:\/\/fundacjaprzyjdz.pl\/sklep\/#\/schema\/logo\/image\/"},"sameAs":["https:\/\/www.facebook.com\/fundacjaprzyjdz\/","https:\/\/www.instagram.com\/fundacja.przyjdz\/"]}]},"product_price_amount":"59.00","product_price_currency":"PLN","og_availability":"instock","product_availability":"instock","product_condition":"new"},"_links":{"self":[{"href":"https:\/\/fundacjaprzyjdz.pl\/sklep\/wp-json\/wp\/v2\/product\/7700","targetHints":{"allow":["GET"]}}],"collection":[{"href":"https:\/\/fundacjaprzyjdz.pl\/sklep\/wp-json\/wp\/v2\/product"}],"about":[{"href":"https:\/\/fundacjaprzyjdz.pl\/sklep\/wp-json\/wp\/v2\/types\/product"}],"replies":[{"embeddable":true,"href":"https:\/\/fundacjaprzyjdz.pl\/sklep\/wp-json\/wp\/v2\/comments?post=7700"}],"wp:featuredmedia":[{"embeddable":true,"href":"https:\/\/fundacjaprzyjdz.pl\/sklep\/wp-json\/wp\/v2\/media\/8908"}],"wp:attachment":[{"href":"https:\/\/fundacjaprzyjdz.pl\/sklep\/wp-json\/wp\/v2\/media?parent=7700"}],"wp:term":[{"taxonomy":"product_brand","embeddable":true,"href":"https:\/\/fundacjaprzyjdz.pl\/sklep\/wp-json\/wp\/v2\/product_brand?post=7700"},{"taxonomy":"product_cat","embeddable":true,"href":"https:\/\/fundacjaprzyjdz.pl\/sklep\/wp-json\/wp\/v2\/product_cat?post=7700"},{"taxonomy":"product_tag","embeddable":true,"href":"https:\/\/fundacjaprzyjdz.pl\/sklep\/wp-json\/wp\/v2\/product_tag?post=7700"}],"curies":[{"name":"wp","href":"https:\/\/api.w.org\/{rel}","templated":true}]}}