{"id":10666,"date":"2025-06-11T11:46:37","date_gmt":"2025-06-11T09:46:37","guid":{"rendered":"https:\/\/fundacjaprzyjdz.pl\/sklep\/?post_type=product&#038;p=10666"},"modified":"2025-06-23T09:52:20","modified_gmt":"2025-06-23T07:52:20","slug":"drewniane-kwiaty-pakiety-kreatywne","status":"publish","type":"product","link":"https:\/\/fundacjaprzyjdz.pl\/sklep\/produkt\/drewniane-kwiaty-pakiety-kreatywne\/","title":{"rendered":"Drewniane kwiaty \u2013 pakiety kreatywne"},"content":{"rendered":"<p>Rozwijaj wyobra\u017ani\u0119 i zdolno\u015bci manualne z naszymi drewnianymi elementami do dekoracji!<br \/>\nIdealne do malowania, ozdabiania i tworzenia niepowtarzalnych upomink\u00f3w.\u00a0<span class=\"c-emoji c-emoji__medium c-emoji--inline\" data-qa=\"emoji\" data-sk=\"tooltip_parent\"><br \/>\n<\/span><\/p>\n<p>W zestawie:<\/p>\n<p>Drewniane kwiaty do pomalowania (\u015brednica ok. 10 cm) z \u0142ody\u017ckami (ok. 20 cm d\u0142ugo\u015bci)<\/p>\n<p>Dost\u0119pne pakiety: 5 sztuk, 10 sztuk, 15 sztuk, 50 szt.<\/p>\n<p>R\u00f3\u017cnorodne sposoby dekorowania:<br \/>\n<span class=\"c-emoji c-emoji__medium c-emoji--inline\" data-qa=\"emoji\" data-sk=\"tooltip_parent\"><img decoding=\"async\" data-src=\"https:\/\/a.slack-edge.com\/production-standard-emoji-assets\/14.0\/google-medium\/2714-fe0f.png\" alt=\":heavy_check_mark:\" aria-label=\"heavy check mark emoji\" data-stringify-type=\"emoji\" data-stringify-emoji=\":heavy_check_mark:\" src=\"data:image\/svg+xml;base64,PHN2ZyB3aWR0aD0iMSIgaGVpZ2h0PSIxIiB4bWxucz0iaHR0cDovL3d3dy53My5vcmcvMjAwMC9zdmciPjwvc3ZnPg==\" class=\"lazyload\" \/><\/span> Malowanie farbami<br \/>\n<span class=\"c-emoji c-emoji__medium c-emoji--inline\" data-qa=\"emoji\" data-sk=\"tooltip_parent\"><img decoding=\"async\" data-src=\"https:\/\/a.slack-edge.com\/production-standard-emoji-assets\/14.0\/google-medium\/2714-fe0f.png\" alt=\":heavy_check_mark:\" aria-label=\"heavy check mark emoji\" data-stringify-type=\"emoji\" data-stringify-emoji=\":heavy_check_mark:\" src=\"data:image\/svg+xml;base64,PHN2ZyB3aWR0aD0iMSIgaGVpZ2h0PSIxIiB4bWxucz0iaHR0cDovL3d3dy53My5vcmcvMjAwMC9zdmciPjwvc3ZnPg==\" class=\"lazyload\" \/><\/span> Ozdabianie kredkami<br \/>\n<span class=\"c-emoji c-emoji__medium c-emoji--inline\" data-qa=\"emoji\" data-sk=\"tooltip_parent\"><img decoding=\"async\" data-src=\"https:\/\/a.slack-edge.com\/production-standard-emoji-assets\/14.0\/google-medium\/2714-fe0f.png\" alt=\":heavy_check_mark:\" aria-label=\"heavy check mark emoji\" data-stringify-type=\"emoji\" data-stringify-emoji=\":heavy_check_mark:\" src=\"data:image\/svg+xml;base64,PHN2ZyB3aWR0aD0iMSIgaGVpZ2h0PSIxIiB4bWxucz0iaHR0cDovL3d3dy53My5vcmcvMjAwMC9zdmciPjwvc3ZnPg==\" class=\"lazyload\" \/><\/span> Przyklejanie bibu\u0142y, kolorowych materia\u0142\u00f3w, brokatu i nie tylko!<\/p>\n<p>Dlaczego warto?<br \/>\n<span class=\"c-emoji c-emoji__medium c-emoji--inline\" data-qa=\"emoji\" data-sk=\"tooltip_parent\"><img decoding=\"async\" data-src=\"https:\/\/a.slack-edge.com\/production-standard-emoji-assets\/14.0\/google-medium\/1f538.png\" alt=\":small_orange_diamond:\" aria-label=\"small orange diamond emoji\" data-stringify-type=\"emoji\" data-stringify-emoji=\":small_orange_diamond:\" src=\"data:image\/svg+xml;base64,PHN2ZyB3aWR0aD0iMSIgaGVpZ2h0PSIxIiB4bWxucz0iaHR0cDovL3d3dy53My5vcmcvMjAwMC9zdmciPjwvc3ZnPg==\" class=\"lazyload\" \/><\/span> Wspieraj\u0105 rozw\u00f3j kreatywno\u015bci i wyobra\u017ani<br \/>\n<span class=\"c-emoji c-emoji__medium c-emoji--inline\" data-qa=\"emoji\" data-sk=\"tooltip_parent\"><img decoding=\"async\" data-src=\"https:\/\/a.slack-edge.com\/production-standard-emoji-assets\/14.0\/google-medium\/1f538.png\" alt=\":small_orange_diamond:\" aria-label=\"small orange diamond emoji\" data-stringify-type=\"emoji\" data-stringify-emoji=\":small_orange_diamond:\" src=\"data:image\/svg+xml;base64,PHN2ZyB3aWR0aD0iMSIgaGVpZ2h0PSIxIiB4bWxucz0iaHR0cDovL3d3dy53My5vcmcvMjAwMC9zdmciPjwvc3ZnPg==\" class=\"lazyload\" \/><\/span> \u0106wicz\u0105 zdolno\u015bci manualne<br \/>\n<span class=\"c-emoji c-emoji__medium c-emoji--inline\" data-qa=\"emoji\" data-sk=\"tooltip_parent\"><img decoding=\"async\" data-src=\"https:\/\/a.slack-edge.com\/production-standard-emoji-assets\/14.0\/google-medium\/1f538.png\" alt=\":small_orange_diamond:\" aria-label=\"small orange diamond emoji\" data-stringify-type=\"emoji\" data-stringify-emoji=\":small_orange_diamond:\" src=\"data:image\/svg+xml;base64,PHN2ZyB3aWR0aD0iMSIgaGVpZ2h0PSIxIiB4bWxucz0iaHR0cDovL3d3dy53My5vcmcvMjAwMC9zdmciPjwvc3ZnPg==\" class=\"lazyload\" \/><\/span> Doskona\u0142e do zaj\u0119\u0107 w przedszkolu, szkole, \u015bwietlicy i podczas terapii zaj\u0119ciowej<br \/>\n<span class=\"c-emoji c-emoji__medium c-emoji--inline\" data-qa=\"emoji\" data-sk=\"tooltip_parent\"><img decoding=\"async\" data-src=\"https:\/\/a.slack-edge.com\/production-standard-emoji-assets\/14.0\/google-medium\/1f538.png\" alt=\":small_orange_diamond:\" aria-label=\"small orange diamond emoji\" data-stringify-type=\"emoji\" data-stringify-emoji=\":small_orange_diamond:\" src=\"data:image\/svg+xml;base64,PHN2ZyB3aWR0aD0iMSIgaGVpZ2h0PSIxIiB4bWxucz0iaHR0cDovL3d3dy53My5vcmcvMjAwMC9zdmciPjwvc3ZnPg==\" class=\"lazyload\" \/><\/span> Wspania\u0142e prezenty na Dzie\u0144 Mamy, Dzie\u0144 Babci, Dzie\u0144 Nauczyciela i inne okazje<\/p>\n<p>Prosz\u0119 o podanie wzoru: r\u00f3\u017ca, tulipan, stokrotka. Np r\u00f3\u017ca 2, tulipan 2, stokrotka 1. W razie niepodania wzoru wysy\u0142amy losowo.<\/p>\n<p>Podaruj rado\u015b\u0107 tworzenia! Wybierz sw\u00f3j pakiet i rozpocznij tw\u00f3rcz\u0105 zabaw\u0119<\/p>\n<p><span class=\"c-emoji c-emoji__medium c-emoji--inline\" data-qa=\"emoji\" data-sk=\"tooltip_parent\">K<\/span>upuj\u0105c wspierasz<\/p>\n","protected":false},"excerpt":{"rendered":"<p>Rozwijaj wyobra\u017ani\u0119 i zdolno\u015bci manualne z naszymi drewnianymi elementami do dekoracji! Idealne do malowania, ozdabiania i tworzenia niepowtarzalnych upomink\u00f3w.\u00a0 W<\/p>\n","protected":false},"featured_media":10689,"comment_status":"open","ping_status":"closed","template":"","meta":[],"product_brand":[],"product_cat":[79],"product_tag":[],"class_list":{"0":"post-10666","1":"product","2":"type-product","3":"status-publish","4":"has-post-thumbnail","6":"product_cat-dekoracyjne","8":"first","9":"instock","10":"shipping-taxable","11":"purchasable","12":"product-type-variable"},"yoast_head":"<!-- This site is optimized with the Yoast SEO Premium plugin v19.0.1 (Yoast SEO v27.2) - https:\/\/yoast.com\/product\/yoast-seo-premium-wordpress\/ -->\n<title>Drewniane kwiaty \u2013 pakiety kreatywne - Sklep Fundacji Przyjd\u017a<\/title>\n<meta name=\"robots\" content=\"index, follow, max-snippet:-1, max-image-preview:large, max-video-preview:-1\" \/>\n<link rel=\"canonical\" href=\"https:\/\/fundacjaprzyjdz.pl\/sklep\/produkt\/drewniane-kwiaty-pakiety-kreatywne\/\" \/>\n<meta property=\"og:locale\" content=\"pl_PL\" \/>\n<meta property=\"og:type\" content=\"article\" \/>\n<meta property=\"og:title\" content=\"Drewniane kwiaty \u2013 pakiety kreatywne\" \/>\n<meta property=\"og:description\" content=\"Rozwijaj wyobra\u017ani\u0119 i zdolno\u015bci manualne z naszymi drewnianymi elementami do dekoracji! Idealne do malowania, ozdabiania i tworzenia niepowtarzalnych upomink\u00f3w.\u00a0 W\" \/>\n<meta property=\"og:url\" content=\"https:\/\/fundacjaprzyjdz.pl\/sklep\/produkt\/drewniane-kwiaty-pakiety-kreatywne\/\" \/>\n<meta property=\"og:site_name\" content=\"Sklep Fundacji Przyjd\u017a\" \/>\n<meta property=\"article:publisher\" content=\"https:\/\/www.facebook.com\/fundacjaprzyjdz\/\" \/>\n<meta property=\"article:modified_time\" content=\"2025-06-23T07:52:20+00:00\" \/>\n<meta property=\"og:image\" content=\"https:\/\/fundacjaprzyjdz.pl\/sklep\/wp-content\/uploads\/2025\/06\/pakiety-kwiaty.jpg\" \/>\n\t<meta property=\"og:image:width\" content=\"800\" \/>\n\t<meta property=\"og:image:height\" content=\"800\" \/>\n\t<meta property=\"og:image:type\" content=\"image\/jpeg\" \/>\n<meta name=\"twitter:card\" content=\"summary_large_image\" \/>\n<meta name=\"twitter:label1\" content=\"Availability\" \/>\n\t<meta name=\"twitter:data1\" content=\"In stock\" \/>\n<script type=\"application\/ld+json\" class=\"yoast-schema-graph\">{\"@context\":\"https:\/\/schema.org\",\"@graph\":[{\"@type\":\"WebPage\",\"@id\":\"https:\/\/fundacjaprzyjdz.pl\/sklep\/produkt\/drewniane-kwiaty-pakiety-kreatywne\/\",\"url\":\"https:\/\/fundacjaprzyjdz.pl\/sklep\/produkt\/drewniane-kwiaty-pakiety-kreatywne\/\",\"name\":\"Drewniane kwiaty \u2013 pakiety kreatywne - Sklep Fundacji Przyjd\u017a\",\"isPartOf\":{\"@id\":\"https:\/\/fundacjaprzyjdz.pl\/sklep\/#website\"},\"primaryImageOfPage\":{\"@id\":\"https:\/\/fundacjaprzyjdz.pl\/sklep\/produkt\/drewniane-kwiaty-pakiety-kreatywne\/#primaryimage\"},\"image\":{\"@id\":\"https:\/\/fundacjaprzyjdz.pl\/sklep\/produkt\/drewniane-kwiaty-pakiety-kreatywne\/#primaryimage\"},\"thumbnailUrl\":\"https:\/\/fundacjaprzyjdz.pl\/sklep\/wp-content\/uploads\/2025\/06\/pakiety-kwiaty.jpg\",\"datePublished\":\"2025-06-11T09:46:37+00:00\",\"dateModified\":\"2025-06-23T07:52:20+00:00\",\"breadcrumb\":{\"@id\":\"https:\/\/fundacjaprzyjdz.pl\/sklep\/produkt\/drewniane-kwiaty-pakiety-kreatywne\/#breadcrumb\"},\"inLanguage\":\"pl-PL\",\"potentialAction\":[{\"@type\":\"ReadAction\",\"target\":[\"https:\/\/fundacjaprzyjdz.pl\/sklep\/produkt\/drewniane-kwiaty-pakiety-kreatywne\/\"]}]},{\"@type\":\"ImageObject\",\"inLanguage\":\"pl-PL\",\"@id\":\"https:\/\/fundacjaprzyjdz.pl\/sklep\/produkt\/drewniane-kwiaty-pakiety-kreatywne\/#primaryimage\",\"url\":\"https:\/\/fundacjaprzyjdz.pl\/sklep\/wp-content\/uploads\/2025\/06\/pakiety-kwiaty.jpg\",\"contentUrl\":\"https:\/\/fundacjaprzyjdz.pl\/sklep\/wp-content\/uploads\/2025\/06\/pakiety-kwiaty.jpg\",\"width\":800,\"height\":800,\"caption\":\"pakiety kreatywne kwiaty\"},{\"@type\":\"BreadcrumbList\",\"@id\":\"https:\/\/fundacjaprzyjdz.pl\/sklep\/produkt\/drewniane-kwiaty-pakiety-kreatywne\/#breadcrumb\",\"itemListElement\":[{\"@type\":\"ListItem\",\"position\":1,\"name\":\"Strona g\u0142\u00f3wna\",\"item\":\"https:\/\/fundacjaprzyjdz.pl\/sklep\/\"},{\"@type\":\"ListItem\",\"position\":2,\"name\":\"Wszystkie produkty\",\"item\":\"https:\/\/fundacjaprzyjdz.pl\/sklep\/wszystkie-produkty\/\"},{\"@type\":\"ListItem\",\"position\":3,\"name\":\"Drewniane kwiaty \u2013 pakiety kreatywne\"}]},{\"@type\":\"WebSite\",\"@id\":\"https:\/\/fundacjaprzyjdz.pl\/sklep\/#website\",\"url\":\"https:\/\/fundacjaprzyjdz.pl\/sklep\/\",\"name\":\"Sklep Fundacji Przyjd\u017a\",\"description\":\"Ozdoby z drewna i nie tylko\",\"publisher\":{\"@id\":\"https:\/\/fundacjaprzyjdz.pl\/sklep\/#organization\"},\"potentialAction\":[{\"@type\":\"SearchAction\",\"target\":{\"@type\":\"EntryPoint\",\"urlTemplate\":\"https:\/\/fundacjaprzyjdz.pl\/sklep\/?s={search_term_string}\"},\"query-input\":{\"@type\":\"PropertyValueSpecification\",\"valueRequired\":true,\"valueName\":\"search_term_string\"}}],\"inLanguage\":\"pl-PL\"},{\"@type\":\"Organization\",\"@id\":\"https:\/\/fundacjaprzyjdz.pl\/sklep\/#organization\",\"name\":\"Sklep Fundacji \\\"Przyjd\u017a\\\"\",\"url\":\"https:\/\/fundacjaprzyjdz.pl\/sklep\/\",\"logo\":{\"@type\":\"ImageObject\",\"inLanguage\":\"pl-PL\",\"@id\":\"https:\/\/fundacjaprzyjdz.pl\/sklep\/#\/schema\/logo\/image\/\",\"url\":\"https:\/\/fundacjaprzyjdz.pl\/sklep\/wp-content\/uploads\/2021\/12\/FavIco.jpg\",\"contentUrl\":\"https:\/\/fundacjaprzyjdz.pl\/sklep\/wp-content\/uploads\/2021\/12\/FavIco.jpg\",\"width\":512,\"height\":512,\"caption\":\"Sklep Fundacji \\\"Przyjd\u017a\\\"\"},\"image\":{\"@id\":\"https:\/\/fundacjaprzyjdz.pl\/sklep\/#\/schema\/logo\/image\/\"},\"sameAs\":[\"https:\/\/www.facebook.com\/fundacjaprzyjdz\/\",\"https:\/\/www.instagram.com\/fundacja.przyjdz\/\"]}]}<\/script>\n<meta property=\"og:availability\" content=\"instock\" \/>\n<meta property=\"product:availability\" content=\"instock\" \/>\n<meta property=\"product:condition\" content=\"new\" \/>\n<!-- \/ Yoast SEO Premium plugin. -->","yoast_head_json":{"title":"Drewniane kwiaty \u2013 pakiety kreatywne - Sklep Fundacji Przyjd\u017a","robots":{"index":"index","follow":"follow","max-snippet":"max-snippet:-1","max-image-preview":"max-image-preview:large","max-video-preview":"max-video-preview:-1"},"canonical":"https:\/\/fundacjaprzyjdz.pl\/sklep\/produkt\/drewniane-kwiaty-pakiety-kreatywne\/","og_locale":"pl_PL","og_type":"article","og_title":"Drewniane kwiaty \u2013 pakiety kreatywne","og_description":"Rozwijaj wyobra\u017ani\u0119 i zdolno\u015bci manualne z naszymi drewnianymi elementami do dekoracji! Idealne do malowania, ozdabiania i tworzenia niepowtarzalnych upomink\u00f3w.\u00a0 W","og_url":"https:\/\/fundacjaprzyjdz.pl\/sklep\/produkt\/drewniane-kwiaty-pakiety-kreatywne\/","og_site_name":"Sklep Fundacji Przyjd\u017a","article_publisher":"https:\/\/www.facebook.com\/fundacjaprzyjdz\/","article_modified_time":"2025-06-23T07:52:20+00:00","og_image":[{"width":800,"height":800,"url":"https:\/\/fundacjaprzyjdz.pl\/sklep\/wp-content\/uploads\/2025\/06\/pakiety-kwiaty.jpg","type":"image\/jpeg"}],"twitter_card":"summary_large_image","twitter_misc":{"Availability":"In stock"},"schema":{"@context":"https:\/\/schema.org","@graph":[{"@type":"WebPage","@id":"https:\/\/fundacjaprzyjdz.pl\/sklep\/produkt\/drewniane-kwiaty-pakiety-kreatywne\/","url":"https:\/\/fundacjaprzyjdz.pl\/sklep\/produkt\/drewniane-kwiaty-pakiety-kreatywne\/","name":"Drewniane kwiaty \u2013 pakiety kreatywne - Sklep Fundacji Przyjd\u017a","isPartOf":{"@id":"https:\/\/fundacjaprzyjdz.pl\/sklep\/#website"},"primaryImageOfPage":{"@id":"https:\/\/fundacjaprzyjdz.pl\/sklep\/produkt\/drewniane-kwiaty-pakiety-kreatywne\/#primaryimage"},"image":{"@id":"https:\/\/fundacjaprzyjdz.pl\/sklep\/produkt\/drewniane-kwiaty-pakiety-kreatywne\/#primaryimage"},"thumbnailUrl":"https:\/\/fundacjaprzyjdz.pl\/sklep\/wp-content\/uploads\/2025\/06\/pakiety-kwiaty.jpg","datePublished":"2025-06-11T09:46:37+00:00","dateModified":"2025-06-23T07:52:20+00:00","breadcrumb":{"@id":"https:\/\/fundacjaprzyjdz.pl\/sklep\/produkt\/drewniane-kwiaty-pakiety-kreatywne\/#breadcrumb"},"inLanguage":"pl-PL","potentialAction":[{"@type":"ReadAction","target":["https:\/\/fundacjaprzyjdz.pl\/sklep\/produkt\/drewniane-kwiaty-pakiety-kreatywne\/"]}]},{"@type":"ImageObject","inLanguage":"pl-PL","@id":"https:\/\/fundacjaprzyjdz.pl\/sklep\/produkt\/drewniane-kwiaty-pakiety-kreatywne\/#primaryimage","url":"https:\/\/fundacjaprzyjdz.pl\/sklep\/wp-content\/uploads\/2025\/06\/pakiety-kwiaty.jpg","contentUrl":"https:\/\/fundacjaprzyjdz.pl\/sklep\/wp-content\/uploads\/2025\/06\/pakiety-kwiaty.jpg","width":800,"height":800,"caption":"pakiety kreatywne kwiaty"},{"@type":"BreadcrumbList","@id":"https:\/\/fundacjaprzyjdz.pl\/sklep\/produkt\/drewniane-kwiaty-pakiety-kreatywne\/#breadcrumb","itemListElement":[{"@type":"ListItem","position":1,"name":"Strona g\u0142\u00f3wna","item":"https:\/\/fundacjaprzyjdz.pl\/sklep\/"},{"@type":"ListItem","position":2,"name":"Wszystkie produkty","item":"https:\/\/fundacjaprzyjdz.pl\/sklep\/wszystkie-produkty\/"},{"@type":"ListItem","position":3,"name":"Drewniane kwiaty \u2013 pakiety kreatywne"}]},{"@type":"WebSite","@id":"https:\/\/fundacjaprzyjdz.pl\/sklep\/#website","url":"https:\/\/fundacjaprzyjdz.pl\/sklep\/","name":"Sklep Fundacji Przyjd\u017a","description":"Ozdoby z drewna i nie tylko","publisher":{"@id":"https:\/\/fundacjaprzyjdz.pl\/sklep\/#organization"},"potentialAction":[{"@type":"SearchAction","target":{"@type":"EntryPoint","urlTemplate":"https:\/\/fundacjaprzyjdz.pl\/sklep\/?s={search_term_string}"},"query-input":{"@type":"PropertyValueSpecification","valueRequired":true,"valueName":"search_term_string"}}],"inLanguage":"pl-PL"},{"@type":"Organization","@id":"https:\/\/fundacjaprzyjdz.pl\/sklep\/#organization","name":"Sklep Fundacji \"Przyjd\u017a\"","url":"https:\/\/fundacjaprzyjdz.pl\/sklep\/","logo":{"@type":"ImageObject","inLanguage":"pl-PL","@id":"https:\/\/fundacjaprzyjdz.pl\/sklep\/#\/schema\/logo\/image\/","url":"https:\/\/fundacjaprzyjdz.pl\/sklep\/wp-content\/uploads\/2021\/12\/FavIco.jpg","contentUrl":"https:\/\/fundacjaprzyjdz.pl\/sklep\/wp-content\/uploads\/2021\/12\/FavIco.jpg","width":512,"height":512,"caption":"Sklep Fundacji \"Przyjd\u017a\""},"image":{"@id":"https:\/\/fundacjaprzyjdz.pl\/sklep\/#\/schema\/logo\/image\/"},"sameAs":["https:\/\/www.facebook.com\/fundacjaprzyjdz\/","https:\/\/www.instagram.com\/fundacja.przyjdz\/"]}]},"og_availability":"instock","product_availability":"instock","product_condition":"new"},"_links":{"self":[{"href":"https:\/\/fundacjaprzyjdz.pl\/sklep\/wp-json\/wp\/v2\/product\/10666","targetHints":{"allow":["GET"]}}],"collection":[{"href":"https:\/\/fundacjaprzyjdz.pl\/sklep\/wp-json\/wp\/v2\/product"}],"about":[{"href":"https:\/\/fundacjaprzyjdz.pl\/sklep\/wp-json\/wp\/v2\/types\/product"}],"replies":[{"embeddable":true,"href":"https:\/\/fundacjaprzyjdz.pl\/sklep\/wp-json\/wp\/v2\/comments?post=10666"}],"wp:featuredmedia":[{"embeddable":true,"href":"https:\/\/fundacjaprzyjdz.pl\/sklep\/wp-json\/wp\/v2\/media\/10689"}],"wp:attachment":[{"href":"https:\/\/fundacjaprzyjdz.pl\/sklep\/wp-json\/wp\/v2\/media?parent=10666"}],"wp:term":[{"taxonomy":"product_brand","embeddable":true,"href":"https:\/\/fundacjaprzyjdz.pl\/sklep\/wp-json\/wp\/v2\/product_brand?post=10666"},{"taxonomy":"product_cat","embeddable":true,"href":"https:\/\/fundacjaprzyjdz.pl\/sklep\/wp-json\/wp\/v2\/product_cat?post=10666"},{"taxonomy":"product_tag","embeddable":true,"href":"https:\/\/fundacjaprzyjdz.pl\/sklep\/wp-json\/wp\/v2\/product_tag?post=10666"}],"curies":[{"name":"wp","href":"https:\/\/api.w.org\/{rel}","templated":true}]}}