{"id":10589,"date":"2025-05-20T10:48:40","date_gmt":"2025-05-20T08:48:40","guid":{"rendered":"https:\/\/fundacjaprzyjdz.pl\/sklep\/?post_type=product&#038;p=10589"},"modified":"2025-09-10T07:25:31","modified_gmt":"2025-09-10T05:25:31","slug":"magnes-stroje-krakowskie-humor","status":"publish","type":"product","link":"https:\/\/fundacjaprzyjdz.pl\/sklep\/produkt\/magnes-stroje-krakowskie-humor\/","title":{"rendered":"Magnes Stroje Krakowskie Humorystyczne"},"content":{"rendered":"<p>Magnes przedstawiaj\u0105cy tradycyjne stroje krakowskie.<\/p>\n<p>Stroje krakowskie to tradycyjne, kolorowe ubiory ludowe z regionu Ma\u0142opolski. Charakteryzuj\u0105 si\u0119 bogatym zdobieniem, haftami i czerwonymi koralami u kobiet oraz rogatywk\u0105 z pi\u00f3rem u m\u0119\u017cczyzn.<\/p>\n<p>Kupuj\u0105c w naszym sklepie wspierasz osoby niepe\u0142nosprawne oraz zagro\u017cone wykluczeniem spo\u0142ecznym pracuj\u0105ce w fundacji.<\/p>\n<ul>\n<li>Wymiary: 5,4 cm x 5,5 cm<\/li>\n<\/ul>\n","protected":false},"excerpt":{"rendered":"<p>Magnes przedstawiaj\u0105cy tradycyjne stroje krakowskie. Stroje krakowskie to tradycyjne, kolorowe ubiory ludowe z regionu Ma\u0142opolski. Charakteryzuj\u0105 si\u0119 bogatym zdobieniem, haftami<\/p>\n","protected":false},"featured_media":10586,"comment_status":"open","ping_status":"closed","template":"","meta":[],"product_brand":[],"product_cat":[205,198],"product_tag":[],"class_list":{"0":"post-10589","1":"product","2":"type-product","3":"status-publish","4":"has-post-thumbnail","6":"product_cat-magnesy-krakowskie","7":"product_cat-pamiatki-z-krakowa","9":"first","10":"instock","11":"shipping-taxable","12":"purchasable","13":"product-type-simple"},"yoast_head":"<!-- This site is optimized with the Yoast SEO Premium plugin v19.0.1 (Yoast SEO v27.2) - https:\/\/yoast.com\/product\/yoast-seo-premium-wordpress\/ -->\n<title>Magnes Stroje Krakowskie Humorystyczne - Sklep Fundacji Przyjd\u017a<\/title>\n<meta name=\"robots\" content=\"index, follow, max-snippet:-1, max-image-preview:large, max-video-preview:-1\" \/>\n<link rel=\"canonical\" href=\"https:\/\/fundacjaprzyjdz.pl\/sklep\/produkt\/magnes-stroje-krakowskie-humor\/\" \/>\n<meta property=\"og:locale\" content=\"pl_PL\" \/>\n<meta property=\"og:type\" content=\"article\" \/>\n<meta property=\"og:title\" content=\"Magnes Stroje Krakowskie Humorystyczne\" \/>\n<meta property=\"og:description\" content=\"Magnes przedstawiaj\u0105cy tradycyjne stroje krakowskie. Stroje krakowskie to tradycyjne, kolorowe ubiory ludowe z regionu Ma\u0142opolski. Charakteryzuj\u0105 si\u0119 bogatym zdobieniem, haftami\" \/>\n<meta property=\"og:url\" content=\"https:\/\/fundacjaprzyjdz.pl\/sklep\/produkt\/magnes-stroje-krakowskie-humor\/\" \/>\n<meta property=\"og:site_name\" content=\"Sklep Fundacji Przyjd\u017a\" \/>\n<meta property=\"article:publisher\" content=\"https:\/\/www.facebook.com\/fundacjaprzyjdz\/\" \/>\n<meta property=\"article:modified_time\" content=\"2025-09-10T05:25:31+00:00\" \/>\n<meta property=\"og:image\" content=\"https:\/\/fundacjaprzyjdz.pl\/sklep\/wp-content\/uploads\/2025\/05\/stroje-front.jpg\" \/>\n\t<meta property=\"og:image:width\" content=\"800\" \/>\n\t<meta property=\"og:image:height\" content=\"800\" \/>\n\t<meta property=\"og:image:type\" content=\"image\/jpeg\" \/>\n<meta name=\"twitter:card\" content=\"summary_large_image\" \/>\n<meta name=\"twitter:label1\" content=\"Cena\" \/>\n\t<meta name=\"twitter:data1\" content=\"7,00&nbsp;&#122;&#322;\" \/>\n\t<meta name=\"twitter:label2\" content=\"Availability\" \/>\n\t<meta name=\"twitter:data2\" content=\"In stock\" \/>\n<script type=\"application\/ld+json\" class=\"yoast-schema-graph\">{\"@context\":\"https:\/\/schema.org\",\"@graph\":[{\"@type\":\"WebPage\",\"@id\":\"https:\/\/fundacjaprzyjdz.pl\/sklep\/produkt\/magnes-stroje-krakowskie-humor\/\",\"url\":\"https:\/\/fundacjaprzyjdz.pl\/sklep\/produkt\/magnes-stroje-krakowskie-humor\/\",\"name\":\"Magnes Stroje Krakowskie Humorystyczne - Sklep Fundacji Przyjd\u017a\",\"isPartOf\":{\"@id\":\"https:\/\/fundacjaprzyjdz.pl\/sklep\/#website\"},\"primaryImageOfPage\":{\"@id\":\"https:\/\/fundacjaprzyjdz.pl\/sklep\/produkt\/magnes-stroje-krakowskie-humor\/#primaryimage\"},\"image\":{\"@id\":\"https:\/\/fundacjaprzyjdz.pl\/sklep\/produkt\/magnes-stroje-krakowskie-humor\/#primaryimage\"},\"thumbnailUrl\":\"https:\/\/fundacjaprzyjdz.pl\/sklep\/wp-content\/uploads\/2025\/05\/stroje-front.jpg\",\"datePublished\":\"2025-05-20T08:48:40+00:00\",\"dateModified\":\"2025-09-10T05:25:31+00:00\",\"breadcrumb\":{\"@id\":\"https:\/\/fundacjaprzyjdz.pl\/sklep\/produkt\/magnes-stroje-krakowskie-humor\/#breadcrumb\"},\"inLanguage\":\"pl-PL\",\"potentialAction\":[{\"@type\":\"ReadAction\",\"target\":[\"https:\/\/fundacjaprzyjdz.pl\/sklep\/produkt\/magnes-stroje-krakowskie-humor\/\"]}]},{\"@type\":\"ImageObject\",\"inLanguage\":\"pl-PL\",\"@id\":\"https:\/\/fundacjaprzyjdz.pl\/sklep\/produkt\/magnes-stroje-krakowskie-humor\/#primaryimage\",\"url\":\"https:\/\/fundacjaprzyjdz.pl\/sklep\/wp-content\/uploads\/2025\/05\/stroje-front.jpg\",\"contentUrl\":\"https:\/\/fundacjaprzyjdz.pl\/sklep\/wp-content\/uploads\/2025\/05\/stroje-front.jpg\",\"width\":800,\"height\":800,\"caption\":\"stroje-front\"},{\"@type\":\"BreadcrumbList\",\"@id\":\"https:\/\/fundacjaprzyjdz.pl\/sklep\/produkt\/magnes-stroje-krakowskie-humor\/#breadcrumb\",\"itemListElement\":[{\"@type\":\"ListItem\",\"position\":1,\"name\":\"Strona g\u0142\u00f3wna\",\"item\":\"https:\/\/fundacjaprzyjdz.pl\/sklep\/\"},{\"@type\":\"ListItem\",\"position\":2,\"name\":\"Wszystkie produkty\",\"item\":\"https:\/\/fundacjaprzyjdz.pl\/sklep\/wszystkie-produkty\/\"},{\"@type\":\"ListItem\",\"position\":3,\"name\":\"Magnes Stroje Krakowskie Humorystyczne\"}]},{\"@type\":\"WebSite\",\"@id\":\"https:\/\/fundacjaprzyjdz.pl\/sklep\/#website\",\"url\":\"https:\/\/fundacjaprzyjdz.pl\/sklep\/\",\"name\":\"Sklep Fundacji Przyjd\u017a\",\"description\":\"Ozdoby z drewna i nie tylko\",\"publisher\":{\"@id\":\"https:\/\/fundacjaprzyjdz.pl\/sklep\/#organization\"},\"potentialAction\":[{\"@type\":\"SearchAction\",\"target\":{\"@type\":\"EntryPoint\",\"urlTemplate\":\"https:\/\/fundacjaprzyjdz.pl\/sklep\/?s={search_term_string}\"},\"query-input\":{\"@type\":\"PropertyValueSpecification\",\"valueRequired\":true,\"valueName\":\"search_term_string\"}}],\"inLanguage\":\"pl-PL\"},{\"@type\":\"Organization\",\"@id\":\"https:\/\/fundacjaprzyjdz.pl\/sklep\/#organization\",\"name\":\"Sklep Fundacji \\\"Przyjd\u017a\\\"\",\"url\":\"https:\/\/fundacjaprzyjdz.pl\/sklep\/\",\"logo\":{\"@type\":\"ImageObject\",\"inLanguage\":\"pl-PL\",\"@id\":\"https:\/\/fundacjaprzyjdz.pl\/sklep\/#\/schema\/logo\/image\/\",\"url\":\"https:\/\/fundacjaprzyjdz.pl\/sklep\/wp-content\/uploads\/2021\/12\/FavIco.jpg\",\"contentUrl\":\"https:\/\/fundacjaprzyjdz.pl\/sklep\/wp-content\/uploads\/2021\/12\/FavIco.jpg\",\"width\":512,\"height\":512,\"caption\":\"Sklep Fundacji \\\"Przyjd\u017a\\\"\"},\"image\":{\"@id\":\"https:\/\/fundacjaprzyjdz.pl\/sklep\/#\/schema\/logo\/image\/\"},\"sameAs\":[\"https:\/\/www.facebook.com\/fundacjaprzyjdz\/\",\"https:\/\/www.instagram.com\/fundacja.przyjdz\/\"]}]}<\/script>\n<meta property=\"product:price:amount\" content=\"7.00\" \/>\n<meta property=\"product:price:currency\" content=\"PLN\" \/>\n<meta property=\"og:availability\" content=\"instock\" \/>\n<meta property=\"product:availability\" content=\"instock\" \/>\n<meta property=\"product:condition\" content=\"new\" \/>\n<!-- \/ Yoast SEO Premium plugin. -->","yoast_head_json":{"title":"Magnes Stroje Krakowskie Humorystyczne - Sklep Fundacji Przyjd\u017a","robots":{"index":"index","follow":"follow","max-snippet":"max-snippet:-1","max-image-preview":"max-image-preview:large","max-video-preview":"max-video-preview:-1"},"canonical":"https:\/\/fundacjaprzyjdz.pl\/sklep\/produkt\/magnes-stroje-krakowskie-humor\/","og_locale":"pl_PL","og_type":"article","og_title":"Magnes Stroje Krakowskie Humorystyczne","og_description":"Magnes przedstawiaj\u0105cy tradycyjne stroje krakowskie. Stroje krakowskie to tradycyjne, kolorowe ubiory ludowe z regionu Ma\u0142opolski. Charakteryzuj\u0105 si\u0119 bogatym zdobieniem, haftami","og_url":"https:\/\/fundacjaprzyjdz.pl\/sklep\/produkt\/magnes-stroje-krakowskie-humor\/","og_site_name":"Sklep Fundacji Przyjd\u017a","article_publisher":"https:\/\/www.facebook.com\/fundacjaprzyjdz\/","article_modified_time":"2025-09-10T05:25:31+00:00","og_image":[{"width":800,"height":800,"url":"https:\/\/fundacjaprzyjdz.pl\/sklep\/wp-content\/uploads\/2025\/05\/stroje-front.jpg","type":"image\/jpeg"}],"twitter_card":"summary_large_image","twitter_misc":{"Cena":"7,00&nbsp;&#122;&#322;","Availability":"In stock"},"schema":{"@context":"https:\/\/schema.org","@graph":[{"@type":"WebPage","@id":"https:\/\/fundacjaprzyjdz.pl\/sklep\/produkt\/magnes-stroje-krakowskie-humor\/","url":"https:\/\/fundacjaprzyjdz.pl\/sklep\/produkt\/magnes-stroje-krakowskie-humor\/","name":"Magnes Stroje Krakowskie Humorystyczne - Sklep Fundacji Przyjd\u017a","isPartOf":{"@id":"https:\/\/fundacjaprzyjdz.pl\/sklep\/#website"},"primaryImageOfPage":{"@id":"https:\/\/fundacjaprzyjdz.pl\/sklep\/produkt\/magnes-stroje-krakowskie-humor\/#primaryimage"},"image":{"@id":"https:\/\/fundacjaprzyjdz.pl\/sklep\/produkt\/magnes-stroje-krakowskie-humor\/#primaryimage"},"thumbnailUrl":"https:\/\/fundacjaprzyjdz.pl\/sklep\/wp-content\/uploads\/2025\/05\/stroje-front.jpg","datePublished":"2025-05-20T08:48:40+00:00","dateModified":"2025-09-10T05:25:31+00:00","breadcrumb":{"@id":"https:\/\/fundacjaprzyjdz.pl\/sklep\/produkt\/magnes-stroje-krakowskie-humor\/#breadcrumb"},"inLanguage":"pl-PL","potentialAction":[{"@type":"ReadAction","target":["https:\/\/fundacjaprzyjdz.pl\/sklep\/produkt\/magnes-stroje-krakowskie-humor\/"]}]},{"@type":"ImageObject","inLanguage":"pl-PL","@id":"https:\/\/fundacjaprzyjdz.pl\/sklep\/produkt\/magnes-stroje-krakowskie-humor\/#primaryimage","url":"https:\/\/fundacjaprzyjdz.pl\/sklep\/wp-content\/uploads\/2025\/05\/stroje-front.jpg","contentUrl":"https:\/\/fundacjaprzyjdz.pl\/sklep\/wp-content\/uploads\/2025\/05\/stroje-front.jpg","width":800,"height":800,"caption":"stroje-front"},{"@type":"BreadcrumbList","@id":"https:\/\/fundacjaprzyjdz.pl\/sklep\/produkt\/magnes-stroje-krakowskie-humor\/#breadcrumb","itemListElement":[{"@type":"ListItem","position":1,"name":"Strona g\u0142\u00f3wna","item":"https:\/\/fundacjaprzyjdz.pl\/sklep\/"},{"@type":"ListItem","position":2,"name":"Wszystkie produkty","item":"https:\/\/fundacjaprzyjdz.pl\/sklep\/wszystkie-produkty\/"},{"@type":"ListItem","position":3,"name":"Magnes Stroje Krakowskie Humorystyczne"}]},{"@type":"WebSite","@id":"https:\/\/fundacjaprzyjdz.pl\/sklep\/#website","url":"https:\/\/fundacjaprzyjdz.pl\/sklep\/","name":"Sklep Fundacji Przyjd\u017a","description":"Ozdoby z drewna i nie tylko","publisher":{"@id":"https:\/\/fundacjaprzyjdz.pl\/sklep\/#organization"},"potentialAction":[{"@type":"SearchAction","target":{"@type":"EntryPoint","urlTemplate":"https:\/\/fundacjaprzyjdz.pl\/sklep\/?s={search_term_string}"},"query-input":{"@type":"PropertyValueSpecification","valueRequired":true,"valueName":"search_term_string"}}],"inLanguage":"pl-PL"},{"@type":"Organization","@id":"https:\/\/fundacjaprzyjdz.pl\/sklep\/#organization","name":"Sklep Fundacji \"Przyjd\u017a\"","url":"https:\/\/fundacjaprzyjdz.pl\/sklep\/","logo":{"@type":"ImageObject","inLanguage":"pl-PL","@id":"https:\/\/fundacjaprzyjdz.pl\/sklep\/#\/schema\/logo\/image\/","url":"https:\/\/fundacjaprzyjdz.pl\/sklep\/wp-content\/uploads\/2021\/12\/FavIco.jpg","contentUrl":"https:\/\/fundacjaprzyjdz.pl\/sklep\/wp-content\/uploads\/2021\/12\/FavIco.jpg","width":512,"height":512,"caption":"Sklep Fundacji \"Przyjd\u017a\""},"image":{"@id":"https:\/\/fundacjaprzyjdz.pl\/sklep\/#\/schema\/logo\/image\/"},"sameAs":["https:\/\/www.facebook.com\/fundacjaprzyjdz\/","https:\/\/www.instagram.com\/fundacja.przyjdz\/"]}]},"product_price_amount":"7.00","product_price_currency":"PLN","og_availability":"instock","product_availability":"instock","product_condition":"new"},"_links":{"self":[{"href":"https:\/\/fundacjaprzyjdz.pl\/sklep\/wp-json\/wp\/v2\/product\/10589","targetHints":{"allow":["GET"]}}],"collection":[{"href":"https:\/\/fundacjaprzyjdz.pl\/sklep\/wp-json\/wp\/v2\/product"}],"about":[{"href":"https:\/\/fundacjaprzyjdz.pl\/sklep\/wp-json\/wp\/v2\/types\/product"}],"replies":[{"embeddable":true,"href":"https:\/\/fundacjaprzyjdz.pl\/sklep\/wp-json\/wp\/v2\/comments?post=10589"}],"wp:featuredmedia":[{"embeddable":true,"href":"https:\/\/fundacjaprzyjdz.pl\/sklep\/wp-json\/wp\/v2\/media\/10586"}],"wp:attachment":[{"href":"https:\/\/fundacjaprzyjdz.pl\/sklep\/wp-json\/wp\/v2\/media?parent=10589"}],"wp:term":[{"taxonomy":"product_brand","embeddable":true,"href":"https:\/\/fundacjaprzyjdz.pl\/sklep\/wp-json\/wp\/v2\/product_brand?post=10589"},{"taxonomy":"product_cat","embeddable":true,"href":"https:\/\/fundacjaprzyjdz.pl\/sklep\/wp-json\/wp\/v2\/product_cat?post=10589"},{"taxonomy":"product_tag","embeddable":true,"href":"https:\/\/fundacjaprzyjdz.pl\/sklep\/wp-json\/wp\/v2\/product_tag?post=10589"}],"curies":[{"name":"wp","href":"https:\/\/api.w.org\/{rel}","templated":true}]}}