{"id":10464,"date":"2025-03-17T07:52:43","date_gmt":"2025-03-17T06:52:43","guid":{"rendered":"https:\/\/fundacjaprzyjdz.pl\/sklep\/?post_type=product&#038;p=10464"},"modified":"2025-10-13T12:33:08","modified_gmt":"2025-10-13T10:33:08","slug":"plyta-cd-zabierz-mnie-mistrzu-do-efrem-ewa-bloch","status":"publish","type":"product","link":"https:\/\/fundacjaprzyjdz.pl\/sklep\/produkt\/plyta-cd-zabierz-mnie-mistrzu-do-efrem-ewa-bloch\/","title":{"rendered":"P\u0142yta CD Zabierz mnie, Mistrzu, do Efrem - Ewa B\u0142och"},"content":{"rendered":"<p dir=\"ltr\">Ewa B\u0142och - pie\u015bniarka, instruktorka muzyki<\/p>\n<p dir=\"ltr\">\"\u015apiewam, bo \u017cyj\u0119 i \u017cyj\u0119 dlatego, \u017ce \u015bpiewam\" - Ewa B\u0142och.<\/p>\n<p dir=\"ltr\">Artystka niezwykle wra\u017cliwa, charyzmatyczna, niebywa\u0142a osobowo\u015b\u0107 sceniczna.<\/p>\n<p dir=\"ltr\">Od lat idzie swoj\u0105 w\u0142asn\u0105 drog\u0105 muzyczn\u0105, kierowan\u0105 mi\u0142o\u015bci\u0105 do bli\u017aniego i otaczaj\u0105cego \u015bwiata. Wyr\u00f3\u017cnia si\u0119 g\u0142\u0119bokim, poruszaj\u0105cym g\u0142osem. Wykonuje pie\u015bni religijne, patriotyczne i inne.<\/p>\n<p>P\u0142yta zawiera utwory :<\/p>\n<ol>\n<li>Piastowy jestem syn \/ 3,34 <\/li>\n<li>Z wolna s\u0142owom odbieram blask \/ 4,37 <\/li>\n<li>Gdy z bezmiaru wy\u0142ania\u0142e\u015b czas \/ 4,22 <\/li>\n<li>Kto\u015b si\u0119 d\u0142ugo pochyla\u0142 nade mn\u0105 \/ 3,09 <\/li>\n<li>Cz\u0119sto stamt\u0105d d\u0142ugo na mnie patrzy \/ 3,42 <\/li>\n<li>Uwielbiam ci\u0119 \/ 4,12 <\/li>\n<li>W jednym spojrzeniu dzieci\u0119cym \/ 2,26 <\/li>\n<li>Prosz\u0119 Ci\u0119 \/ 4,52 <\/li>\n<li>Jak\u017ce odwdzi\u0119cz\u0119 \/ 3,38 <\/li>\n<li>Samarytanka \/ 2,29 <\/li>\n<li>Te biedne moje oczy, gdy stwarza\u0142e\u015b \/ 4,18 <\/li>\n<li>Zabierz mnie, Mistrzu, do Efrem \/ 3,22 <a href=\"https:\/\/fundacjaprzyjdz.pl\/sklep\/wp-content\/uploads\/2025\/10\/12-Zabierz-Mnie-Mistrzu-Do-Efrem.mp3\">mp3<\/a><\/li>\n<\/ol>\n<p>Przy zakupie minimum 10 sztuk - rabat 10%. Aby go uzyska\u0107, prosz\u0119 wpisa\u0107 w koszyku kod kuponu min10c.<\/p>\n","protected":false},"excerpt":{"rendered":"<p>Ewa B\u0142och - pie\u015bniarka, instruktorka muzyki \"\u015apiewam, bo \u017cyj\u0119 i \u017cyj\u0119 dlatego, \u017ce \u015bpiewam\" - Ewa B\u0142och. Artystka niezwykle wra\u017cliwa,<\/p>\n","protected":false},"featured_media":10461,"comment_status":"open","ping_status":"closed","template":"","meta":[],"product_brand":[],"product_cat":[202],"product_tag":[],"class_list":{"0":"post-10464","1":"product","2":"type-product","3":"status-publish","4":"has-post-thumbnail","6":"product_cat-muzyka","8":"first","9":"instock","10":"shipping-taxable","11":"purchasable","12":"product-type-simple"},"yoast_head":"<!-- This site is optimized with the Yoast SEO Premium plugin v19.0.1 (Yoast SEO v27.4) - https:\/\/yoast.com\/product\/yoast-seo-premium-wordpress\/ -->\n<title>P\u0142yta CD Zabierz mnie, Mistrzu, do Efrem - Ewa B\u0142och - Sklep Fundacji Przyjd\u017a<\/title>\n<meta name=\"robots\" content=\"index, follow, max-snippet:-1, max-image-preview:large, max-video-preview:-1\" \/>\n<link rel=\"canonical\" href=\"https:\/\/fundacjaprzyjdz.pl\/sklep\/produkt\/plyta-cd-zabierz-mnie-mistrzu-do-efrem-ewa-bloch\/\" \/>\n<meta property=\"og:locale\" content=\"pl_PL\" \/>\n<meta property=\"og:type\" content=\"article\" \/>\n<meta property=\"og:title\" content=\"P\u0142yta CD Zabierz mnie, Mistrzu, do Efrem - Ewa B\u0142och\" \/>\n<meta property=\"og:description\" content=\"Ewa B\u0142och - pie\u015bniarka, instruktorka muzyki &quot;\u015apiewam, bo \u017cyj\u0119 i \u017cyj\u0119 dlatego, \u017ce \u015bpiewam&quot; - Ewa B\u0142och. Artystka niezwykle wra\u017cliwa,\" \/>\n<meta property=\"og:url\" content=\"https:\/\/fundacjaprzyjdz.pl\/sklep\/produkt\/plyta-cd-zabierz-mnie-mistrzu-do-efrem-ewa-bloch\/\" \/>\n<meta property=\"og:site_name\" content=\"Sklep Fundacji Przyjd\u017a\" \/>\n<meta property=\"article:publisher\" content=\"https:\/\/www.facebook.com\/fundacjaprzyjdz\/\" \/>\n<meta property=\"article:modified_time\" content=\"2025-10-13T10:33:08+00:00\" \/>\n<meta property=\"og:image\" content=\"https:\/\/fundacjaprzyjdz.pl\/sklep\/wp-content\/uploads\/2025\/03\/plyta-ewa-bloch-poezja-papieza01.jpg\" \/>\n\t<meta property=\"og:image:width\" content=\"800\" \/>\n\t<meta property=\"og:image:height\" content=\"800\" \/>\n\t<meta property=\"og:image:type\" content=\"image\/jpeg\" \/>\n<meta name=\"twitter:card\" content=\"summary_large_image\" \/>\n<meta name=\"twitter:label1\" content=\"Cena\" \/>\n\t<meta name=\"twitter:data1\" content=\"50,00&nbsp;&#122;&#322;\" \/>\n\t<meta name=\"twitter:label2\" content=\"Availability\" \/>\n\t<meta name=\"twitter:data2\" content=\"In stock\" \/>\n<script type=\"application\/ld+json\" class=\"yoast-schema-graph\">{\"@context\":\"https:\\\/\\\/schema.org\",\"@graph\":[{\"@type\":\"WebPage\",\"@id\":\"https:\\\/\\\/fundacjaprzyjdz.pl\\\/sklep\\\/produkt\\\/plyta-cd-zabierz-mnie-mistrzu-do-efrem-ewa-bloch\\\/\",\"url\":\"https:\\\/\\\/fundacjaprzyjdz.pl\\\/sklep\\\/produkt\\\/plyta-cd-zabierz-mnie-mistrzu-do-efrem-ewa-bloch\\\/\",\"name\":\"P\u0142yta CD Zabierz mnie, Mistrzu, do Efrem - Ewa B\u0142och - Sklep Fundacji Przyjd\u017a\",\"isPartOf\":{\"@id\":\"https:\\\/\\\/fundacjaprzyjdz.pl\\\/sklep\\\/#website\"},\"primaryImageOfPage\":{\"@id\":\"https:\\\/\\\/fundacjaprzyjdz.pl\\\/sklep\\\/produkt\\\/plyta-cd-zabierz-mnie-mistrzu-do-efrem-ewa-bloch\\\/#primaryimage\"},\"image\":{\"@id\":\"https:\\\/\\\/fundacjaprzyjdz.pl\\\/sklep\\\/produkt\\\/plyta-cd-zabierz-mnie-mistrzu-do-efrem-ewa-bloch\\\/#primaryimage\"},\"thumbnailUrl\":\"https:\\\/\\\/fundacjaprzyjdz.pl\\\/sklep\\\/wp-content\\\/uploads\\\/2025\\\/03\\\/plyta-ewa-bloch-poezja-papieza01.jpg\",\"datePublished\":\"2025-03-17T06:52:43+00:00\",\"dateModified\":\"2025-10-13T10:33:08+00:00\",\"breadcrumb\":{\"@id\":\"https:\\\/\\\/fundacjaprzyjdz.pl\\\/sklep\\\/produkt\\\/plyta-cd-zabierz-mnie-mistrzu-do-efrem-ewa-bloch\\\/#breadcrumb\"},\"inLanguage\":\"pl-PL\",\"potentialAction\":[{\"@type\":\"ReadAction\",\"target\":[\"https:\\\/\\\/fundacjaprzyjdz.pl\\\/sklep\\\/produkt\\\/plyta-cd-zabierz-mnie-mistrzu-do-efrem-ewa-bloch\\\/\"]}]},{\"@type\":\"ImageObject\",\"inLanguage\":\"pl-PL\",\"@id\":\"https:\\\/\\\/fundacjaprzyjdz.pl\\\/sklep\\\/produkt\\\/plyta-cd-zabierz-mnie-mistrzu-do-efrem-ewa-bloch\\\/#primaryimage\",\"url\":\"https:\\\/\\\/fundacjaprzyjdz.pl\\\/sklep\\\/wp-content\\\/uploads\\\/2025\\\/03\\\/plyta-ewa-bloch-poezja-papieza01.jpg\",\"contentUrl\":\"https:\\\/\\\/fundacjaprzyjdz.pl\\\/sklep\\\/wp-content\\\/uploads\\\/2025\\\/03\\\/plyta-ewa-bloch-poezja-papieza01.jpg\",\"width\":800,\"height\":800,\"caption\":\"plyta-ewa-bloch-poezja-papieza01\"},{\"@type\":\"BreadcrumbList\",\"@id\":\"https:\\\/\\\/fundacjaprzyjdz.pl\\\/sklep\\\/produkt\\\/plyta-cd-zabierz-mnie-mistrzu-do-efrem-ewa-bloch\\\/#breadcrumb\",\"itemListElement\":[{\"@type\":\"ListItem\",\"position\":1,\"name\":\"Strona g\u0142\u00f3wna\",\"item\":\"https:\\\/\\\/fundacjaprzyjdz.pl\\\/sklep\\\/\"},{\"@type\":\"ListItem\",\"position\":2,\"name\":\"Wszystkie produkty\",\"item\":\"https:\\\/\\\/fundacjaprzyjdz.pl\\\/sklep\\\/wszystkie-produkty\\\/\"},{\"@type\":\"ListItem\",\"position\":3,\"name\":\"P\u0142yta CD&nbsp;Zabierz mnie, Mistrzu, do&nbsp;Efrem - Ewa B\u0142och\"}]},{\"@type\":\"WebSite\",\"@id\":\"https:\\\/\\\/fundacjaprzyjdz.pl\\\/sklep\\\/#website\",\"url\":\"https:\\\/\\\/fundacjaprzyjdz.pl\\\/sklep\\\/\",\"name\":\"Sklep Fundacji Przyjd\u017a\",\"description\":\"Ozdoby z drewna i nie tylko\",\"publisher\":{\"@id\":\"https:\\\/\\\/fundacjaprzyjdz.pl\\\/sklep\\\/#organization\"},\"potentialAction\":[{\"@type\":\"SearchAction\",\"target\":{\"@type\":\"EntryPoint\",\"urlTemplate\":\"https:\\\/\\\/fundacjaprzyjdz.pl\\\/sklep\\\/?s={search_term_string}\"},\"query-input\":{\"@type\":\"PropertyValueSpecification\",\"valueRequired\":true,\"valueName\":\"search_term_string\"}}],\"inLanguage\":\"pl-PL\"},{\"@type\":\"Organization\",\"@id\":\"https:\\\/\\\/fundacjaprzyjdz.pl\\\/sklep\\\/#organization\",\"name\":\"Sklep Fundacji \\\"Przyjd\u017a\\\"\",\"url\":\"https:\\\/\\\/fundacjaprzyjdz.pl\\\/sklep\\\/\",\"logo\":{\"@type\":\"ImageObject\",\"inLanguage\":\"pl-PL\",\"@id\":\"https:\\\/\\\/fundacjaprzyjdz.pl\\\/sklep\\\/#\\\/schema\\\/logo\\\/image\\\/\",\"url\":\"https:\\\/\\\/fundacjaprzyjdz.pl\\\/sklep\\\/wp-content\\\/uploads\\\/2021\\\/12\\\/FavIco.jpg\",\"contentUrl\":\"https:\\\/\\\/fundacjaprzyjdz.pl\\\/sklep\\\/wp-content\\\/uploads\\\/2021\\\/12\\\/FavIco.jpg\",\"width\":512,\"height\":512,\"caption\":\"Sklep Fundacji \\\"Przyjd\u017a\\\"\"},\"image\":{\"@id\":\"https:\\\/\\\/fundacjaprzyjdz.pl\\\/sklep\\\/#\\\/schema\\\/logo\\\/image\\\/\"},\"sameAs\":[\"https:\\\/\\\/www.facebook.com\\\/fundacjaprzyjdz\\\/\",\"https:\\\/\\\/www.instagram.com\\\/fundacja.przyjdz\\\/\"]}]}<\/script>\n<meta property=\"product:price:amount\" content=\"50.00\" \/>\n<meta property=\"product:price:currency\" content=\"PLN\" \/>\n<meta property=\"og:availability\" content=\"instock\" \/>\n<meta property=\"product:availability\" content=\"instock\" \/>\n<meta property=\"product:condition\" content=\"new\" \/>\n<!-- \/ Yoast SEO Premium plugin. -->","yoast_head_json":{"title":"P\u0142yta CD Zabierz mnie, Mistrzu, do Efrem - Ewa B\u0142och - Sklep Fundacji Przyjd\u017a","robots":{"index":"index","follow":"follow","max-snippet":"max-snippet:-1","max-image-preview":"max-image-preview:large","max-video-preview":"max-video-preview:-1"},"canonical":"https:\/\/fundacjaprzyjdz.pl\/sklep\/produkt\/plyta-cd-zabierz-mnie-mistrzu-do-efrem-ewa-bloch\/","og_locale":"pl_PL","og_type":"article","og_title":"P\u0142yta CD Zabierz mnie, Mistrzu, do Efrem - Ewa B\u0142och","og_description":"Ewa B\u0142och - pie\u015bniarka, instruktorka muzyki \"\u015apiewam, bo \u017cyj\u0119 i \u017cyj\u0119 dlatego, \u017ce \u015bpiewam\" - Ewa B\u0142och. Artystka niezwykle wra\u017cliwa,","og_url":"https:\/\/fundacjaprzyjdz.pl\/sklep\/produkt\/plyta-cd-zabierz-mnie-mistrzu-do-efrem-ewa-bloch\/","og_site_name":"Sklep Fundacji Przyjd\u017a","article_publisher":"https:\/\/www.facebook.com\/fundacjaprzyjdz\/","article_modified_time":"2025-10-13T10:33:08+00:00","og_image":[{"width":800,"height":800,"url":"https:\/\/fundacjaprzyjdz.pl\/sklep\/wp-content\/uploads\/2025\/03\/plyta-ewa-bloch-poezja-papieza01.jpg","type":"image\/jpeg"}],"twitter_card":"summary_large_image","twitter_misc":{"Cena":"50,00&nbsp;&#122;&#322;","Availability":"In stock"},"schema":{"@context":"https:\/\/schema.org","@graph":[{"@type":"WebPage","@id":"https:\/\/fundacjaprzyjdz.pl\/sklep\/produkt\/plyta-cd-zabierz-mnie-mistrzu-do-efrem-ewa-bloch\/","url":"https:\/\/fundacjaprzyjdz.pl\/sklep\/produkt\/plyta-cd-zabierz-mnie-mistrzu-do-efrem-ewa-bloch\/","name":"P\u0142yta CD Zabierz mnie, Mistrzu, do Efrem - Ewa B\u0142och - Sklep Fundacji Przyjd\u017a","isPartOf":{"@id":"https:\/\/fundacjaprzyjdz.pl\/sklep\/#website"},"primaryImageOfPage":{"@id":"https:\/\/fundacjaprzyjdz.pl\/sklep\/produkt\/plyta-cd-zabierz-mnie-mistrzu-do-efrem-ewa-bloch\/#primaryimage"},"image":{"@id":"https:\/\/fundacjaprzyjdz.pl\/sklep\/produkt\/plyta-cd-zabierz-mnie-mistrzu-do-efrem-ewa-bloch\/#primaryimage"},"thumbnailUrl":"https:\/\/fundacjaprzyjdz.pl\/sklep\/wp-content\/uploads\/2025\/03\/plyta-ewa-bloch-poezja-papieza01.jpg","datePublished":"2025-03-17T06:52:43+00:00","dateModified":"2025-10-13T10:33:08+00:00","breadcrumb":{"@id":"https:\/\/fundacjaprzyjdz.pl\/sklep\/produkt\/plyta-cd-zabierz-mnie-mistrzu-do-efrem-ewa-bloch\/#breadcrumb"},"inLanguage":"pl-PL","potentialAction":[{"@type":"ReadAction","target":["https:\/\/fundacjaprzyjdz.pl\/sklep\/produkt\/plyta-cd-zabierz-mnie-mistrzu-do-efrem-ewa-bloch\/"]}]},{"@type":"ImageObject","inLanguage":"pl-PL","@id":"https:\/\/fundacjaprzyjdz.pl\/sklep\/produkt\/plyta-cd-zabierz-mnie-mistrzu-do-efrem-ewa-bloch\/#primaryimage","url":"https:\/\/fundacjaprzyjdz.pl\/sklep\/wp-content\/uploads\/2025\/03\/plyta-ewa-bloch-poezja-papieza01.jpg","contentUrl":"https:\/\/fundacjaprzyjdz.pl\/sklep\/wp-content\/uploads\/2025\/03\/plyta-ewa-bloch-poezja-papieza01.jpg","width":800,"height":800,"caption":"plyta-ewa-bloch-poezja-papieza01"},{"@type":"BreadcrumbList","@id":"https:\/\/fundacjaprzyjdz.pl\/sklep\/produkt\/plyta-cd-zabierz-mnie-mistrzu-do-efrem-ewa-bloch\/#breadcrumb","itemListElement":[{"@type":"ListItem","position":1,"name":"Strona g\u0142\u00f3wna","item":"https:\/\/fundacjaprzyjdz.pl\/sklep\/"},{"@type":"ListItem","position":2,"name":"Wszystkie produkty","item":"https:\/\/fundacjaprzyjdz.pl\/sklep\/wszystkie-produkty\/"},{"@type":"ListItem","position":3,"name":"P\u0142yta CD&nbsp;Zabierz mnie, Mistrzu, do&nbsp;Efrem - Ewa B\u0142och"}]},{"@type":"WebSite","@id":"https:\/\/fundacjaprzyjdz.pl\/sklep\/#website","url":"https:\/\/fundacjaprzyjdz.pl\/sklep\/","name":"Sklep Fundacji Przyjd\u017a","description":"Ozdoby z drewna i nie tylko","publisher":{"@id":"https:\/\/fundacjaprzyjdz.pl\/sklep\/#organization"},"potentialAction":[{"@type":"SearchAction","target":{"@type":"EntryPoint","urlTemplate":"https:\/\/fundacjaprzyjdz.pl\/sklep\/?s={search_term_string}"},"query-input":{"@type":"PropertyValueSpecification","valueRequired":true,"valueName":"search_term_string"}}],"inLanguage":"pl-PL"},{"@type":"Organization","@id":"https:\/\/fundacjaprzyjdz.pl\/sklep\/#organization","name":"Sklep Fundacji \"Przyjd\u017a\"","url":"https:\/\/fundacjaprzyjdz.pl\/sklep\/","logo":{"@type":"ImageObject","inLanguage":"pl-PL","@id":"https:\/\/fundacjaprzyjdz.pl\/sklep\/#\/schema\/logo\/image\/","url":"https:\/\/fundacjaprzyjdz.pl\/sklep\/wp-content\/uploads\/2021\/12\/FavIco.jpg","contentUrl":"https:\/\/fundacjaprzyjdz.pl\/sklep\/wp-content\/uploads\/2021\/12\/FavIco.jpg","width":512,"height":512,"caption":"Sklep Fundacji \"Przyjd\u017a\""},"image":{"@id":"https:\/\/fundacjaprzyjdz.pl\/sklep\/#\/schema\/logo\/image\/"},"sameAs":["https:\/\/www.facebook.com\/fundacjaprzyjdz\/","https:\/\/www.instagram.com\/fundacja.przyjdz\/"]}]},"product_price_amount":"50.00","product_price_currency":"PLN","og_availability":"instock","product_availability":"instock","product_condition":"new"},"_links":{"self":[{"href":"https:\/\/fundacjaprzyjdz.pl\/sklep\/wp-json\/wp\/v2\/product\/10464","targetHints":{"allow":["GET"]}}],"collection":[{"href":"https:\/\/fundacjaprzyjdz.pl\/sklep\/wp-json\/wp\/v2\/product"}],"about":[{"href":"https:\/\/fundacjaprzyjdz.pl\/sklep\/wp-json\/wp\/v2\/types\/product"}],"replies":[{"embeddable":true,"href":"https:\/\/fundacjaprzyjdz.pl\/sklep\/wp-json\/wp\/v2\/comments?post=10464"}],"wp:featuredmedia":[{"embeddable":true,"href":"https:\/\/fundacjaprzyjdz.pl\/sklep\/wp-json\/wp\/v2\/media\/10461"}],"wp:attachment":[{"href":"https:\/\/fundacjaprzyjdz.pl\/sklep\/wp-json\/wp\/v2\/media?parent=10464"}],"wp:term":[{"taxonomy":"product_brand","embeddable":true,"href":"https:\/\/fundacjaprzyjdz.pl\/sklep\/wp-json\/wp\/v2\/product_brand?post=10464"},{"taxonomy":"product_cat","embeddable":true,"href":"https:\/\/fundacjaprzyjdz.pl\/sklep\/wp-json\/wp\/v2\/product_cat?post=10464"},{"taxonomy":"product_tag","embeddable":true,"href":"https:\/\/fundacjaprzyjdz.pl\/sklep\/wp-json\/wp\/v2\/product_tag?post=10464"}],"curies":[{"name":"wp","href":"https:\/\/api.w.org\/{rel}","templated":true}]}}