{"id":10344,"date":"2025-02-26T08:34:15","date_gmt":"2025-02-26T07:34:15","guid":{"rendered":"https:\/\/fundacjaprzyjdz.pl\/sklep\/?post_type=product&#038;p=10344"},"modified":"2025-03-12T08:17:57","modified_gmt":"2025-03-12T07:17:57","slug":"pisanki-swiateczna-elegancja-zestaw-9","status":"publish","type":"product","link":"https:\/\/fundacjaprzyjdz.pl\/sklep\/produkt\/pisanki-swiateczna-elegancja-zestaw-9\/","title":{"rendered":"Pisanki \u015awi\u0105teczna Elegancja, Zestaw 9 sztuk"},"content":{"rendered":"<p>Drewniane jajka w pastelowych barwach, ozdobione delikatnymi wzorami kwiatowymi i subtelnymi z\u0142oceniami, emanuj\u0105 ciep\u0142em oraz \u015bwie\u017co\u015bci\u0105 wiosny. Z\u0142ote akcenty dodaj\u0105 elegancji i podkre\u015blaj\u0105 estetyk\u0119 ozdoby, tworz\u0105c lekk\u0105, a zarazem wyrafinowan\u0105 kompozycj\u0119. Idealnie prezentuje si\u0119 na wielkanocnym stole lub komodzie, wnosz\u0105c rado\u015b\u0107 i \u015bwi\u0105teczny nastr\u00f3j.<\/p>\n<p>Jajka w \u015brodkowej kolumnie maj\u0105 ten sam wz\u00f3r z obu stron. Jajka w pierwszej kolumnie maj\u0105 z ty\u0142u wz\u00f3r z ostatniej kolumny.\u00a0 Jajka w ostatniej kolumnie maj\u0105 z ty\u0142u wz\u00f3r z pierwszej kolumny. Przyk\u0142adowo, jajko w lewym g\u00f3rnym rogu ma z ty\u0142u wz\u00f3r jajka w prawym g\u00f3rnym rogu i vice-versa. Czyli jest w sumie 6 jajek, kt\u00f3re maj\u0105 r\u00f3\u017cne wzory po dw\u00f3ch stronach i 3 jajka, kt\u00f3re s\u0105 takie same z obu stron.<\/p>\n<p>Zestaw ma format deski A4. Pojedyncze jajko: 8cm wysoko\u015bci, 5cm szeroko\u015bci, 3mm grubo\u015b\u0107 deski.<\/p>\n<p>Przy zakupie minimum 10 sztuk - rabat 10%. Aby go uzyska\u0107, prosz\u0119 wpisa\u0107 w koszyku kod kuponu min10a.<\/p>\n<p><strong style=\"display: block;\">Wizualizacje 3d: <\/strong> <a class=\"wizu-link\" href=\"https:\/\/fundacjaprzyjdz.pl\/3D\/jajko-zlocone1-3.html\" target=\"_blank\" rel=\"noopener\">Pisanka 1-3<\/a><a class=\"wizu-link\" href=\"https:\/\/fundacjaprzyjdz.pl\/3D\/jajko-zlocone02.html\" target=\"_blank\" rel=\"noopener\">Pisanka 2<\/a><a class=\"wizu-link\" href=\"https:\/\/fundacjaprzyjdz.pl\/3D\/jajko-zlocone4-6.html\" target=\"_blank\" rel=\"noopener\">Pisanka 4-6<\/a><a class=\"wizu-link\" href=\"https:\/\/fundacjaprzyjdz.pl\/3D\/jajko-zlocone05.html\" target=\"_blank\" rel=\"noopener\">Pisanka 5<\/a><a class=\"wizu-link\" href=\"https:\/\/fundacjaprzyjdz.pl\/3D\/jajko-zlocone7-9.html\" target=\"_blank\" rel=\"noopener\">Pisanka 7-9<\/a><a class=\"wizu-link\" href=\"https:\/\/fundacjaprzyjdz.pl\/3D\/jajko-zlocone08.html\" target=\"_blank\" rel=\"noopener\">Pisanka 8<\/a><\/p>\n","protected":false},"excerpt":{"rendered":"<p>Drewniane jajka w pastelowych barwach, ozdobione delikatnymi wzorami kwiatowymi i subtelnymi z\u0142oceniami, emanuj\u0105 ciep\u0142em oraz \u015bwie\u017co\u015bci\u0105 wiosny. Z\u0142ote akcenty dodaj\u0105<\/p>\n","protected":false},"featured_media":10352,"comment_status":"open","ping_status":"closed","template":"","meta":[],"product_brand":[],"product_cat":[192,73],"product_tag":[],"class_list":{"0":"post-10344","1":"product","2":"type-product","3":"status-publish","4":"has-post-thumbnail","6":"product_cat-jajko-wielkanoc","7":"product_cat-wielkanoc","9":"first","10":"instock","11":"shipping-taxable","12":"purchasable","13":"product-type-simple"},"yoast_head":"<!-- This site is optimized with the Yoast SEO Premium plugin v19.0.1 (Yoast SEO v27.4) - https:\/\/yoast.com\/product\/yoast-seo-premium-wordpress\/ -->\n<title>Pisanki \u015awi\u0105teczna Elegancja, Zestaw 9 sztuk - Sklep Fundacji Przyjd\u017a<\/title>\n<meta name=\"description\" content=\"Drewniane jajka w pastelowych barwach, ozdobione delikatnymi wzorami kwiatowymi i subtelnymi z\u0142oceniami, emanuje ciep\u0142em oraz \u015bwie\u017co\u015bci\u0105 wiosny. Z\u0142ote akcenty dodaj\u0105 elegancji i podkre\u015blaj\u0105 estetyk\u0119 ozdoby, tworz\u0105c lekk\u0105, a zarazem wyrafinowan\u0105 kompozycj\u0119. Idealnie prezentuje si\u0119 na wielkanocnym stole lub komodzie, wnosz\u0105c rado\u015b\u0107 i \u015bwi\u0105teczny nastr\u00f3j.\" \/>\n<meta name=\"robots\" content=\"index, follow, max-snippet:-1, max-image-preview:large, max-video-preview:-1\" \/>\n<link rel=\"canonical\" href=\"https:\/\/fundacjaprzyjdz.pl\/sklep\/produkt\/pisanki-swiateczna-elegancja-zestaw-9\/\" \/>\n<meta property=\"og:locale\" content=\"pl_PL\" \/>\n<meta property=\"og:type\" content=\"article\" \/>\n<meta property=\"og:title\" content=\"Pisanki \u015awi\u0105teczna Elegancja, Zestaw 9 sztuk\" \/>\n<meta property=\"og:description\" content=\"Drewniane jajka w pastelowych barwach, ozdobione delikatnymi wzorami kwiatowymi i subtelnymi z\u0142oceniami, emanuje ciep\u0142em oraz \u015bwie\u017co\u015bci\u0105 wiosny. Z\u0142ote akcenty dodaj\u0105 elegancji i podkre\u015blaj\u0105 estetyk\u0119 ozdoby, tworz\u0105c lekk\u0105, a zarazem wyrafinowan\u0105 kompozycj\u0119. Idealnie prezentuje si\u0119 na wielkanocnym stole lub komodzie, wnosz\u0105c rado\u015b\u0107 i \u015bwi\u0105teczny nastr\u00f3j.\" \/>\n<meta property=\"og:url\" content=\"https:\/\/fundacjaprzyjdz.pl\/sklep\/produkt\/pisanki-swiateczna-elegancja-zestaw-9\/\" \/>\n<meta property=\"og:site_name\" content=\"Sklep Fundacji Przyjd\u017a\" \/>\n<meta property=\"article:publisher\" content=\"https:\/\/www.facebook.com\/fundacjaprzyjdz\/\" \/>\n<meta property=\"article:modified_time\" content=\"2025-03-12T07:17:57+00:00\" \/>\n<meta property=\"og:image\" content=\"https:\/\/fundacjaprzyjdz.pl\/sklep\/wp-content\/uploads\/2025\/02\/zestaw-front-jajka-wielkanoc-zlotko.jpg\" \/>\n\t<meta property=\"og:image:width\" content=\"800\" \/>\n\t<meta property=\"og:image:height\" content=\"800\" \/>\n\t<meta property=\"og:image:type\" content=\"image\/jpeg\" \/>\n<meta name=\"twitter:card\" content=\"summary_large_image\" \/>\n<meta name=\"twitter:label1\" content=\"Cena\" \/>\n\t<meta name=\"twitter:data1\" content=\"45,00&nbsp;&#122;&#322;\" \/>\n\t<meta name=\"twitter:label2\" content=\"Availability\" \/>\n\t<meta name=\"twitter:data2\" content=\"In stock\" \/>\n<script type=\"application\/ld+json\" class=\"yoast-schema-graph\">{\"@context\":\"https:\\\/\\\/schema.org\",\"@graph\":[{\"@type\":\"WebPage\",\"@id\":\"https:\\\/\\\/fundacjaprzyjdz.pl\\\/sklep\\\/produkt\\\/pisanki-swiateczna-elegancja-zestaw-9\\\/\",\"url\":\"https:\\\/\\\/fundacjaprzyjdz.pl\\\/sklep\\\/produkt\\\/pisanki-swiateczna-elegancja-zestaw-9\\\/\",\"name\":\"Pisanki \u015awi\u0105teczna Elegancja, Zestaw 9 sztuk - Sklep Fundacji Przyjd\u017a\",\"isPartOf\":{\"@id\":\"https:\\\/\\\/fundacjaprzyjdz.pl\\\/sklep\\\/#website\"},\"primaryImageOfPage\":{\"@id\":\"https:\\\/\\\/fundacjaprzyjdz.pl\\\/sklep\\\/produkt\\\/pisanki-swiateczna-elegancja-zestaw-9\\\/#primaryimage\"},\"image\":{\"@id\":\"https:\\\/\\\/fundacjaprzyjdz.pl\\\/sklep\\\/produkt\\\/pisanki-swiateczna-elegancja-zestaw-9\\\/#primaryimage\"},\"thumbnailUrl\":\"https:\\\/\\\/fundacjaprzyjdz.pl\\\/sklep\\\/wp-content\\\/uploads\\\/2025\\\/02\\\/zestaw-front-jajka-wielkanoc-zlotko.jpg\",\"datePublished\":\"2025-02-26T07:34:15+00:00\",\"dateModified\":\"2025-03-12T07:17:57+00:00\",\"description\":\"Drewniane jajka w pastelowych barwach, ozdobione delikatnymi wzorami kwiatowymi i subtelnymi z\u0142oceniami, emanuje ciep\u0142em oraz \u015bwie\u017co\u015bci\u0105 wiosny. Z\u0142ote akcenty dodaj\u0105 elegancji i podkre\u015blaj\u0105 estetyk\u0119 ozdoby, tworz\u0105c lekk\u0105, a zarazem wyrafinowan\u0105 kompozycj\u0119. Idealnie prezentuje si\u0119 na wielkanocnym stole lub komodzie, wnosz\u0105c rado\u015b\u0107 i \u015bwi\u0105teczny nastr\u00f3j.\",\"breadcrumb\":{\"@id\":\"https:\\\/\\\/fundacjaprzyjdz.pl\\\/sklep\\\/produkt\\\/pisanki-swiateczna-elegancja-zestaw-9\\\/#breadcrumb\"},\"inLanguage\":\"pl-PL\",\"potentialAction\":[{\"@type\":\"ReadAction\",\"target\":[\"https:\\\/\\\/fundacjaprzyjdz.pl\\\/sklep\\\/produkt\\\/pisanki-swiateczna-elegancja-zestaw-9\\\/\"]}]},{\"@type\":\"ImageObject\",\"inLanguage\":\"pl-PL\",\"@id\":\"https:\\\/\\\/fundacjaprzyjdz.pl\\\/sklep\\\/produkt\\\/pisanki-swiateczna-elegancja-zestaw-9\\\/#primaryimage\",\"url\":\"https:\\\/\\\/fundacjaprzyjdz.pl\\\/sklep\\\/wp-content\\\/uploads\\\/2025\\\/02\\\/zestaw-front-jajka-wielkanoc-zlotko.jpg\",\"contentUrl\":\"https:\\\/\\\/fundacjaprzyjdz.pl\\\/sklep\\\/wp-content\\\/uploads\\\/2025\\\/02\\\/zestaw-front-jajka-wielkanoc-zlotko.jpg\",\"width\":800,\"height\":800,\"caption\":\"zestaw-front-jajka-wielkanoc-zlotko\"},{\"@type\":\"BreadcrumbList\",\"@id\":\"https:\\\/\\\/fundacjaprzyjdz.pl\\\/sklep\\\/produkt\\\/pisanki-swiateczna-elegancja-zestaw-9\\\/#breadcrumb\",\"itemListElement\":[{\"@type\":\"ListItem\",\"position\":1,\"name\":\"Strona g\u0142\u00f3wna\",\"item\":\"https:\\\/\\\/fundacjaprzyjdz.pl\\\/sklep\\\/\"},{\"@type\":\"ListItem\",\"position\":2,\"name\":\"Wszystkie produkty\",\"item\":\"https:\\\/\\\/fundacjaprzyjdz.pl\\\/sklep\\\/wszystkie-produkty\\\/\"},{\"@type\":\"ListItem\",\"position\":3,\"name\":\"Pisanki \u015awi\u0105teczna Elegancja, Zestaw 9 sztuk\"}]},{\"@type\":\"WebSite\",\"@id\":\"https:\\\/\\\/fundacjaprzyjdz.pl\\\/sklep\\\/#website\",\"url\":\"https:\\\/\\\/fundacjaprzyjdz.pl\\\/sklep\\\/\",\"name\":\"Sklep Fundacji Przyjd\u017a\",\"description\":\"Ozdoby z drewna i nie tylko\",\"publisher\":{\"@id\":\"https:\\\/\\\/fundacjaprzyjdz.pl\\\/sklep\\\/#organization\"},\"potentialAction\":[{\"@type\":\"SearchAction\",\"target\":{\"@type\":\"EntryPoint\",\"urlTemplate\":\"https:\\\/\\\/fundacjaprzyjdz.pl\\\/sklep\\\/?s={search_term_string}\"},\"query-input\":{\"@type\":\"PropertyValueSpecification\",\"valueRequired\":true,\"valueName\":\"search_term_string\"}}],\"inLanguage\":\"pl-PL\"},{\"@type\":\"Organization\",\"@id\":\"https:\\\/\\\/fundacjaprzyjdz.pl\\\/sklep\\\/#organization\",\"name\":\"Sklep Fundacji \\\"Przyjd\u017a\\\"\",\"url\":\"https:\\\/\\\/fundacjaprzyjdz.pl\\\/sklep\\\/\",\"logo\":{\"@type\":\"ImageObject\",\"inLanguage\":\"pl-PL\",\"@id\":\"https:\\\/\\\/fundacjaprzyjdz.pl\\\/sklep\\\/#\\\/schema\\\/logo\\\/image\\\/\",\"url\":\"https:\\\/\\\/fundacjaprzyjdz.pl\\\/sklep\\\/wp-content\\\/uploads\\\/2021\\\/12\\\/FavIco.jpg\",\"contentUrl\":\"https:\\\/\\\/fundacjaprzyjdz.pl\\\/sklep\\\/wp-content\\\/uploads\\\/2021\\\/12\\\/FavIco.jpg\",\"width\":512,\"height\":512,\"caption\":\"Sklep Fundacji \\\"Przyjd\u017a\\\"\"},\"image\":{\"@id\":\"https:\\\/\\\/fundacjaprzyjdz.pl\\\/sklep\\\/#\\\/schema\\\/logo\\\/image\\\/\"},\"sameAs\":[\"https:\\\/\\\/www.facebook.com\\\/fundacjaprzyjdz\\\/\",\"https:\\\/\\\/www.instagram.com\\\/fundacja.przyjdz\\\/\"]}]}<\/script>\n<meta property=\"product:price:amount\" content=\"45.00\" \/>\n<meta property=\"product:price:currency\" content=\"PLN\" \/>\n<meta property=\"og:availability\" content=\"instock\" \/>\n<meta property=\"product:availability\" content=\"instock\" \/>\n<meta property=\"product:condition\" content=\"new\" \/>\n<!-- \/ Yoast SEO Premium plugin. -->","yoast_head_json":{"title":"Pisanki \u015awi\u0105teczna Elegancja, Zestaw 9 sztuk - Sklep Fundacji Przyjd\u017a","description":"Drewniane jajka w pastelowych barwach, ozdobione delikatnymi wzorami kwiatowymi i subtelnymi z\u0142oceniami, emanuje ciep\u0142em oraz \u015bwie\u017co\u015bci\u0105 wiosny. Z\u0142ote akcenty dodaj\u0105 elegancji i podkre\u015blaj\u0105 estetyk\u0119 ozdoby, tworz\u0105c lekk\u0105, a zarazem wyrafinowan\u0105 kompozycj\u0119. Idealnie prezentuje si\u0119 na wielkanocnym stole lub komodzie, wnosz\u0105c rado\u015b\u0107 i \u015bwi\u0105teczny nastr\u00f3j.","robots":{"index":"index","follow":"follow","max-snippet":"max-snippet:-1","max-image-preview":"max-image-preview:large","max-video-preview":"max-video-preview:-1"},"canonical":"https:\/\/fundacjaprzyjdz.pl\/sklep\/produkt\/pisanki-swiateczna-elegancja-zestaw-9\/","og_locale":"pl_PL","og_type":"article","og_title":"Pisanki \u015awi\u0105teczna Elegancja, Zestaw 9 sztuk","og_description":"Drewniane jajka w pastelowych barwach, ozdobione delikatnymi wzorami kwiatowymi i subtelnymi z\u0142oceniami, emanuje ciep\u0142em oraz \u015bwie\u017co\u015bci\u0105 wiosny. Z\u0142ote akcenty dodaj\u0105 elegancji i podkre\u015blaj\u0105 estetyk\u0119 ozdoby, tworz\u0105c lekk\u0105, a zarazem wyrafinowan\u0105 kompozycj\u0119. Idealnie prezentuje si\u0119 na wielkanocnym stole lub komodzie, wnosz\u0105c rado\u015b\u0107 i \u015bwi\u0105teczny nastr\u00f3j.","og_url":"https:\/\/fundacjaprzyjdz.pl\/sklep\/produkt\/pisanki-swiateczna-elegancja-zestaw-9\/","og_site_name":"Sklep Fundacji Przyjd\u017a","article_publisher":"https:\/\/www.facebook.com\/fundacjaprzyjdz\/","article_modified_time":"2025-03-12T07:17:57+00:00","og_image":[{"width":800,"height":800,"url":"https:\/\/fundacjaprzyjdz.pl\/sklep\/wp-content\/uploads\/2025\/02\/zestaw-front-jajka-wielkanoc-zlotko.jpg","type":"image\/jpeg"}],"twitter_card":"summary_large_image","twitter_misc":{"Cena":"45,00&nbsp;&#122;&#322;","Availability":"In stock"},"schema":{"@context":"https:\/\/schema.org","@graph":[{"@type":"WebPage","@id":"https:\/\/fundacjaprzyjdz.pl\/sklep\/produkt\/pisanki-swiateczna-elegancja-zestaw-9\/","url":"https:\/\/fundacjaprzyjdz.pl\/sklep\/produkt\/pisanki-swiateczna-elegancja-zestaw-9\/","name":"Pisanki \u015awi\u0105teczna Elegancja, Zestaw 9 sztuk - Sklep Fundacji Przyjd\u017a","isPartOf":{"@id":"https:\/\/fundacjaprzyjdz.pl\/sklep\/#website"},"primaryImageOfPage":{"@id":"https:\/\/fundacjaprzyjdz.pl\/sklep\/produkt\/pisanki-swiateczna-elegancja-zestaw-9\/#primaryimage"},"image":{"@id":"https:\/\/fundacjaprzyjdz.pl\/sklep\/produkt\/pisanki-swiateczna-elegancja-zestaw-9\/#primaryimage"},"thumbnailUrl":"https:\/\/fundacjaprzyjdz.pl\/sklep\/wp-content\/uploads\/2025\/02\/zestaw-front-jajka-wielkanoc-zlotko.jpg","datePublished":"2025-02-26T07:34:15+00:00","dateModified":"2025-03-12T07:17:57+00:00","description":"Drewniane jajka w pastelowych barwach, ozdobione delikatnymi wzorami kwiatowymi i subtelnymi z\u0142oceniami, emanuje ciep\u0142em oraz \u015bwie\u017co\u015bci\u0105 wiosny. Z\u0142ote akcenty dodaj\u0105 elegancji i podkre\u015blaj\u0105 estetyk\u0119 ozdoby, tworz\u0105c lekk\u0105, a zarazem wyrafinowan\u0105 kompozycj\u0119. Idealnie prezentuje si\u0119 na wielkanocnym stole lub komodzie, wnosz\u0105c rado\u015b\u0107 i \u015bwi\u0105teczny nastr\u00f3j.","breadcrumb":{"@id":"https:\/\/fundacjaprzyjdz.pl\/sklep\/produkt\/pisanki-swiateczna-elegancja-zestaw-9\/#breadcrumb"},"inLanguage":"pl-PL","potentialAction":[{"@type":"ReadAction","target":["https:\/\/fundacjaprzyjdz.pl\/sklep\/produkt\/pisanki-swiateczna-elegancja-zestaw-9\/"]}]},{"@type":"ImageObject","inLanguage":"pl-PL","@id":"https:\/\/fundacjaprzyjdz.pl\/sklep\/produkt\/pisanki-swiateczna-elegancja-zestaw-9\/#primaryimage","url":"https:\/\/fundacjaprzyjdz.pl\/sklep\/wp-content\/uploads\/2025\/02\/zestaw-front-jajka-wielkanoc-zlotko.jpg","contentUrl":"https:\/\/fundacjaprzyjdz.pl\/sklep\/wp-content\/uploads\/2025\/02\/zestaw-front-jajka-wielkanoc-zlotko.jpg","width":800,"height":800,"caption":"zestaw-front-jajka-wielkanoc-zlotko"},{"@type":"BreadcrumbList","@id":"https:\/\/fundacjaprzyjdz.pl\/sklep\/produkt\/pisanki-swiateczna-elegancja-zestaw-9\/#breadcrumb","itemListElement":[{"@type":"ListItem","position":1,"name":"Strona g\u0142\u00f3wna","item":"https:\/\/fundacjaprzyjdz.pl\/sklep\/"},{"@type":"ListItem","position":2,"name":"Wszystkie produkty","item":"https:\/\/fundacjaprzyjdz.pl\/sklep\/wszystkie-produkty\/"},{"@type":"ListItem","position":3,"name":"Pisanki \u015awi\u0105teczna Elegancja, Zestaw 9 sztuk"}]},{"@type":"WebSite","@id":"https:\/\/fundacjaprzyjdz.pl\/sklep\/#website","url":"https:\/\/fundacjaprzyjdz.pl\/sklep\/","name":"Sklep Fundacji Przyjd\u017a","description":"Ozdoby z drewna i nie tylko","publisher":{"@id":"https:\/\/fundacjaprzyjdz.pl\/sklep\/#organization"},"potentialAction":[{"@type":"SearchAction","target":{"@type":"EntryPoint","urlTemplate":"https:\/\/fundacjaprzyjdz.pl\/sklep\/?s={search_term_string}"},"query-input":{"@type":"PropertyValueSpecification","valueRequired":true,"valueName":"search_term_string"}}],"inLanguage":"pl-PL"},{"@type":"Organization","@id":"https:\/\/fundacjaprzyjdz.pl\/sklep\/#organization","name":"Sklep Fundacji \"Przyjd\u017a\"","url":"https:\/\/fundacjaprzyjdz.pl\/sklep\/","logo":{"@type":"ImageObject","inLanguage":"pl-PL","@id":"https:\/\/fundacjaprzyjdz.pl\/sklep\/#\/schema\/logo\/image\/","url":"https:\/\/fundacjaprzyjdz.pl\/sklep\/wp-content\/uploads\/2021\/12\/FavIco.jpg","contentUrl":"https:\/\/fundacjaprzyjdz.pl\/sklep\/wp-content\/uploads\/2021\/12\/FavIco.jpg","width":512,"height":512,"caption":"Sklep Fundacji \"Przyjd\u017a\""},"image":{"@id":"https:\/\/fundacjaprzyjdz.pl\/sklep\/#\/schema\/logo\/image\/"},"sameAs":["https:\/\/www.facebook.com\/fundacjaprzyjdz\/","https:\/\/www.instagram.com\/fundacja.przyjdz\/"]}]},"product_price_amount":"45.00","product_price_currency":"PLN","og_availability":"instock","product_availability":"instock","product_condition":"new"},"_links":{"self":[{"href":"https:\/\/fundacjaprzyjdz.pl\/sklep\/wp-json\/wp\/v2\/product\/10344","targetHints":{"allow":["GET"]}}],"collection":[{"href":"https:\/\/fundacjaprzyjdz.pl\/sklep\/wp-json\/wp\/v2\/product"}],"about":[{"href":"https:\/\/fundacjaprzyjdz.pl\/sklep\/wp-json\/wp\/v2\/types\/product"}],"replies":[{"embeddable":true,"href":"https:\/\/fundacjaprzyjdz.pl\/sklep\/wp-json\/wp\/v2\/comments?post=10344"}],"wp:featuredmedia":[{"embeddable":true,"href":"https:\/\/fundacjaprzyjdz.pl\/sklep\/wp-json\/wp\/v2\/media\/10352"}],"wp:attachment":[{"href":"https:\/\/fundacjaprzyjdz.pl\/sklep\/wp-json\/wp\/v2\/media?parent=10344"}],"wp:term":[{"taxonomy":"product_brand","embeddable":true,"href":"https:\/\/fundacjaprzyjdz.pl\/sklep\/wp-json\/wp\/v2\/product_brand?post=10344"},{"taxonomy":"product_cat","embeddable":true,"href":"https:\/\/fundacjaprzyjdz.pl\/sklep\/wp-json\/wp\/v2\/product_cat?post=10344"},{"taxonomy":"product_tag","embeddable":true,"href":"https:\/\/fundacjaprzyjdz.pl\/sklep\/wp-json\/wp\/v2\/product_tag?post=10344"}],"curies":[{"name":"wp","href":"https:\/\/api.w.org\/{rel}","templated":true}]}}