{"id":10196,"date":"2024-10-28T10:04:29","date_gmt":"2024-10-28T09:04:29","guid":{"rendered":"https:\/\/fundacjaprzyjdz.pl\/sklep\/?post_type=product&#038;p=10196"},"modified":"2024-12-16T16:00:52","modified_gmt":"2024-12-16T15:00:52","slug":"bombka-zlocona-ofiarowanie-jezusa-w-swiatyni","status":"publish","type":"product","link":"https:\/\/fundacjaprzyjdz.pl\/sklep\/produkt\/bombka-zlocona-ofiarowanie-jezusa-w-swiatyni\/","title":{"rendered":"Bombka z\u0142ocona - Ofiarowanie Jezusa w \u015bwi\u0105tyni"},"content":{"rendered":"<p class=\"Podstawowyakapit\">Kolorowa dwustronnie bombka o wielko\u015bci 8,5 cm, wykonana z drewna,\u00a0 z pi\u0119kn\u0105 grafik\u0105 przedstawiaj\u0105ca scen\u0119 ofiarowania Jezusa w \u015bwi\u0105tyni, ozdobiona delikatnymi, z\u0142oconymi detalami. Do\u0142\u0105czony jest z\u0142oty sznureczek do zawieszenia na choince.<\/p>\n<p class=\"Podstawowyakapit\">Ta wyj\u0105tkowa ozdoba \u015bwi\u0105teczna, nada Twojemu domowi niepowtarzalny, ciep\u0142y klimat, wprowadzi wyj\u0105tkow\u0105 atmosfer\u0119 i przypomni o g\u0142\u0119bokim przes\u0142aniu \u015bwi\u0105t \u2013 idealny upominek na \u015bwi\u0105teczne odwiedziny.<\/p>\n<p>\u015arednica: 8,8 cm<\/p>\n<p><strong>Zastosowanie:<\/strong><\/p>\n<ul>\n<li>ozdoba \u015bwi\u0105teczna<\/li>\n<li>prezent<\/li>\n<li>pami\u0105tka<\/li>\n<li>dekoracja<\/li>\n<li>upominek firmowy<\/li>\n<\/ul>\n","protected":false},"excerpt":{"rendered":"<p>Bombka choinkowa wz. 07 ze stylizowan\u0105 \u015bnie\u017cynk\u0105 jest ekologiczna, drewniana i niet\u0142uk\u0105ca si\u0119! Jej oryginalny kszta\u0142t oraz wyj\u0105tkowy wz\u00f3r z powodzeniem ozdobi\u0105 Twoje drzewko bo\u017conarodzeniowe i nadadz\u0105 wyj\u0105tkowego charakteru otoczeniu.<\/p>\n","protected":false},"featured_media":10208,"comment_status":"open","ping_status":"closed","template":"","meta":[],"product_brand":[],"product_cat":[190,74,79],"product_tag":[],"class_list":{"0":"post-10196","1":"product","2":"type-product","3":"status-publish","4":"has-post-thumbnail","6":"product_cat-bombki-choinkowe","7":"product_cat-boze-narodzenie","8":"product_cat-dekoracyjne","10":"first","11":"instock","12":"shipping-taxable","13":"purchasable","14":"product-type-simple"},"yoast_head":"<!-- This site is optimized with the Yoast SEO Premium plugin v19.0.1 (Yoast SEO v27.2) - https:\/\/yoast.com\/product\/yoast-seo-premium-wordpress\/ -->\n<title>Bombka z\u0142ocona - Ofiarowanie Jezusa w \u015bwi\u0105tyni - Sklep Fundacji Przyjd\u017a<\/title>\n<meta name=\"robots\" content=\"index, follow, max-snippet:-1, max-image-preview:large, max-video-preview:-1\" \/>\n<link rel=\"canonical\" href=\"https:\/\/fundacjaprzyjdz.pl\/sklep\/produkt\/bombka-zlocona-ofiarowanie-jezusa-w-swiatyni\/\" \/>\n<meta property=\"og:locale\" content=\"pl_PL\" \/>\n<meta property=\"og:type\" content=\"article\" \/>\n<meta property=\"og:title\" content=\"Bombka z\u0142ocona - Ofiarowanie Jezusa w \u015bwi\u0105tyni\" \/>\n<meta property=\"og:description\" content=\"Bombka choinkowa wz. 07 ze stylizowan\u0105 \u015bnie\u017cynk\u0105 jest ekologiczna, drewniana i niet\u0142uk\u0105ca si\u0119! Jej oryginalny kszta\u0142t oraz wyj\u0105tkowy wz\u00f3r z powodzeniem ozdobi\u0105 Twoje drzewko bo\u017conarodzeniowe i nadadz\u0105 wyj\u0105tkowego charakteru otoczeniu.\" \/>\n<meta property=\"og:url\" content=\"https:\/\/fundacjaprzyjdz.pl\/sklep\/produkt\/bombka-zlocona-ofiarowanie-jezusa-w-swiatyni\/\" \/>\n<meta property=\"og:site_name\" content=\"Sklep Fundacji Przyjd\u017a\" \/>\n<meta property=\"article:publisher\" content=\"https:\/\/www.facebook.com\/fundacjaprzyjdz\/\" \/>\n<meta property=\"article:modified_time\" content=\"2024-12-16T15:00:52+00:00\" \/>\n<meta property=\"og:image\" content=\"https:\/\/fundacjaprzyjdz.pl\/sklep\/wp-content\/uploads\/2024\/10\/5bom-krole-entry.jpg\" \/>\n\t<meta property=\"og:image:width\" content=\"573\" \/>\n\t<meta property=\"og:image:height\" content=\"573\" \/>\n\t<meta property=\"og:image:type\" content=\"image\/jpeg\" \/>\n<meta name=\"twitter:card\" content=\"summary_large_image\" \/>\n<meta name=\"twitter:label1\" content=\"Cena\" \/>\n\t<meta name=\"twitter:data1\" content=\"8,00&nbsp;&#122;&#322;\" \/>\n\t<meta name=\"twitter:label2\" content=\"Availability\" \/>\n\t<meta name=\"twitter:data2\" content=\"In stock\" \/>\n<script type=\"application\/ld+json\" class=\"yoast-schema-graph\">{\"@context\":\"https:\/\/schema.org\",\"@graph\":[{\"@type\":\"WebPage\",\"@id\":\"https:\/\/fundacjaprzyjdz.pl\/sklep\/produkt\/bombka-zlocona-ofiarowanie-jezusa-w-swiatyni\/\",\"url\":\"https:\/\/fundacjaprzyjdz.pl\/sklep\/produkt\/bombka-zlocona-ofiarowanie-jezusa-w-swiatyni\/\",\"name\":\"Bombka z\u0142ocona - Ofiarowanie Jezusa w \u015bwi\u0105tyni - Sklep Fundacji Przyjd\u017a\",\"isPartOf\":{\"@id\":\"https:\/\/fundacjaprzyjdz.pl\/sklep\/#website\"},\"primaryImageOfPage\":{\"@id\":\"https:\/\/fundacjaprzyjdz.pl\/sklep\/produkt\/bombka-zlocona-ofiarowanie-jezusa-w-swiatyni\/#primaryimage\"},\"image\":{\"@id\":\"https:\/\/fundacjaprzyjdz.pl\/sklep\/produkt\/bombka-zlocona-ofiarowanie-jezusa-w-swiatyni\/#primaryimage\"},\"thumbnailUrl\":\"https:\/\/fundacjaprzyjdz.pl\/sklep\/wp-content\/uploads\/2024\/10\/5bom-krole-entry.jpg\",\"datePublished\":\"2024-10-28T09:04:29+00:00\",\"dateModified\":\"2024-12-16T15:00:52+00:00\",\"breadcrumb\":{\"@id\":\"https:\/\/fundacjaprzyjdz.pl\/sklep\/produkt\/bombka-zlocona-ofiarowanie-jezusa-w-swiatyni\/#breadcrumb\"},\"inLanguage\":\"pl-PL\",\"potentialAction\":[{\"@type\":\"ReadAction\",\"target\":[\"https:\/\/fundacjaprzyjdz.pl\/sklep\/produkt\/bombka-zlocona-ofiarowanie-jezusa-w-swiatyni\/\"]}]},{\"@type\":\"ImageObject\",\"inLanguage\":\"pl-PL\",\"@id\":\"https:\/\/fundacjaprzyjdz.pl\/sklep\/produkt\/bombka-zlocona-ofiarowanie-jezusa-w-swiatyni\/#primaryimage\",\"url\":\"https:\/\/fundacjaprzyjdz.pl\/sklep\/wp-content\/uploads\/2024\/10\/5bom-krole-entry.jpg\",\"contentUrl\":\"https:\/\/fundacjaprzyjdz.pl\/sklep\/wp-content\/uploads\/2024\/10\/5bom-krole-entry.jpg\",\"width\":573,\"height\":573,\"caption\":\"5bom-krole-entry\"},{\"@type\":\"BreadcrumbList\",\"@id\":\"https:\/\/fundacjaprzyjdz.pl\/sklep\/produkt\/bombka-zlocona-ofiarowanie-jezusa-w-swiatyni\/#breadcrumb\",\"itemListElement\":[{\"@type\":\"ListItem\",\"position\":1,\"name\":\"Strona g\u0142\u00f3wna\",\"item\":\"https:\/\/fundacjaprzyjdz.pl\/sklep\/\"},{\"@type\":\"ListItem\",\"position\":2,\"name\":\"Wszystkie produkty\",\"item\":\"https:\/\/fundacjaprzyjdz.pl\/sklep\/wszystkie-produkty\/\"},{\"@type\":\"ListItem\",\"position\":3,\"name\":\"Bombka z\u0142ocona - Ofiarowanie Jezusa w&nbsp;\u015bwi\u0105tyni\"}]},{\"@type\":\"WebSite\",\"@id\":\"https:\/\/fundacjaprzyjdz.pl\/sklep\/#website\",\"url\":\"https:\/\/fundacjaprzyjdz.pl\/sklep\/\",\"name\":\"Sklep Fundacji Przyjd\u017a\",\"description\":\"Ozdoby z drewna i nie tylko\",\"publisher\":{\"@id\":\"https:\/\/fundacjaprzyjdz.pl\/sklep\/#organization\"},\"potentialAction\":[{\"@type\":\"SearchAction\",\"target\":{\"@type\":\"EntryPoint\",\"urlTemplate\":\"https:\/\/fundacjaprzyjdz.pl\/sklep\/?s={search_term_string}\"},\"query-input\":{\"@type\":\"PropertyValueSpecification\",\"valueRequired\":true,\"valueName\":\"search_term_string\"}}],\"inLanguage\":\"pl-PL\"},{\"@type\":\"Organization\",\"@id\":\"https:\/\/fundacjaprzyjdz.pl\/sklep\/#organization\",\"name\":\"Sklep Fundacji \\\"Przyjd\u017a\\\"\",\"url\":\"https:\/\/fundacjaprzyjdz.pl\/sklep\/\",\"logo\":{\"@type\":\"ImageObject\",\"inLanguage\":\"pl-PL\",\"@id\":\"https:\/\/fundacjaprzyjdz.pl\/sklep\/#\/schema\/logo\/image\/\",\"url\":\"https:\/\/fundacjaprzyjdz.pl\/sklep\/wp-content\/uploads\/2021\/12\/FavIco.jpg\",\"contentUrl\":\"https:\/\/fundacjaprzyjdz.pl\/sklep\/wp-content\/uploads\/2021\/12\/FavIco.jpg\",\"width\":512,\"height\":512,\"caption\":\"Sklep Fundacji \\\"Przyjd\u017a\\\"\"},\"image\":{\"@id\":\"https:\/\/fundacjaprzyjdz.pl\/sklep\/#\/schema\/logo\/image\/\"},\"sameAs\":[\"https:\/\/www.facebook.com\/fundacjaprzyjdz\/\",\"https:\/\/www.instagram.com\/fundacja.przyjdz\/\"]}]}<\/script>\n<meta property=\"product:price:amount\" content=\"8.00\" \/>\n<meta property=\"product:price:currency\" content=\"PLN\" \/>\n<meta property=\"og:availability\" content=\"instock\" \/>\n<meta property=\"product:availability\" content=\"instock\" \/>\n<meta property=\"product:condition\" content=\"new\" \/>\n<!-- \/ Yoast SEO Premium plugin. -->","yoast_head_json":{"title":"Bombka z\u0142ocona - Ofiarowanie Jezusa w \u015bwi\u0105tyni - Sklep Fundacji Przyjd\u017a","robots":{"index":"index","follow":"follow","max-snippet":"max-snippet:-1","max-image-preview":"max-image-preview:large","max-video-preview":"max-video-preview:-1"},"canonical":"https:\/\/fundacjaprzyjdz.pl\/sklep\/produkt\/bombka-zlocona-ofiarowanie-jezusa-w-swiatyni\/","og_locale":"pl_PL","og_type":"article","og_title":"Bombka z\u0142ocona - Ofiarowanie Jezusa w \u015bwi\u0105tyni","og_description":"Bombka choinkowa wz. 07 ze stylizowan\u0105 \u015bnie\u017cynk\u0105 jest ekologiczna, drewniana i niet\u0142uk\u0105ca si\u0119! Jej oryginalny kszta\u0142t oraz wyj\u0105tkowy wz\u00f3r z powodzeniem ozdobi\u0105 Twoje drzewko bo\u017conarodzeniowe i nadadz\u0105 wyj\u0105tkowego charakteru otoczeniu.","og_url":"https:\/\/fundacjaprzyjdz.pl\/sklep\/produkt\/bombka-zlocona-ofiarowanie-jezusa-w-swiatyni\/","og_site_name":"Sklep Fundacji Przyjd\u017a","article_publisher":"https:\/\/www.facebook.com\/fundacjaprzyjdz\/","article_modified_time":"2024-12-16T15:00:52+00:00","og_image":[{"width":573,"height":573,"url":"https:\/\/fundacjaprzyjdz.pl\/sklep\/wp-content\/uploads\/2024\/10\/5bom-krole-entry.jpg","type":"image\/jpeg"}],"twitter_card":"summary_large_image","twitter_misc":{"Cena":"8,00&nbsp;&#122;&#322;","Availability":"In stock"},"schema":{"@context":"https:\/\/schema.org","@graph":[{"@type":"WebPage","@id":"https:\/\/fundacjaprzyjdz.pl\/sklep\/produkt\/bombka-zlocona-ofiarowanie-jezusa-w-swiatyni\/","url":"https:\/\/fundacjaprzyjdz.pl\/sklep\/produkt\/bombka-zlocona-ofiarowanie-jezusa-w-swiatyni\/","name":"Bombka z\u0142ocona - Ofiarowanie Jezusa w \u015bwi\u0105tyni - Sklep Fundacji Przyjd\u017a","isPartOf":{"@id":"https:\/\/fundacjaprzyjdz.pl\/sklep\/#website"},"primaryImageOfPage":{"@id":"https:\/\/fundacjaprzyjdz.pl\/sklep\/produkt\/bombka-zlocona-ofiarowanie-jezusa-w-swiatyni\/#primaryimage"},"image":{"@id":"https:\/\/fundacjaprzyjdz.pl\/sklep\/produkt\/bombka-zlocona-ofiarowanie-jezusa-w-swiatyni\/#primaryimage"},"thumbnailUrl":"https:\/\/fundacjaprzyjdz.pl\/sklep\/wp-content\/uploads\/2024\/10\/5bom-krole-entry.jpg","datePublished":"2024-10-28T09:04:29+00:00","dateModified":"2024-12-16T15:00:52+00:00","breadcrumb":{"@id":"https:\/\/fundacjaprzyjdz.pl\/sklep\/produkt\/bombka-zlocona-ofiarowanie-jezusa-w-swiatyni\/#breadcrumb"},"inLanguage":"pl-PL","potentialAction":[{"@type":"ReadAction","target":["https:\/\/fundacjaprzyjdz.pl\/sklep\/produkt\/bombka-zlocona-ofiarowanie-jezusa-w-swiatyni\/"]}]},{"@type":"ImageObject","inLanguage":"pl-PL","@id":"https:\/\/fundacjaprzyjdz.pl\/sklep\/produkt\/bombka-zlocona-ofiarowanie-jezusa-w-swiatyni\/#primaryimage","url":"https:\/\/fundacjaprzyjdz.pl\/sklep\/wp-content\/uploads\/2024\/10\/5bom-krole-entry.jpg","contentUrl":"https:\/\/fundacjaprzyjdz.pl\/sklep\/wp-content\/uploads\/2024\/10\/5bom-krole-entry.jpg","width":573,"height":573,"caption":"5bom-krole-entry"},{"@type":"BreadcrumbList","@id":"https:\/\/fundacjaprzyjdz.pl\/sklep\/produkt\/bombka-zlocona-ofiarowanie-jezusa-w-swiatyni\/#breadcrumb","itemListElement":[{"@type":"ListItem","position":1,"name":"Strona g\u0142\u00f3wna","item":"https:\/\/fundacjaprzyjdz.pl\/sklep\/"},{"@type":"ListItem","position":2,"name":"Wszystkie produkty","item":"https:\/\/fundacjaprzyjdz.pl\/sklep\/wszystkie-produkty\/"},{"@type":"ListItem","position":3,"name":"Bombka z\u0142ocona - Ofiarowanie Jezusa w&nbsp;\u015bwi\u0105tyni"}]},{"@type":"WebSite","@id":"https:\/\/fundacjaprzyjdz.pl\/sklep\/#website","url":"https:\/\/fundacjaprzyjdz.pl\/sklep\/","name":"Sklep Fundacji Przyjd\u017a","description":"Ozdoby z drewna i nie tylko","publisher":{"@id":"https:\/\/fundacjaprzyjdz.pl\/sklep\/#organization"},"potentialAction":[{"@type":"SearchAction","target":{"@type":"EntryPoint","urlTemplate":"https:\/\/fundacjaprzyjdz.pl\/sklep\/?s={search_term_string}"},"query-input":{"@type":"PropertyValueSpecification","valueRequired":true,"valueName":"search_term_string"}}],"inLanguage":"pl-PL"},{"@type":"Organization","@id":"https:\/\/fundacjaprzyjdz.pl\/sklep\/#organization","name":"Sklep Fundacji \"Przyjd\u017a\"","url":"https:\/\/fundacjaprzyjdz.pl\/sklep\/","logo":{"@type":"ImageObject","inLanguage":"pl-PL","@id":"https:\/\/fundacjaprzyjdz.pl\/sklep\/#\/schema\/logo\/image\/","url":"https:\/\/fundacjaprzyjdz.pl\/sklep\/wp-content\/uploads\/2021\/12\/FavIco.jpg","contentUrl":"https:\/\/fundacjaprzyjdz.pl\/sklep\/wp-content\/uploads\/2021\/12\/FavIco.jpg","width":512,"height":512,"caption":"Sklep Fundacji \"Przyjd\u017a\""},"image":{"@id":"https:\/\/fundacjaprzyjdz.pl\/sklep\/#\/schema\/logo\/image\/"},"sameAs":["https:\/\/www.facebook.com\/fundacjaprzyjdz\/","https:\/\/www.instagram.com\/fundacja.przyjdz\/"]}]},"product_price_amount":"8.00","product_price_currency":"PLN","og_availability":"instock","product_availability":"instock","product_condition":"new"},"_links":{"self":[{"href":"https:\/\/fundacjaprzyjdz.pl\/sklep\/wp-json\/wp\/v2\/product\/10196","targetHints":{"allow":["GET"]}}],"collection":[{"href":"https:\/\/fundacjaprzyjdz.pl\/sklep\/wp-json\/wp\/v2\/product"}],"about":[{"href":"https:\/\/fundacjaprzyjdz.pl\/sklep\/wp-json\/wp\/v2\/types\/product"}],"replies":[{"embeddable":true,"href":"https:\/\/fundacjaprzyjdz.pl\/sklep\/wp-json\/wp\/v2\/comments?post=10196"}],"wp:featuredmedia":[{"embeddable":true,"href":"https:\/\/fundacjaprzyjdz.pl\/sklep\/wp-json\/wp\/v2\/media\/10208"}],"wp:attachment":[{"href":"https:\/\/fundacjaprzyjdz.pl\/sklep\/wp-json\/wp\/v2\/media?parent=10196"}],"wp:term":[{"taxonomy":"product_brand","embeddable":true,"href":"https:\/\/fundacjaprzyjdz.pl\/sklep\/wp-json\/wp\/v2\/product_brand?post=10196"},{"taxonomy":"product_cat","embeddable":true,"href":"https:\/\/fundacjaprzyjdz.pl\/sklep\/wp-json\/wp\/v2\/product_cat?post=10196"},{"taxonomy":"product_tag","embeddable":true,"href":"https:\/\/fundacjaprzyjdz.pl\/sklep\/wp-json\/wp\/v2\/product_tag?post=10196"}],"curies":[{"name":"wp","href":"https:\/\/api.w.org\/{rel}","templated":true}]}}