{"id":10088,"date":"2024-08-13T09:43:22","date_gmt":"2024-08-13T07:43:22","guid":{"rendered":"https:\/\/fundacjaprzyjdz.pl\/sklep\/?post_type=product&#038;p=10088"},"modified":"2024-08-19T07:20:57","modified_gmt":"2024-08-19T05:20:57","slug":"banka-wielopoziomowa-do-samodzielnego-sklejenia-jelenie","status":"publish","type":"product","link":"https:\/\/fundacjaprzyjdz.pl\/sklep\/produkt\/banka-wielopoziomowa-do-samodzielnego-sklejenia-jelenie\/","title":{"rendered":"Ba\u0144ka wielopoziomowa do samodzielnego sklejenia - Jelenie"},"content":{"rendered":"<p>Bombka wielowarstwowa, przedstawiaj\u0105ca le\u015bn\u0105 scen\u0119 z jeleniami i choinkami. 5 warstw. Ba\u0144ka nie jest sklejona, dzi\u0119ki czemu mo\u017cna j\u0105 wygodnie pomalowa\u0107.<\/p>\n<ul>\n<li>ekologiczna<\/li>\n<li>drewniana<\/li>\n<li>niet\u0142uk\u0105ca si\u0119<\/li>\n<\/ul>\n<p><br \/>Dzi\u0119ki wyj\u0105tkowemu projektowi, bombka z powodzeniem ozdobi Twoje drzewko bo\u017conarodzeniowe i nada wyj\u0105tkowego charakteru otoczeniu. Taka drewniana bombka choinkowa mo\u017ce pos\u0142u\u017cy\u0107 r\u00f3wnie\u017c jako doskona\u0142y dodatek do prezentu lub ozdoba przy jego pakowaniu.<\/p>\n<p>\u015arednica ok. 10 cm. Grubo\u015b\u0107 po sklejeniu ok. 1,5 cm.<\/p>\n<p>Je\u017celi szukasz podobnych ozd\u00f3b, mog\u0105 Ci\u0119 zainteresowa\u0107 produkty z kategorii <a href=\"https:\/\/fundacjaprzyjdz.pl\/sklep\/kategoria\/podkladki-pod-kubek\/\">podk\u0142adki pod kubek<\/a>. By\u0107 mo\u017ce sprawdz\u0105 si\u0119 w podobnych zastosowaniach.<\/p>\n","protected":false},"excerpt":{"rendered":"<p>Bombka choinkowa wz. 07 ze stylizowan\u0105 \u015bnie\u017cynk\u0105 jest ekologiczna, drewniana i niet\u0142uk\u0105ca si\u0119! Jej oryginalny kszta\u0142t oraz wyj\u0105tkowy wz\u00f3r z powodzeniem ozdobi\u0105 Twoje drzewko bo\u017conarodzeniowe i nadadz\u0105 wyj\u0105tkowego charakteru otoczeniu.<\/p>\n","protected":false},"featured_media":10091,"comment_status":"open","ping_status":"closed","template":"","meta":[],"product_brand":[],"product_cat":[190,74,79],"product_tag":[],"class_list":{"0":"post-10088","1":"product","2":"type-product","3":"status-publish","4":"has-post-thumbnail","6":"product_cat-bombki-choinkowe","7":"product_cat-boze-narodzenie","8":"product_cat-dekoracyjne","10":"first","11":"instock","12":"shipping-taxable","13":"purchasable","14":"product-type-simple"},"yoast_head":"<!-- This site is optimized with the Yoast SEO Premium plugin v19.0.1 (Yoast SEO v27.2) - https:\/\/yoast.com\/product\/yoast-seo-premium-wordpress\/ -->\n<title>Ba\u0144ka wielopoziomowa do samodzielnego sklejenia - Jelenie - Sklep Fundacji Przyjd\u017a<\/title>\n<meta name=\"robots\" content=\"index, follow, max-snippet:-1, max-image-preview:large, max-video-preview:-1\" \/>\n<link rel=\"canonical\" href=\"https:\/\/fundacjaprzyjdz.pl\/sklep\/produkt\/banka-wielopoziomowa-do-samodzielnego-sklejenia-jelenie\/\" \/>\n<meta property=\"og:locale\" content=\"pl_PL\" \/>\n<meta property=\"og:type\" content=\"article\" \/>\n<meta property=\"og:title\" content=\"Ba\u0144ka wielopoziomowa do samodzielnego sklejenia - Jelenie\" \/>\n<meta property=\"og:description\" content=\"Bombka choinkowa wz. 07 ze stylizowan\u0105 \u015bnie\u017cynk\u0105 jest ekologiczna, drewniana i niet\u0142uk\u0105ca si\u0119! Jej oryginalny kszta\u0142t oraz wyj\u0105tkowy wz\u00f3r z powodzeniem ozdobi\u0105 Twoje drzewko bo\u017conarodzeniowe i nadadz\u0105 wyj\u0105tkowego charakteru otoczeniu.\" \/>\n<meta property=\"og:url\" content=\"https:\/\/fundacjaprzyjdz.pl\/sklep\/produkt\/banka-wielopoziomowa-do-samodzielnego-sklejenia-jelenie\/\" \/>\n<meta property=\"og:site_name\" content=\"Sklep Fundacji Przyjd\u017a\" \/>\n<meta property=\"article:publisher\" content=\"https:\/\/www.facebook.com\/fundacjaprzyjdz\/\" \/>\n<meta property=\"article:modified_time\" content=\"2024-08-19T05:20:57+00:00\" \/>\n<meta property=\"og:image\" content=\"https:\/\/fundacjaprzyjdz.pl\/sklep\/wp-content\/uploads\/2024\/08\/banka-wielopoziomowa-do-zawieszenia01.jpg\" \/>\n\t<meta property=\"og:image:width\" content=\"800\" \/>\n\t<meta property=\"og:image:height\" content=\"800\" \/>\n\t<meta property=\"og:image:type\" content=\"image\/jpeg\" \/>\n<meta name=\"twitter:card\" content=\"summary_large_image\" \/>\n<meta name=\"twitter:label1\" content=\"Cena\" \/>\n\t<meta name=\"twitter:data1\" content=\"15,00&nbsp;&#122;&#322;\" \/>\n\t<meta name=\"twitter:label2\" content=\"Availability\" \/>\n\t<meta name=\"twitter:data2\" content=\"In stock\" \/>\n<script type=\"application\/ld+json\" class=\"yoast-schema-graph\">{\"@context\":\"https:\/\/schema.org\",\"@graph\":[{\"@type\":\"WebPage\",\"@id\":\"https:\/\/fundacjaprzyjdz.pl\/sklep\/produkt\/banka-wielopoziomowa-do-samodzielnego-sklejenia-jelenie\/\",\"url\":\"https:\/\/fundacjaprzyjdz.pl\/sklep\/produkt\/banka-wielopoziomowa-do-samodzielnego-sklejenia-jelenie\/\",\"name\":\"Ba\u0144ka wielopoziomowa do samodzielnego sklejenia - Jelenie - Sklep Fundacji Przyjd\u017a\",\"isPartOf\":{\"@id\":\"https:\/\/fundacjaprzyjdz.pl\/sklep\/#website\"},\"primaryImageOfPage\":{\"@id\":\"https:\/\/fundacjaprzyjdz.pl\/sklep\/produkt\/banka-wielopoziomowa-do-samodzielnego-sklejenia-jelenie\/#primaryimage\"},\"image\":{\"@id\":\"https:\/\/fundacjaprzyjdz.pl\/sklep\/produkt\/banka-wielopoziomowa-do-samodzielnego-sklejenia-jelenie\/#primaryimage\"},\"thumbnailUrl\":\"https:\/\/fundacjaprzyjdz.pl\/sklep\/wp-content\/uploads\/2024\/08\/banka-wielopoziomowa-do-zawieszenia01.jpg\",\"datePublished\":\"2024-08-13T07:43:22+00:00\",\"dateModified\":\"2024-08-19T05:20:57+00:00\",\"breadcrumb\":{\"@id\":\"https:\/\/fundacjaprzyjdz.pl\/sklep\/produkt\/banka-wielopoziomowa-do-samodzielnego-sklejenia-jelenie\/#breadcrumb\"},\"inLanguage\":\"pl-PL\",\"potentialAction\":[{\"@type\":\"ReadAction\",\"target\":[\"https:\/\/fundacjaprzyjdz.pl\/sklep\/produkt\/banka-wielopoziomowa-do-samodzielnego-sklejenia-jelenie\/\"]}]},{\"@type\":\"ImageObject\",\"inLanguage\":\"pl-PL\",\"@id\":\"https:\/\/fundacjaprzyjdz.pl\/sklep\/produkt\/banka-wielopoziomowa-do-samodzielnego-sklejenia-jelenie\/#primaryimage\",\"url\":\"https:\/\/fundacjaprzyjdz.pl\/sklep\/wp-content\/uploads\/2024\/08\/banka-wielopoziomowa-do-zawieszenia01.jpg\",\"contentUrl\":\"https:\/\/fundacjaprzyjdz.pl\/sklep\/wp-content\/uploads\/2024\/08\/banka-wielopoziomowa-do-zawieszenia01.jpg\",\"width\":800,\"height\":800},{\"@type\":\"BreadcrumbList\",\"@id\":\"https:\/\/fundacjaprzyjdz.pl\/sklep\/produkt\/banka-wielopoziomowa-do-samodzielnego-sklejenia-jelenie\/#breadcrumb\",\"itemListElement\":[{\"@type\":\"ListItem\",\"position\":1,\"name\":\"Strona g\u0142\u00f3wna\",\"item\":\"https:\/\/fundacjaprzyjdz.pl\/sklep\/\"},{\"@type\":\"ListItem\",\"position\":2,\"name\":\"Wszystkie produkty\",\"item\":\"https:\/\/fundacjaprzyjdz.pl\/sklep\/wszystkie-produkty\/\"},{\"@type\":\"ListItem\",\"position\":3,\"name\":\"Ba\u0144ka wielopoziomowa do&nbsp;samodzielnego sklejenia - Jelenie\"}]},{\"@type\":\"WebSite\",\"@id\":\"https:\/\/fundacjaprzyjdz.pl\/sklep\/#website\",\"url\":\"https:\/\/fundacjaprzyjdz.pl\/sklep\/\",\"name\":\"Sklep Fundacji Przyjd\u017a\",\"description\":\"Ozdoby z drewna i nie tylko\",\"publisher\":{\"@id\":\"https:\/\/fundacjaprzyjdz.pl\/sklep\/#organization\"},\"potentialAction\":[{\"@type\":\"SearchAction\",\"target\":{\"@type\":\"EntryPoint\",\"urlTemplate\":\"https:\/\/fundacjaprzyjdz.pl\/sklep\/?s={search_term_string}\"},\"query-input\":{\"@type\":\"PropertyValueSpecification\",\"valueRequired\":true,\"valueName\":\"search_term_string\"}}],\"inLanguage\":\"pl-PL\"},{\"@type\":\"Organization\",\"@id\":\"https:\/\/fundacjaprzyjdz.pl\/sklep\/#organization\",\"name\":\"Sklep Fundacji \\\"Przyjd\u017a\\\"\",\"url\":\"https:\/\/fundacjaprzyjdz.pl\/sklep\/\",\"logo\":{\"@type\":\"ImageObject\",\"inLanguage\":\"pl-PL\",\"@id\":\"https:\/\/fundacjaprzyjdz.pl\/sklep\/#\/schema\/logo\/image\/\",\"url\":\"https:\/\/fundacjaprzyjdz.pl\/sklep\/wp-content\/uploads\/2021\/12\/FavIco.jpg\",\"contentUrl\":\"https:\/\/fundacjaprzyjdz.pl\/sklep\/wp-content\/uploads\/2021\/12\/FavIco.jpg\",\"width\":512,\"height\":512,\"caption\":\"Sklep Fundacji \\\"Przyjd\u017a\\\"\"},\"image\":{\"@id\":\"https:\/\/fundacjaprzyjdz.pl\/sklep\/#\/schema\/logo\/image\/\"},\"sameAs\":[\"https:\/\/www.facebook.com\/fundacjaprzyjdz\/\",\"https:\/\/www.instagram.com\/fundacja.przyjdz\/\"]}]}<\/script>\n<meta property=\"product:price:amount\" content=\"15.00\" \/>\n<meta property=\"product:price:currency\" content=\"PLN\" \/>\n<meta property=\"og:availability\" content=\"instock\" \/>\n<meta property=\"product:availability\" content=\"instock\" \/>\n<meta property=\"product:condition\" content=\"new\" \/>\n<!-- \/ Yoast SEO Premium plugin. -->","yoast_head_json":{"title":"Ba\u0144ka wielopoziomowa do samodzielnego sklejenia - Jelenie - Sklep Fundacji Przyjd\u017a","robots":{"index":"index","follow":"follow","max-snippet":"max-snippet:-1","max-image-preview":"max-image-preview:large","max-video-preview":"max-video-preview:-1"},"canonical":"https:\/\/fundacjaprzyjdz.pl\/sklep\/produkt\/banka-wielopoziomowa-do-samodzielnego-sklejenia-jelenie\/","og_locale":"pl_PL","og_type":"article","og_title":"Ba\u0144ka wielopoziomowa do samodzielnego sklejenia - Jelenie","og_description":"Bombka choinkowa wz. 07 ze stylizowan\u0105 \u015bnie\u017cynk\u0105 jest ekologiczna, drewniana i niet\u0142uk\u0105ca si\u0119! Jej oryginalny kszta\u0142t oraz wyj\u0105tkowy wz\u00f3r z powodzeniem ozdobi\u0105 Twoje drzewko bo\u017conarodzeniowe i nadadz\u0105 wyj\u0105tkowego charakteru otoczeniu.","og_url":"https:\/\/fundacjaprzyjdz.pl\/sklep\/produkt\/banka-wielopoziomowa-do-samodzielnego-sklejenia-jelenie\/","og_site_name":"Sklep Fundacji Przyjd\u017a","article_publisher":"https:\/\/www.facebook.com\/fundacjaprzyjdz\/","article_modified_time":"2024-08-19T05:20:57+00:00","og_image":[{"width":800,"height":800,"url":"https:\/\/fundacjaprzyjdz.pl\/sklep\/wp-content\/uploads\/2024\/08\/banka-wielopoziomowa-do-zawieszenia01.jpg","type":"image\/jpeg"}],"twitter_card":"summary_large_image","twitter_misc":{"Cena":"15,00&nbsp;&#122;&#322;","Availability":"In stock"},"schema":{"@context":"https:\/\/schema.org","@graph":[{"@type":"WebPage","@id":"https:\/\/fundacjaprzyjdz.pl\/sklep\/produkt\/banka-wielopoziomowa-do-samodzielnego-sklejenia-jelenie\/","url":"https:\/\/fundacjaprzyjdz.pl\/sklep\/produkt\/banka-wielopoziomowa-do-samodzielnego-sklejenia-jelenie\/","name":"Ba\u0144ka wielopoziomowa do samodzielnego sklejenia - Jelenie - Sklep Fundacji Przyjd\u017a","isPartOf":{"@id":"https:\/\/fundacjaprzyjdz.pl\/sklep\/#website"},"primaryImageOfPage":{"@id":"https:\/\/fundacjaprzyjdz.pl\/sklep\/produkt\/banka-wielopoziomowa-do-samodzielnego-sklejenia-jelenie\/#primaryimage"},"image":{"@id":"https:\/\/fundacjaprzyjdz.pl\/sklep\/produkt\/banka-wielopoziomowa-do-samodzielnego-sklejenia-jelenie\/#primaryimage"},"thumbnailUrl":"https:\/\/fundacjaprzyjdz.pl\/sklep\/wp-content\/uploads\/2024\/08\/banka-wielopoziomowa-do-zawieszenia01.jpg","datePublished":"2024-08-13T07:43:22+00:00","dateModified":"2024-08-19T05:20:57+00:00","breadcrumb":{"@id":"https:\/\/fundacjaprzyjdz.pl\/sklep\/produkt\/banka-wielopoziomowa-do-samodzielnego-sklejenia-jelenie\/#breadcrumb"},"inLanguage":"pl-PL","potentialAction":[{"@type":"ReadAction","target":["https:\/\/fundacjaprzyjdz.pl\/sklep\/produkt\/banka-wielopoziomowa-do-samodzielnego-sklejenia-jelenie\/"]}]},{"@type":"ImageObject","inLanguage":"pl-PL","@id":"https:\/\/fundacjaprzyjdz.pl\/sklep\/produkt\/banka-wielopoziomowa-do-samodzielnego-sklejenia-jelenie\/#primaryimage","url":"https:\/\/fundacjaprzyjdz.pl\/sklep\/wp-content\/uploads\/2024\/08\/banka-wielopoziomowa-do-zawieszenia01.jpg","contentUrl":"https:\/\/fundacjaprzyjdz.pl\/sklep\/wp-content\/uploads\/2024\/08\/banka-wielopoziomowa-do-zawieszenia01.jpg","width":800,"height":800},{"@type":"BreadcrumbList","@id":"https:\/\/fundacjaprzyjdz.pl\/sklep\/produkt\/banka-wielopoziomowa-do-samodzielnego-sklejenia-jelenie\/#breadcrumb","itemListElement":[{"@type":"ListItem","position":1,"name":"Strona g\u0142\u00f3wna","item":"https:\/\/fundacjaprzyjdz.pl\/sklep\/"},{"@type":"ListItem","position":2,"name":"Wszystkie produkty","item":"https:\/\/fundacjaprzyjdz.pl\/sklep\/wszystkie-produkty\/"},{"@type":"ListItem","position":3,"name":"Ba\u0144ka wielopoziomowa do&nbsp;samodzielnego sklejenia - Jelenie"}]},{"@type":"WebSite","@id":"https:\/\/fundacjaprzyjdz.pl\/sklep\/#website","url":"https:\/\/fundacjaprzyjdz.pl\/sklep\/","name":"Sklep Fundacji Przyjd\u017a","description":"Ozdoby z drewna i nie tylko","publisher":{"@id":"https:\/\/fundacjaprzyjdz.pl\/sklep\/#organization"},"potentialAction":[{"@type":"SearchAction","target":{"@type":"EntryPoint","urlTemplate":"https:\/\/fundacjaprzyjdz.pl\/sklep\/?s={search_term_string}"},"query-input":{"@type":"PropertyValueSpecification","valueRequired":true,"valueName":"search_term_string"}}],"inLanguage":"pl-PL"},{"@type":"Organization","@id":"https:\/\/fundacjaprzyjdz.pl\/sklep\/#organization","name":"Sklep Fundacji \"Przyjd\u017a\"","url":"https:\/\/fundacjaprzyjdz.pl\/sklep\/","logo":{"@type":"ImageObject","inLanguage":"pl-PL","@id":"https:\/\/fundacjaprzyjdz.pl\/sklep\/#\/schema\/logo\/image\/","url":"https:\/\/fundacjaprzyjdz.pl\/sklep\/wp-content\/uploads\/2021\/12\/FavIco.jpg","contentUrl":"https:\/\/fundacjaprzyjdz.pl\/sklep\/wp-content\/uploads\/2021\/12\/FavIco.jpg","width":512,"height":512,"caption":"Sklep Fundacji \"Przyjd\u017a\""},"image":{"@id":"https:\/\/fundacjaprzyjdz.pl\/sklep\/#\/schema\/logo\/image\/"},"sameAs":["https:\/\/www.facebook.com\/fundacjaprzyjdz\/","https:\/\/www.instagram.com\/fundacja.przyjdz\/"]}]},"product_price_amount":"15.00","product_price_currency":"PLN","og_availability":"instock","product_availability":"instock","product_condition":"new"},"_links":{"self":[{"href":"https:\/\/fundacjaprzyjdz.pl\/sklep\/wp-json\/wp\/v2\/product\/10088","targetHints":{"allow":["GET"]}}],"collection":[{"href":"https:\/\/fundacjaprzyjdz.pl\/sklep\/wp-json\/wp\/v2\/product"}],"about":[{"href":"https:\/\/fundacjaprzyjdz.pl\/sklep\/wp-json\/wp\/v2\/types\/product"}],"replies":[{"embeddable":true,"href":"https:\/\/fundacjaprzyjdz.pl\/sklep\/wp-json\/wp\/v2\/comments?post=10088"}],"wp:featuredmedia":[{"embeddable":true,"href":"https:\/\/fundacjaprzyjdz.pl\/sklep\/wp-json\/wp\/v2\/media\/10091"}],"wp:attachment":[{"href":"https:\/\/fundacjaprzyjdz.pl\/sklep\/wp-json\/wp\/v2\/media?parent=10088"}],"wp:term":[{"taxonomy":"product_brand","embeddable":true,"href":"https:\/\/fundacjaprzyjdz.pl\/sklep\/wp-json\/wp\/v2\/product_brand?post=10088"},{"taxonomy":"product_cat","embeddable":true,"href":"https:\/\/fundacjaprzyjdz.pl\/sklep\/wp-json\/wp\/v2\/product_cat?post=10088"},{"taxonomy":"product_tag","embeddable":true,"href":"https:\/\/fundacjaprzyjdz.pl\/sklep\/wp-json\/wp\/v2\/product_tag?post=10088"}],"curies":[{"name":"wp","href":"https:\/\/api.w.org\/{rel}","templated":true}]}}